{"id":14924,"date":"2024-06-25T04:25:59","date_gmt":"2024-06-25T04:25:59","guid":{"rendered":"https:\/\/www.mandeville.com.hk\/portugal-start-up-visa-program\/"},"modified":"2025-02-05T02:24:26","modified_gmt":"2025-02-05T02:24:26","slug":"portugal-start-up-visa-program","status":"publish","type":"page","link":"https:\/\/www.mandeville.com.hk\/fr\/portugal-start-up-visa-program\/","title":{"rendered":"Programme de Visa pour D\u00e9marrage d\u2019Entreprises"},"content":{"rendered":"<div class=\"wpb-content-wrapper\"><p>[vc_row parallax_image_attachment=\u00a0\u00bbinherit\u00a0\u00bb][vc_column][vc_empty_space height=\u00a0\u00bb60px\u00a0\u00bb]\n\t\t\t<!-- START Portugal SUV (FR) REVOLUTION SLIDER 6.2.22 --><p class=\"rs-p-wp-fix\"><\/p>\n\t\t\t<rs-module-wrap id=\"rev_slider_25_1_wrapper\" data-source=\"gallery\" style=\"background:transparent;padding:0;margin:0px auto;margin-top:0;margin-bottom:0;\">\n\t\t\t\t<rs-module id=\"rev_slider_25_1\" style=\"\" data-version=\"6.2.22\">\n\t\t\t\t\t<rs-slides>\n\t\t\t\t\t\t<rs-slide data-key=\"rs-40\" data-title=\"Slide\" data-anim=\"ei:d;eo:d;s:1000;r:0;t:fade;sl:0;\">\n\t\t\t\t\t\t\t<img loading=\"lazy\" decoding=\"async\" src=\"\/\/mandeville.com.hk\/wp-content\/uploads\/2024\/06\/Portugal-pic-7-scaled-e1719287290341.jpg\" title=\"Portugal pic (7)\" width=\"2560\" height=\"1452\" class=\"rev-slidebg\" data-no-retina>\n<!--\n\t\t\t\t\t\t\t--><rs-layer\n\t\t\t\t\t\t\t\tid=\"slider-25-slide-40-layer-1\" \n\t\t\t\t\t\t\t\tdata-type=\"text\"\n\t\t\t\t\t\t\t\tdata-color=\"#ffffff\"\n\t\t\t\t\t\t\t\tdata-rsp_ch=\"on\"\n\t\t\t\t\t\t\t\tdata-xy=\"x:c;xo:-13px;y:c;yo:-56px;\"\n\t\t\t\t\t\t\t\tdata-text=\"w:nowrap;s:32;l:145;fw:500;a:center;\"\n\t\t\t\t\t\t\t\tdata-frame_999=\"o:0;st:w;\"\n\t\t\t\t\t\t\t\tstyle=\"z-index:9;background-color:rgba(131,185,193,0.05);font-family:Roboto;\"\n\t\t\t\t\t\t\t><br \/>\nProgramme de Visa Portugais de R\u00e9sidence pour D\u00e9marrage d\u2019Entreprise \n\t\t\t\t\t\t\t<\/rs-layer><!--\n\n\t\t\t\t\t\t\t--><rs-layer\n\t\t\t\t\t\t\t\tid=\"slider-25-slide-40-layer-2\" \n\t\t\t\t\t\t\t\tdata-type=\"shape\"\n\t\t\t\t\t\t\t\tdata-rsp_ch=\"on\"\n\t\t\t\t\t\t\t\tdata-xy=\"x:77px;y:175px;\"\n\t\t\t\t\t\t\t\tdata-text=\"w:normal;\"\n\t\t\t\t\t\t\t\tdata-dim=\"w:1058.98px;h:79px;\"\n\t\t\t\t\t\t\t\tdata-frame_999=\"o:0;st:w;\"\n\t\t\t\t\t\t\t\tstyle=\"z-index:8;background-color:rgba(0,0,0,0.22);\"\n\t\t\t\t\t\t\t> \n\t\t\t\t\t\t\t<\/rs-layer><!--\n-->\t\t\t\t\t\t<\/rs-slide>\n\t\t\t\t\t<\/rs-slides>\n\t\t\t\t<\/rs-module>\n\t\t\t\t<script type=\"text\/javascript\">\n\t\t\t\t\tsetREVStartSize({c: 'rev_slider_25_1',rl:[1240,1024,778,480],el:[400],gw:[1240],gh:[400],type:'standard',justify:'',layout:'fullwidth',mh:\"0\"});\n\t\t\t\t\tvar\trevapi25,\n\t\t\t\t\t\ttpj;\n\t\t\t\t\tfunction revinit_revslider251() {\n\t\t\t\t\tjQuery(function() {\n\t\t\t\t\t\ttpj = jQuery;\n\t\t\t\t\t\trevapi25 = tpj(\"#rev_slider_25_1\");\n\t\t\t\t\t\tif(revapi25==undefined || revapi25.revolution == undefined){\n\t\t\t\t\t\t\trevslider_showDoubleJqueryError(\"rev_slider_25_1\");\n\t\t\t\t\t\t}else{\n\t\t\t\t\t\t\trevapi25.revolution({\n\t\t\t\t\t\t\t\tsliderLayout:\"fullwidth\",\n\t\t\t\t\t\t\t\tvisibilityLevels:\"1240,1024,778,480\",\n\t\t\t\t\t\t\t\tgridwidth:1240,\n\t\t\t\t\t\t\t\tgridheight:400,\n\t\t\t\t\t\t\t\tspinner:\"spinner0\",\n\t\t\t\t\t\t\t\tperspective:600,\n\t\t\t\t\t\t\t\tperspectiveType:\"global\",\n\t\t\t\t\t\t\t\teditorheight:\"400,768,960,720\",\n\t\t\t\t\t\t\t\tresponsiveLevels:\"1240,1024,778,480\",\n\t\t\t\t\t\t\t\tprogressBar:{disableProgressBar:true},\n\t\t\t\t\t\t\t\tnavigation: {\n\t\t\t\t\t\t\t\t\tonHoverStop:false\n\t\t\t\t\t\t\t\t},\n\t\t\t\t\t\t\t\tfallbacks: {\n\t\t\t\t\t\t\t\t\tallowHTML5AutoPlayOnAndroid:true\n\t\t\t\t\t\t\t\t},\n\t\t\t\t\t\t\t});\n\t\t\t\t\t\t}\n\t\t\t\t\t\t\n\t\t\t\t\t});\n\t\t\t\t\t} \/\/ End of RevInitScript\n\t\t\t\tvar once_revslider251 = false;\n\t\t\t\tif (document.readyState === \"loading\") {document.addEventListener('readystatechange',function() { if((document.readyState === \"interactive\" || document.readyState === \"complete\") && !once_revslider251 ) { once_revslider251 = true; revinit_revslider251();}});} else {once_revslider251 = true; revinit_revslider251();}\n\t\t\t\t<\/script>\n\t\t\t<\/rs-module-wrap>\n\t\t\t<!-- END REVOLUTION SLIDER -->\n[vc_empty_space height=\u00a0\u00bb20px\u00a0\u00bb][\/vc_column][\/vc_row][vc_row content_placement=\u00a0\u00bbtop\u00a0\u00bb parallax_image_attachment=\u00a0\u00bbinherit\u00a0\u00bb][vc_column width=\u00a0\u00bb2\/3&Prime;][vc_empty_space height=\u00a0\u00bb20px\u00a0\u00bb][vc_row_inner parallax_image_attachment=\u00a0\u00bbinherit\u00a0\u00bb][vc_column_inner][vc_column_text css=\u00a0\u00bb\u00a0\u00bb]<\/p>\n<h3><\/h3>\n<h3><\/h3>\n<h3><span style=\"color: #757575;\">PROGRAMME PORTUGAIS DE VISA DE R\u00c9SIDENCE POUR D\u00c9MARRAGE D\u2019ENTREPRISES<\/span><\/h3>\n<p>&nbsp;<\/p>\n<p>Situ\u00e9 dans le sud-ouest de l&rsquo;Europe, ce pays est connu pour sa riche histoire, sa culture dynamique et ses paysages \u00e9poustouflants. Membre de l&rsquo;Union europ\u00e9enne et de l&rsquo;espace Schengen, le Portugal offre un niveau de vie \u00e9lev\u00e9, des soins de sant\u00e9 de qualit\u00e9 et diverses possibilit\u00e9s d&rsquo;\u00e9ducation. B\u00e9n\u00e9ficiant d&rsquo;un climat m\u00e9diterran\u00e9en chaud, le pays est une destination attrayante pour ceux qui recherchent un mode de vie agr\u00e9able et \u00e9quilibr\u00e9.<\/p>\n<p>Les Portugais sont connus pour leur hospitalit\u00e9 et leur gentillesse, ce qui permet aux nouveaux arrivants de se sentir rapidement chez eux. Le pays est \u00e9galement reconnu pour sa s\u00e9curit\u00e9, sa stabilit\u00e9 politique et son \u00e9conomie en pleine croissance qui offre de nombreuses opportunit\u00e9s aux professionnels, aux entrepreneurs et aux familles.<\/p>\n<p><strong>Le visa de r\u00e9sidence pour d\u00e9marrage d\u2019entreprise<\/strong> est un visa de s\u00e9jour destin\u00e9 aux entrepreneurs, qui vise \u00e0 attirer les investissements, les talents et la capacit\u00e9 d&rsquo;innovation au Portugal. Les entrepreneurs du monde entier qui souhaitent cr\u00e9er une entreprise innovante pourront rapidement obtenir un visa de r\u00e9sidence leur permettant de lancer une startup au Portugal.<\/p>\n<p>&nbsp;<\/p>\n<p style=\"text-align: left;\"><strong>Pour en b\u00e9n\u00e9ficier, le demandeur doit<\/strong><\/p>\n<ol>\n<li>Etre \u00e2g\u00e9 d&rsquo;au moins 18 ans ;<\/li>\n<li>Ne pas avoir de casier judiciaire ;<\/li>\n<li>Lancer une entreprise ax\u00e9e sur une technologie innovante, \u00e9volutive et susceptible de cr\u00e9er des emplois et des retomb\u00e9es \u00e9conomiques au Portugal ;<\/li>\n<li>Disposer de fonds suffisants pour subvenir \u00e0 ses propres besoins et \u00e0 ceux de l&rsquo;entreprise au Portugal.<\/li>\n<\/ol>\n<p>&nbsp;<\/p>\n<p>Le candidat s\u00e9lectionn\u00e9 et les membres de sa famille obtiendront un permis de s\u00e9jour portugais dans un d\u00e9lai de six \u00e0 dix mois seulement, leur permettant ainsi de s&rsquo;installer au Portugal.<\/p>\n<p>Les candidats peuvent demander la citoyennet\u00e9 europ\u00e9enne ou la r\u00e9sidence permanente cinq ans apr\u00e8s l&rsquo;obtention du permis de s\u00e9jour.[\/vc_column_text][\/vc_column_inner][vc_column_inner][\/vc_column_inner][\/vc_row_inner][\/vc_column][vc_column width=\u00a0\u00bb1\/3&Prime; el_class=\u00a0\u00bbwhiteText mobileBoxFix\u00a0\u00bb][vc_empty_space][vc_single_image source=\u00a0\u00bbmedia_library\u00a0\u00bb image=\u00a0\u00bb14018&Prime; img_size=\u00a0\u00bbmedium\u00a0\u00bb css=\u00a0\u00bb.vc_custom_1719284928405{padding-top: 20px !important;padding-bottom: 20px !important;}\u00a0\u00bb][vc_row_inner parallax_image_attachment=\u00a0\u00bbinherit\u00a0\u00bb][vc_column_inner][vc_column_text css=\u00a0\u00bb.vc_custom_1738655916450{padding-left: 25% !important;}\u00a0\u00bb]<\/p>\n<p class=\"country_data\">POPULATION (2023)<\/p>\n<p class=\"greyBodyText\">10,639,726<\/p>\n<p class=\"country_data\">VILLES PRINCIPALES<\/p>\n<p class=\"greyBodyText\">Lisbonne<\/p>\n<p class=\"greyBodyText\">Porto<\/p>\n<p class=\"greyBodyText\">Funchal<\/p>\n<p class=\"greyBodyText\">Amadora<\/p>\n<p class=\"greyBodyText\">Entroncamento<\/p>\n<p class=\"country_data\">INDUSTRIES PRINCIPALES<\/p>\n<p class=\"greyBodyText\">Textiles, produits chimiques, fabrication de pi\u00e8ces automobiles, m\u00e9taux de base, verrerie, technologie, t\u00e9l\u00e9communications, construction et r\u00e9novation de navires, tourisme<\/p>\n<p>[\/vc_column_text][\/vc_column_inner][\/vc_row_inner][\/vc_column][\/vc_row][vc_row parallax_image_attachment=\u00a0\u00bbinherit\u00a0\u00bb][vc_column][vc_empty_space][vc_single_image custom_src=\u00a0\u00bbhttps:\/\/mandeville.com.hk\/wp-content\/uploads\/2024\/06\/Portugal-pic-3-scaled-e1719213780382.jpg\u00a0\u00bb alignment=\u00a0\u00bbcenter\u00a0\u00bb][vc_empty_space][vc_row_inner parallax_image_attachment=\u00a0\u00bbinherit\u00a0\u00bb][vc_column_inner width=\u00a0\u00bb1\/2&Prime;][vc_btn title=\u00a0\u00bbDemande concernant le Portugal\u00a0\u00bb align=\u00a0\u00bbcenter\u00a0\u00bb css=\u00a0\u00bb\u00a0\u00bb][\/vc_column_inner][vc_column_inner width=\u00a0\u00bb1\/2&Prime;][vc_btn title=\u00a0\u00bbCommuniquez avec nous\u00a0\u00bb align=\u00a0\u00bbcenter\u00a0\u00bb css=\u00a0\u00bb\u00a0\u00bb][\/vc_column_inner][\/vc_row_inner][\/vc_column][\/vc_row][vc_row parallax_image_attachment=\u00a0\u00bbinherit\u00a0\u00bb][vc_column][vc_basic_grid post_type=\u00a0\u00bbpost\u00a0\u00bb max_items=\u00a0\u00bb4&Prime; element_width=\u00a0\u00bb3&Prime; item=\u00a0\u00bb11676&Prime; grid_id=\u00a0\u00bbvc_gid:1738722215817-10b391d8-cd77-1&Prime; taxonomies=\u00a0\u00bb35&Prime; el_class=\u00a0\u00bbblogPostsBtn equalHeight\u00a0\u00bb][\/vc_column][\/vc_row][vc_row parallax_image_attachment=\u00a0\u00bbinherit\u00a0\u00bb][vc_column][vc_empty_space][\/vc_column][\/vc_row][vc_row full_width=\u00a0\u00bbstretch_row\u00a0\u00bb equal_height=\u00a0\u00bbyes\u00a0\u00bb enable_inner=\u00a0\u00bbyes\u00a0\u00bb parallax_image_attachment=\u00a0\u00bbinherit\u00a0\u00bb][vc_column width=\u00a0\u00bb1\/3&Prime; offset=\u00a0\u00bbvc_hidden-xs\u00a0\u00bb][vc_single_image custom_src=\u00a0\u00bbhttps:\/\/mandeville.com.hk\/wp-content\/uploads\/2020\/10\/MandevilleAssociates_logo.png\u00a0\u00bb external_img_size=\u00a0\u00bbmedium\u00a0\u00bb][vc_empty_space][vc_column_text css=\u00a0\u00bb\u00a0\u00bb]Depuis 1986, M. Fran\u00e7ois Mandeville, fondateur et associ\u00e9 directeur de Mandeville &amp; Associ\u00e9s, accompagne les gens d&rsquo;affaires dans leur d\u00e9marche d&rsquo;immigration via les programmes de r\u00e9sidence par investissement. Gr\u00e2ce \u00e0 son expertise et \u00e0 sa vaste exp\u00e9rience, le cabinet Mandeville &amp; Associ\u00e9s est devenu un acteur incontournable dans ce domaine et est reconnu pour son excellence et sa r\u00e9putation irr\u00e9prochable.[\/vc_column_text][vc_empty_space][\/vc_column][vc_column width=\u00a0\u00bb1\/3&Prime; el_class=\u00a0\u00bbmiddleColAlign\u00a0\u00bb][vc_empty_space][vc_wp_custommenu nav_menu=\u00a0\u00bb28&Prime; el_class=\u00a0\u00bbforceFontSize\u00a0\u00bb][\/vc_column][vc_column width=\u00a0\u00bb1\/3&Prime; el_class=\u00a0\u00bbrightColAlign\u00a0\u00bb][vc_empty_space][vc_row_inner parallax_image_attachment=\u00a0\u00bbinherit\u00a0\u00bb margin_bottom=\u00a0\u00bbmb-0&Prime;][vc_column_inner][vc_column_text css=\u00a0\u00bb\u00a0\u00bb el_class=\u00a0\u00bbmobileFooterContactFix\u00a0\u00bb]<span class=\"fa fa-map-marker\">\u00a0<\/span><a href=\"https:\/\/goo.gl\/maps\/jX3KcxCD4xRaHhAV6\">Suite 902 Winsome House, 71-73 Wyndham Street<br \/>\nCentral, Hong Kong SAR<\/a><\/p>\n<p><span class=\"fa fa-phone\">\u00a0<\/span><a href=\"tel:+85228770111\">+852-2877-0111<\/a><\/p>\n<p><span class=\"fa fa-fax\">\u00a0<\/span><a href=\"tel:+85228770111\">+852-2542-4409<\/a><\/p>\n<p><span class=\"fa fa-envelope\">\u00a0<\/span><a href=\"mailto: enquiry@mandeville.com.hk\">enquiry@mandeville.com.hk<\/a>[\/vc_column_text][vc_empty_space height=\u00a0\u00bb20px\u00a0\u00bb][\/vc_column_inner][\/vc_row_inner][vc_raw_html el_class=\u00a0\u00bbsocialAlign\u00a0\u00bb]JTNDYSUyMGhyZWYlM0QlMjJodHRwcyUzQSUyRiUyRnd3dy5mYWNlYm9vay5jb20lMkZtYW5kZXZpbGxlLmFzc29jaWF0ZXMlMkYlMjIlMjB0YXJnZXQlM0QlMjJfYmxhbmslMjIlM0UlM0NpJTIwY2xhc3MlM0QlMjJmYSUyMGZhLWZhY2Vib29rJTIyJTNFJTNDJTJGaSUzRSUzQyUyRmElM0UlMEElM0NhJTIwaHJlZiUzRCUyMmh0dHBzJTNBJTJGJTJGd3d3LmxpbmtlZGluLmNvbSUyRmNvbXBhbnklMkZtYW5kZXZpbGxlLSUyNi1hc3NvY2lhdGVzLWx0ZC4lMjIlMjB0YXJnZXQlM0QlMjJfYmxhbmslMjIlM0UlM0NpJTIwY2xhc3MlM0QlMjJmYSUyMGZhLWxpbmtlZGluJTIyJTIwc3R5bGUlM0QlMjJtYXJnaW4tbGVmdCUzQTI1cHglM0IlMjIlM0UlM0MlMkZpJTNFJTNDJTJGYSUzRQ==[\/vc_raw_html][\/vc_column][\/vc_row][vc_row][vc_column][\/vc_column][\/vc_row][vc_row][vc_column][vc_raw_js]JTNDc2NyaXB0JTNFJTIwJTBBJTBBdmFyJTIwZWxlbXMlMjAlM0QlMjBkb2N1bWVudC5xdWVyeVNlbGVjdG9yQWxsJTI4JTIyLnNob3clMjIlMjklM0IlMEElMEElNUIlNUQuZm9yRWFjaC5jYWxsJTI4ZWxlbXMlMkMlMjBmdW5jdGlvbiUyOGVsJTI5JTIwJTdCJTBBJTIwJTIwJTIwJTIwZWwuY2xhc3NMaXN0LnJlbW92ZSUyOCUyMnNob3clMjIlMjklM0IlMEElN0QlMjklM0IlMEElMEElMEElM0MlMkZzY3JpcHQlM0U=[\/vc_raw_js][\/vc_column][\/vc_row]<\/p>\n<\/div>","protected":false},"excerpt":{"rendered":"<p>[vc_row parallax_image_attachment=\u00a0\u00bbinherit\u00a0\u00bb][vc_column][vc_empty_space height=\u00a0\u00bb60px\u00a0\u00bb][vc_empty_space height=\u00a0\u00bb20px\u00a0\u00bb][\/vc_column][\/vc_row][vc_row content_placement=\u00a0\u00bbtop\u00a0\u00bb parallax_image_attachment=\u00a0\u00bbinherit\u00a0\u00bb][vc_column width=\u00a0\u00bb2\/3&Prime;][vc_empty_space height=\u00a0\u00bb20px\u00a0\u00bb][vc_row_inner parallax_image_attachment=\u00a0\u00bbinherit\u00a0\u00bb][vc_column_inner][vc_column_text css=\u00a0\u00bb\u00a0\u00bb] PROGRAMME PORTUGAIS DE VISA DE R\u00c9SIDENCE POUR D\u00c9MARRAGE D\u2019ENTREPRISES &nbsp; Situ\u00e9 dans le sud-ouest de l&rsquo;Europe, ce pays est connu pour sa riche histoire, sa culture dynamique et ses paysages&#8230;<\/p>\n","protected":false},"author":4,"featured_media":14882,"parent":0,"menu_order":0,"comment_status":"closed","ping_status":"closed","template":"","meta":{"footnotes":""},"class_list":["post-14924","page","type-page","status-publish","has-post-thumbnail","hentry"],"yoast_head":"<!-- This site is optimized with the Yoast SEO plugin v27.5 - https:\/\/yoast.com\/product\/yoast-seo-wordpress\/ -->\n<title>Portugal Start Up Visa Program| Mandeville &amp; Associates<\/title>\n<meta name=\"description\" content=\"Startup Visa is a residence visa for entrepreneurs, which aims to attract investment, talent and capacity for innovation to Portugal.\" \/>\n<meta name=\"robots\" content=\"index, follow, max-snippet:-1, max-image-preview:large, max-video-preview:-1\" \/>\n<link rel=\"canonical\" href=\"https:\/\/www.mandeville.com.hk\/fr\/portugal-start-up-visa-program\/\" \/>\n<meta property=\"og:locale\" content=\"fr_FR\" \/>\n<meta property=\"og:type\" content=\"article\" \/>\n<meta property=\"og:title\" content=\"Portugal Start Up Visa Program| Mandeville &amp; Associates\" \/>\n<meta property=\"og:description\" content=\"Startup Visa is a residence visa for entrepreneurs, which aims to attract investment, talent and capacity for innovation to Portugal.\" \/>\n<meta property=\"og:url\" content=\"https:\/\/www.mandeville.com.hk\/fr\/portugal-start-up-visa-program\/\" \/>\n<meta property=\"og:site_name\" content=\"Mandeville &amp; Associates\" \/>\n<meta property=\"article:modified_time\" content=\"2025-02-05T02:24:26+00:00\" \/>\n<meta property=\"og:image\" content=\"https:\/\/www.mandeville.com.hk\/wp-content\/uploads\/2024\/06\/1-SUV%20Portugal%20-%20Picture-1024x576.png\" \/>\n\t<meta property=\"og:image:width\" content=\"1024\" \/>\n\t<meta property=\"og:image:height\" content=\"576\" \/>\n\t<meta property=\"og:image:type\" content=\"image\/png\" \/>\n<meta name=\"twitter:card\" content=\"summary_large_image\" \/>\n<meta name=\"twitter:label1\" content=\"Dur\u00e9e de lecture estim\u00e9e\" \/>\n\t<meta name=\"twitter:data1\" content=\"3 minutes\" \/>\n<script type=\"application\/ld+json\" class=\"yoast-schema-graph\">{\"@context\":\"https:\\\/\\\/schema.org\",\"@graph\":[{\"@type\":\"WebPage\",\"@id\":\"https:\\\/\\\/www.mandeville.com.hk\\\/fr\\\/portugal-start-up-visa-program\\\/\",\"url\":\"https:\\\/\\\/www.mandeville.com.hk\\\/fr\\\/portugal-start-up-visa-program\\\/\",\"name\":\"Portugal Start Up Visa Program| Mandeville &amp; Associates\",\"isPartOf\":{\"@id\":\"https:\\\/\\\/www.mandeville.com.hk\\\/fr\\\/#website\"},\"primaryImageOfPage\":{\"@id\":\"https:\\\/\\\/www.mandeville.com.hk\\\/fr\\\/portugal-start-up-visa-program\\\/#primaryimage\"},\"image\":{\"@id\":\"https:\\\/\\\/www.mandeville.com.hk\\\/fr\\\/portugal-start-up-visa-program\\\/#primaryimage\"},\"thumbnailUrl\":\"https:\\\/\\\/www.mandeville.com.hk\\\/wp-content\\\/uploads\\\/2024\\\/06\\\/1-SUV Portugal - Picture.png\",\"datePublished\":\"2024-06-25T04:25:59+00:00\",\"dateModified\":\"2025-02-05T02:24:26+00:00\",\"description\":\"Startup Visa is a residence visa for entrepreneurs, which aims to attract investment, talent and capacity for innovation to Portugal.\",\"breadcrumb\":{\"@id\":\"https:\\\/\\\/www.mandeville.com.hk\\\/fr\\\/portugal-start-up-visa-program\\\/#breadcrumb\"},\"inLanguage\":\"fr-FR\",\"potentialAction\":[{\"@type\":\"ReadAction\",\"target\":[\"https:\\\/\\\/www.mandeville.com.hk\\\/fr\\\/portugal-start-up-visa-program\\\/\"]}]},{\"@type\":\"ImageObject\",\"inLanguage\":\"fr-FR\",\"@id\":\"https:\\\/\\\/www.mandeville.com.hk\\\/fr\\\/portugal-start-up-visa-program\\\/#primaryimage\",\"url\":\"https:\\\/\\\/www.mandeville.com.hk\\\/wp-content\\\/uploads\\\/2024\\\/06\\\/1-SUV Portugal - Picture.png\",\"contentUrl\":\"https:\\\/\\\/www.mandeville.com.hk\\\/wp-content\\\/uploads\\\/2024\\\/06\\\/1-SUV Portugal - Picture.png\",\"width\":1920,\"height\":1080},{\"@type\":\"BreadcrumbList\",\"@id\":\"https:\\\/\\\/www.mandeville.com.hk\\\/fr\\\/portugal-start-up-visa-program\\\/#breadcrumb\",\"itemListElement\":[{\"@type\":\"ListItem\",\"position\":1,\"name\":\"Home\",\"item\":\"https:\\\/\\\/www.mandeville.com.hk\\\/fr\\\/\"},{\"@type\":\"ListItem\",\"position\":2,\"name\":\"Programme de Visa pour D\u00e9marrage d\u2019Entreprises\"}]},{\"@type\":\"WebSite\",\"@id\":\"https:\\\/\\\/www.mandeville.com.hk\\\/fr\\\/#website\",\"url\":\"https:\\\/\\\/www.mandeville.com.hk\\\/fr\\\/\",\"name\":\"Mandeville &amp; Associates\",\"description\":\"\",\"potentialAction\":[{\"@type\":\"SearchAction\",\"target\":{\"@type\":\"EntryPoint\",\"urlTemplate\":\"https:\\\/\\\/www.mandeville.com.hk\\\/fr\\\/?s={search_term_string}\"},\"query-input\":{\"@type\":\"PropertyValueSpecification\",\"valueRequired\":true,\"valueName\":\"search_term_string\"}}],\"inLanguage\":\"fr-FR\"}]}<\/script>\n<!-- \/ Yoast SEO plugin. -->","yoast_head_json":{"title":"Portugal Start Up Visa Program| Mandeville &amp; Associates","description":"Startup Visa is a residence visa for entrepreneurs, which aims to attract investment, talent and capacity for innovation to Portugal.","robots":{"index":"index","follow":"follow","max-snippet":"max-snippet:-1","max-image-preview":"max-image-preview:large","max-video-preview":"max-video-preview:-1"},"canonical":"https:\/\/www.mandeville.com.hk\/fr\/portugal-start-up-visa-program\/","og_locale":"fr_FR","og_type":"article","og_title":"Portugal Start Up Visa Program| Mandeville &amp; Associates","og_description":"Startup Visa is a residence visa for entrepreneurs, which aims to attract investment, talent and capacity for innovation to Portugal.","og_url":"https:\/\/www.mandeville.com.hk\/fr\/portugal-start-up-visa-program\/","og_site_name":"Mandeville &amp; Associates","article_modified_time":"2025-02-05T02:24:26+00:00","og_image":[{"width":1024,"height":576,"url":"https:\/\/www.mandeville.com.hk\/wp-content\/uploads\/2024\/06\/1-SUV Portugal - Picture-1024x576.png","type":"image\/png"}],"twitter_card":"summary_large_image","twitter_misc":{"Dur\u00e9e de lecture estim\u00e9e":"3 minutes"},"schema":{"@context":"https:\/\/schema.org","@graph":[{"@type":"WebPage","@id":"https:\/\/www.mandeville.com.hk\/fr\/portugal-start-up-visa-program\/","url":"https:\/\/www.mandeville.com.hk\/fr\/portugal-start-up-visa-program\/","name":"Portugal Start Up Visa Program| Mandeville &amp; Associates","isPartOf":{"@id":"https:\/\/www.mandeville.com.hk\/fr\/#website"},"primaryImageOfPage":{"@id":"https:\/\/www.mandeville.com.hk\/fr\/portugal-start-up-visa-program\/#primaryimage"},"image":{"@id":"https:\/\/www.mandeville.com.hk\/fr\/portugal-start-up-visa-program\/#primaryimage"},"thumbnailUrl":"https:\/\/www.mandeville.com.hk\/wp-content\/uploads\/2024\/06\/1-SUV Portugal - Picture.png","datePublished":"2024-06-25T04:25:59+00:00","dateModified":"2025-02-05T02:24:26+00:00","description":"Startup Visa is a residence visa for entrepreneurs, which aims to attract investment, talent and capacity for innovation to Portugal.","breadcrumb":{"@id":"https:\/\/www.mandeville.com.hk\/fr\/portugal-start-up-visa-program\/#breadcrumb"},"inLanguage":"fr-FR","potentialAction":[{"@type":"ReadAction","target":["https:\/\/www.mandeville.com.hk\/fr\/portugal-start-up-visa-program\/"]}]},{"@type":"ImageObject","inLanguage":"fr-FR","@id":"https:\/\/www.mandeville.com.hk\/fr\/portugal-start-up-visa-program\/#primaryimage","url":"https:\/\/www.mandeville.com.hk\/wp-content\/uploads\/2024\/06\/1-SUV Portugal - Picture.png","contentUrl":"https:\/\/www.mandeville.com.hk\/wp-content\/uploads\/2024\/06\/1-SUV Portugal - Picture.png","width":1920,"height":1080},{"@type":"BreadcrumbList","@id":"https:\/\/www.mandeville.com.hk\/fr\/portugal-start-up-visa-program\/#breadcrumb","itemListElement":[{"@type":"ListItem","position":1,"name":"Home","item":"https:\/\/www.mandeville.com.hk\/fr\/"},{"@type":"ListItem","position":2,"name":"Programme de Visa pour D\u00e9marrage d\u2019Entreprises"}]},{"@type":"WebSite","@id":"https:\/\/www.mandeville.com.hk\/fr\/#website","url":"https:\/\/www.mandeville.com.hk\/fr\/","name":"Mandeville &amp; Associates","description":"","potentialAction":[{"@type":"SearchAction","target":{"@type":"EntryPoint","urlTemplate":"https:\/\/www.mandeville.com.hk\/fr\/?s={search_term_string}"},"query-input":{"@type":"PropertyValueSpecification","valueRequired":true,"valueName":"search_term_string"}}],"inLanguage":"fr-FR"}]}},"_links":{"self":[{"href":"https:\/\/www.mandeville.com.hk\/fr\/wp-json\/wp\/v2\/pages\/14924","targetHints":{"allow":["GET"]}}],"collection":[{"href":"https:\/\/www.mandeville.com.hk\/fr\/wp-json\/wp\/v2\/pages"}],"about":[{"href":"https:\/\/www.mandeville.com.hk\/fr\/wp-json\/wp\/v2\/types\/page"}],"author":[{"embeddable":true,"href":"https:\/\/www.mandeville.com.hk\/fr\/wp-json\/wp\/v2\/users\/4"}],"replies":[{"embeddable":true,"href":"https:\/\/www.mandeville.com.hk\/fr\/wp-json\/wp\/v2\/comments?post=14924"}],"version-history":[{"count":6,"href":"https:\/\/www.mandeville.com.hk\/fr\/wp-json\/wp\/v2\/pages\/14924\/revisions"}],"predecessor-version":[{"id":15362,"href":"https:\/\/www.mandeville.com.hk\/fr\/wp-json\/wp\/v2\/pages\/14924\/revisions\/15362"}],"wp:featuredmedia":[{"embeddable":true,"href":"https:\/\/www.mandeville.com.hk\/fr\/wp-json\/wp\/v2\/media\/14882"}],"wp:attachment":[{"href":"https:\/\/www.mandeville.com.hk\/fr\/wp-json\/wp\/v2\/media?parent=14924"}],"curies":[{"name":"wp","href":"https:\/\/api.w.org\/{rel}","templated":true}]}}