{"id":14926,"date":"2023-08-25T06:07:10","date_gmt":"2023-08-25T06:07:10","guid":{"rendered":"https:\/\/www.mandeville.com.hk\/greece-golden-visa-program\/"},"modified":"2026-03-18T07:13:01","modified_gmt":"2026-03-18T07:13:01","slug":"greece-golden-visa-program","status":"publish","type":"page","link":"https:\/\/www.mandeville.com.hk\/fr\/greece-golden-visa-program\/","title":{"rendered":"Programme de Visa en Or"},"content":{"rendered":"<div class=\"wpb-content-wrapper\"><p>[vc_row parallax_image_attachment=\u00a0\u00bbinherit\u00a0\u00bb][vc_column][vc_empty_space height=\u00a0\u00bb60px\u00a0\u00bb]\n\t\t\t<!-- START Greece Golden Visa Program (FR) REVOLUTION SLIDER 6.2.22 --><p class=\"rs-p-wp-fix\"><\/p>\n\t\t\t<rs-module-wrap id=\"rev_slider_23_1_wrapper\" data-source=\"gallery\" style=\"background:transparent;padding:0;margin:0px auto;margin-top:0;margin-bottom:0;\">\n\t\t\t\t<rs-module id=\"rev_slider_23_1\" style=\"\" data-version=\"6.2.22\">\n\t\t\t\t\t<rs-slides>\n\t\t\t\t\t\t<rs-slide data-key=\"rs-38\" data-title=\"Slide\" data-anim=\"ei:d;eo:d;s:1000;r:0;t:fade;sl:0;\">\n\t\t\t\t\t\t\t<img loading=\"lazy\" decoding=\"async\" src=\"\/\/mandeville.com.hk\/wp-content\/uploads\/2023\/08\/Untitled-design.png\" title=\"Untitled design\" width=\"3861\" height=\"2574\" data-bg=\"p:50% 70%;\" class=\"rev-slidebg\" data-no-retina>\n<!--\n\t\t\t\t\t\t\t--><rs-layer\n\t\t\t\t\t\t\t\tid=\"slider-23-slide-38-layer-1\" \n\t\t\t\t\t\t\t\tdata-type=\"text\"\n\t\t\t\t\t\t\t\tdata-color=\"#ffffff\"\n\t\t\t\t\t\t\t\tdata-rsp_ch=\"on\"\n\t\t\t\t\t\t\t\tdata-xy=\"x:1px;y:c;yo:-65px;\"\n\t\t\t\t\t\t\t\tdata-text=\"w:normal;s:39;l:145;fw:500;a:center;\"\n\t\t\t\t\t\t\t\tdata-dim=\"w:1235px;\"\n\t\t\t\t\t\t\t\tdata-frame_999=\"o:0;st:w;\"\n\t\t\t\t\t\t\t\tstyle=\"z-index:5;background-color:rgba(131,185,193,0.05);font-family:Roboto;\"\n\t\t\t\t\t\t\t><br \/>\nProgramme Grec de Visa en Or \n\t\t\t\t\t\t\t<\/rs-layer><!--\n-->\t\t\t\t\t\t<\/rs-slide>\n\t\t\t\t\t<\/rs-slides>\n\t\t\t\t<\/rs-module>\n\t\t\t\t<script type=\"text\/javascript\">\n\t\t\t\t\tsetREVStartSize({c: 'rev_slider_23_1',rl:[1240,1024,778,480],el:[400],gw:[1240],gh:[400],type:'standard',justify:'',layout:'fullwidth',mh:\"0\"});\n\t\t\t\t\tvar\trevapi23,\n\t\t\t\t\t\ttpj;\n\t\t\t\t\tfunction revinit_revslider231() {\n\t\t\t\t\tjQuery(function() {\n\t\t\t\t\t\ttpj = jQuery;\n\t\t\t\t\t\trevapi23 = tpj(\"#rev_slider_23_1\");\n\t\t\t\t\t\tif(revapi23==undefined || revapi23.revolution == undefined){\n\t\t\t\t\t\t\trevslider_showDoubleJqueryError(\"rev_slider_23_1\");\n\t\t\t\t\t\t}else{\n\t\t\t\t\t\t\trevapi23.revolution({\n\t\t\t\t\t\t\t\tsliderLayout:\"fullwidth\",\n\t\t\t\t\t\t\t\tvisibilityLevels:\"1240,1024,778,480\",\n\t\t\t\t\t\t\t\tgridwidth:1240,\n\t\t\t\t\t\t\t\tgridheight:400,\n\t\t\t\t\t\t\t\tspinner:\"spinner0\",\n\t\t\t\t\t\t\t\tperspective:600,\n\t\t\t\t\t\t\t\tperspectiveType:\"global\",\n\t\t\t\t\t\t\t\teditorheight:\"400,768,960,720\",\n\t\t\t\t\t\t\t\tresponsiveLevels:\"1240,1024,778,480\",\n\t\t\t\t\t\t\t\tprogressBar:{disableProgressBar:true},\n\t\t\t\t\t\t\t\tnavigation: {\n\t\t\t\t\t\t\t\t\tonHoverStop:false\n\t\t\t\t\t\t\t\t},\n\t\t\t\t\t\t\t\tfallbacks: {\n\t\t\t\t\t\t\t\t\tallowHTML5AutoPlayOnAndroid:true\n\t\t\t\t\t\t\t\t},\n\t\t\t\t\t\t\t});\n\t\t\t\t\t\t}\n\t\t\t\t\t\t\n\t\t\t\t\t});\n\t\t\t\t\t} \/\/ End of RevInitScript\n\t\t\t\tvar once_revslider231 = false;\n\t\t\t\tif (document.readyState === \"loading\") {document.addEventListener('readystatechange',function() { if((document.readyState === \"interactive\" || document.readyState === \"complete\") && !once_revslider231 ) { once_revslider231 = true; revinit_revslider231();}});} else {once_revslider231 = true; revinit_revslider231();}\n\t\t\t\t<\/script>\n\t\t\t<\/rs-module-wrap>\n\t\t\t<!-- END REVOLUTION SLIDER -->\n[vc_empty_space height=\u00a0\u00bb20px\u00a0\u00bb][\/vc_column][\/vc_row][vc_row content_placement=\u00a0\u00bbtop\u00a0\u00bb parallax_image_attachment=\u00a0\u00bbinherit\u00a0\u00bb][vc_column width=\u00a0\u00bb2\/3&Prime;][vc_empty_space height=\u00a0\u00bb20px\u00a0\u00bb][vc_row_inner parallax_image_attachment=\u00a0\u00bbinherit\u00a0\u00bb][vc_column_inner][vc_column_text css=\u00a0\u00bb\u00a0\u00bb]<\/p>\n<h3><span style=\"color: #757575;\">PROGRAMME DE VISA EN OR POUR LA GR\u00c8CE<\/span><\/h3>\n<p>&nbsp;<\/p>\n<p>&nbsp;<\/p>\n<p>Consid\u00e9r\u00e9e comme le berceau de la civilisation occidentale et de la d\u00e9mocratie, la Gr\u00e8ce est une destination pris\u00e9e des touristes du monde entier. \u00a0Elle attire de nombreux touristes gr\u00e2ce \u00e0 son patrimoine culturel unique et \u00e0 son magnifique littoral comprenant des milliers d&rsquo;\u00eeles sur le bassin m\u00e9diterran\u00e9en. Le pays offre \u00e0 ses r\u00e9sidents et \u00e0 ses citoyens de nombreux avantages, notamment un niveau \u00e9lev\u00e9 de s\u00e9curit\u00e9, ainsi que des programmes d&rsquo;\u00e9ducation et de soins de sant\u00e9 de qualit\u00e9.<\/p>\n<p>&nbsp;<\/p>\n<p>Le \u00ab\u00a0Golden Visa\u00a0\u00bb permet aux ressortissants de pays non membres de l&rsquo;Union Europ\u00e9enne et \u00e0 leurs familles d&rsquo;obtenir un permis de s\u00e9jour permanent en Gr\u00e8ce, renouvelable tous les cinq ans. Les personnes \u00e0 charge, y compris la conjointe, les enfants de moins de 21 ans et les parents du demandeur principal et de sa conjointe, peuvent \u00eatre incluses dans une seule demande.<\/p>\n<p>&nbsp;<\/p>\n<p>Les \u00ab\u00a0Golden Visas\u00a0\u00bb grecs permettent plusieurs types d&rsquo;investissements qualifi\u00e9s. \u00a0L&rsquo;achat de biens immobiliers est l&rsquo;option la plus populaire, le seuil d&rsquo;investissement le plus bas \u00e9tant fix\u00e9 \u00e0 250 000 euros.<\/p>\n<p>&nbsp;<\/p>\n<h4><span style=\"color: #757575;\">Les avantages du programme des visas en or sont les suivants :<\/span><\/h4>\n<h4><br class=\"clear\" \/><br class=\"clear\" \/><\/h4>\n<ol>\n<li>Possibilit\u00e9 pour les titulaires du visa d&rsquo;or grec de circuler librement dans l&rsquo;espace Schengen<br class=\"clear\" \/><br class=\"clear\" \/><\/li>\n<li>Possibilit\u00e9 d&rsquo;obtenir la citoyennet\u00e9 europ\u00e9enne apr\u00e8s 7 ans de r\u00e9sidence<br class=\"clear\" \/><br class=\"clear\" \/><\/li>\n<li>Obligation de pr\u00e9sence physique minimale<br class=\"clear\" \/><br class=\"clear\" \/><\/li>\n<li>Acc\u00e8s des entreprises aux grandes \u00e9conomies<br class=\"clear\" \/><br class=\"clear\" \/><\/li>\n<li>Des d\u00e9lais de traitement courts (2 \u00e0 4 mois)<br class=\"clear\" \/><br class=\"clear\" \/><\/li>\n<li>Retour sur investissement gr\u00e2ce \u00e0 la location de biens immobiliers<br class=\"clear\" \/><br class=\"clear\" \/><\/li>\n<\/ol>\n<p>[\/vc_column_text][\/vc_column_inner][vc_column_inner][\/vc_column_inner][\/vc_row_inner][\/vc_column][vc_column width=\u00a0\u00bb1\/3&Prime; el_class=\u00a0\u00bbwhiteText mobileBoxFix\u00a0\u00bb][vc_empty_space][vc_single_image source=\u00a0\u00bbmedia_library\u00a0\u00bb image=\u00a0\u00bb14826&Prime; img_size=\u00a0\u00bblarge\u00a0\u00bb css=\u00a0\u00bb.vc_custom_1692871358135{padding-top: 20px !important;padding-bottom: 20px !important;}\u00a0\u00bb][vc_row_inner parallax_image_attachment=\u00a0\u00bbinherit\u00a0\u00bb][vc_column_inner][vc_column_text css=\u00a0\u00bb.vc_custom_1738655165654{padding-left: 25% !important;}\u00a0\u00bb]<\/p>\n<p class=\"country_data\">POPULATION (2020)<\/p>\n<p class=\"greyBodyText\">10,482,487<\/p>\n<p class=\"country_data\">VILLES PRINCIPALES<\/p>\n<p class=\"greyBodyText\">Ath\u00e8nes<\/p>\n<p class=\"greyBodyText\">Thessalonique<\/p>\n<p class=\"greyBodyText\">Patras<\/p>\n<p class=\"greyBodyText\">Pir\u00e9e<\/p>\n<p class=\"greyBodyText\">Larissa<\/p>\n<p class=\"country_data\">INDUSTRIES PRINCIPALES<\/p>\n<p class=\"greyBodyText\">Tourisme, transport maritime, produits industriels, transformation des aliments et du tabac, textiles, produits chimiques, produits m\u00e9talliques, exploitation mini\u00e8re et p\u00e9troli\u00e8re<\/p>\n<p>[\/vc_column_text][\/vc_column_inner][\/vc_row_inner][\/vc_column][\/vc_row][vc_row parallax_image_attachment=\u00a0\u00bbinherit\u00a0\u00bb][vc_column][vc_empty_space][vc_single_image custom_src=\u00a0\u00bbhttps:\/\/mandeville.com.hk\/wp-content\/uploads\/2023\/08\/\u56fe\u72471-1.png\u00a0\u00bb alignment=\u00a0\u00bbcenter\u00a0\u00bb][vc_empty_space][vc_row_inner parallax_image_attachment=\u00a0\u00bbinherit\u00a0\u00bb][vc_column_inner width=\u00a0\u00bb1\/2&Prime;][vc_btn title=\u00a0\u00bbDemande concernant la Gr\u00e8ce\u00a0\u00bb align=\u00a0\u00bbcenter\u00a0\u00bb css=\u00a0\u00bb\u00a0\u00bb][\/vc_column_inner][vc_column_inner width=\u00a0\u00bb1\/2&Prime;][vc_btn title=\u00a0\u00bbCommuniquez avec nous\u00a0\u00bb align=\u00a0\u00bbcenter\u00a0\u00bb css=\u00a0\u00bb\u00a0\u00bb][\/vc_column_inner][\/vc_row_inner][\/vc_column][\/vc_row][vc_row parallax_image_attachment=\u00a0\u00bbinherit\u00a0\u00bb][vc_column][vc_basic_grid post_type=\u00a0\u00bbpost\u00a0\u00bb max_items=\u00a0\u00bb4&Prime; element_width=\u00a0\u00bb3&Prime; item=\u00a0\u00bb11676&Prime; grid_id=\u00a0\u00bbvc_gid:1773817959245-ad3b460c-deae-3&Prime; taxonomies=\u00a0\u00bb35&Prime; el_class=\u00a0\u00bbblogPostsBtn equalHeight\u00a0\u00bb][\/vc_column][\/vc_row][vc_row parallax_image_attachment=\u00a0\u00bbinherit\u00a0\u00bb][vc_column][vc_empty_space][\/vc_column][\/vc_row][vc_row full_width=\u00a0\u00bbstretch_row\u00a0\u00bb equal_height=\u00a0\u00bbyes\u00a0\u00bb enable_inner=\u00a0\u00bbyes\u00a0\u00bb parallax_image_attachment=\u00a0\u00bbinherit\u00a0\u00bb][vc_column width=\u00a0\u00bb1\/3&Prime; offset=\u00a0\u00bbvc_hidden-xs\u00a0\u00bb][vc_single_image custom_src=\u00a0\u00bbhttps:\/\/mandeville.com.hk\/wp-content\/uploads\/2020\/10\/MandevilleAssociates_logo.png\u00a0\u00bb external_img_size=\u00a0\u00bbmedium\u00a0\u00bb][vc_empty_space][vc_column_text css=\u00a0\u00bb\u00a0\u00bb]Depuis 1986, M. Fran\u00e7ois Mandeville, fondateur et associ\u00e9 directeur de Mandeville &amp; Associ\u00e9s, accompagne les gens d&rsquo;affaires dans leur d\u00e9marche d&rsquo;immigration via les programmes de r\u00e9sidence par investissement. Gr\u00e2ce \u00e0 son expertise et \u00e0 sa vaste exp\u00e9rience, le cabinet Mandeville &amp; Associ\u00e9s est devenu un acteur incontournable dans ce domaine et est reconnu pour son excellence et sa r\u00e9putation irr\u00e9prochable.[\/vc_column_text][vc_empty_space][\/vc_column][vc_column width=\u00a0\u00bb1\/3&Prime; el_class=\u00a0\u00bbmiddleColAlign\u00a0\u00bb][vc_empty_space][vc_wp_custommenu nav_menu=\u00a0\u00bb28&Prime; el_class=\u00a0\u00bbforceFontSize\u00a0\u00bb][\/vc_column][vc_column width=\u00a0\u00bb1\/3&Prime; el_class=\u00a0\u00bbrightColAlign\u00a0\u00bb][vc_empty_space][vc_row_inner parallax_image_attachment=\u00a0\u00bbinherit\u00a0\u00bb margin_bottom=\u00a0\u00bbmb-0&Prime;][vc_column_inner][vc_column_text css=\u00a0\u00bb\u00a0\u00bb el_class=\u00a0\u00bbmobileFooterContactFix\u00a0\u00bb]<span class=\"fa fa-map-marker\">\u00a0<\/span><a href=\"https:\/\/goo.gl\/maps\/jX3KcxCD4xRaHhAV6\">902, 9\/F Winsome House, 71-73 Wyndham Street<br \/>\nCentral, Hong Kong SAR<\/a><\/p>\n<p><span class=\"fa fa-phone\">\u00a0<\/span><a href=\"tel:+85228770111\"> +852-2877-0111<\/a><\/p>\n<p><span class=\"fa fa-fax\">\u00a0<\/span><a href=\"tel:+85228770111\"> +852-2542-4409<\/a><\/p>\n<p><span class=\"fa fa-envelope\">\u00a0<\/span><a href=\"mailto: enquiry@mandeville.com.hk\"> enquiry@mandeville.com.hk<\/a>[\/vc_column_text][vc_empty_space height=\u00a0\u00bb20px\u00a0\u00bb][\/vc_column_inner][\/vc_row_inner][vc_raw_html el_class=\u00a0\u00bbsocialAlign\u00a0\u00bb]JTNDYSUyMGhyZWYlM0QlMjJodHRwcyUzQSUyRiUyRnd3dy5mYWNlYm9vay5jb20lMkZtYW5kZXZpbGxlLmFzc29jaWF0ZXMlMkYlMjIlMjB0YXJnZXQlM0QlMjJfYmxhbmslMjIlM0UlM0NpJTIwY2xhc3MlM0QlMjJmYSUyMGZhLWZhY2Vib29rJTIyJTNFJTNDJTJGaSUzRSUzQyUyRmElM0UlMEElM0NhJTIwaHJlZiUzRCUyMmh0dHBzJTNBJTJGJTJGd3d3LmxpbmtlZGluLmNvbSUyRmNvbXBhbnklMkZtYW5kZXZpbGxlLSUyNi1hc3NvY2lhdGVzLWx0ZC4lMjIlMjB0YXJnZXQlM0QlMjJfYmxhbmslMjIlM0UlM0NpJTIwY2xhc3MlM0QlMjJmYSUyMGZhLWxpbmtlZGluJTIyJTIwc3R5bGUlM0QlMjJtYXJnaW4tbGVmdCUzQTI1cHglM0IlMjIlM0UlM0MlMkZpJTNFJTNDJTJGYSUzRQ==[\/vc_raw_html][\/vc_column][\/vc_row][vc_row][vc_column][\/vc_column][\/vc_row][vc_row][vc_column][vc_raw_js]JTNDc2NyaXB0JTNFJTIwJTBBJTBBdmFyJTIwZWxlbXMlMjAlM0QlMjBkb2N1bWVudC5xdWVyeVNlbGVjdG9yQWxsJTI4JTIyLnNob3clMjIlMjklM0IlMEElMEElNUIlNUQuZm9yRWFjaC5jYWxsJTI4ZWxlbXMlMkMlMjBmdW5jdGlvbiUyOGVsJTI5JTIwJTdCJTBBJTIwJTIwJTIwJTIwZWwuY2xhc3NMaXN0LnJlbW92ZSUyOCUyMnNob3clMjIlMjklM0IlMEElN0QlMjklM0IlMEElMEElMEElM0MlMkZzY3JpcHQlM0U=[\/vc_raw_js][\/vc_column][\/vc_row]<\/p>\n<\/div>","protected":false},"excerpt":{"rendered":"<p>[vc_row parallax_image_attachment=\u00a0\u00bbinherit\u00a0\u00bb][vc_column][vc_empty_space height=\u00a0\u00bb60px\u00a0\u00bb][vc_empty_space height=\u00a0\u00bb20px\u00a0\u00bb][\/vc_column][\/vc_row][vc_row content_placement=\u00a0\u00bbtop\u00a0\u00bb parallax_image_attachment=\u00a0\u00bbinherit\u00a0\u00bb][vc_column width=\u00a0\u00bb2\/3&Prime;][vc_empty_space height=\u00a0\u00bb20px\u00a0\u00bb][vc_row_inner parallax_image_attachment=\u00a0\u00bbinherit\u00a0\u00bb][vc_column_inner][vc_column_text css=\u00a0\u00bb\u00a0\u00bb] PROGRAMME DE VISA EN OR POUR LA GR\u00c8CE &nbsp; &nbsp; Consid\u00e9r\u00e9e comme le berceau de la civilisation occidentale et de la d\u00e9mocratie, la Gr\u00e8ce est une destination pris\u00e9e des touristes&#8230;<\/p>\n","protected":false},"author":4,"featured_media":14822,"parent":0,"menu_order":0,"comment_status":"closed","ping_status":"closed","template":"","meta":{"footnotes":""},"class_list":["post-14926","page","type-page","status-publish","has-post-thumbnail","hentry"],"yoast_head":"<!-- This site is optimized with the Yoast SEO plugin v27.4 - https:\/\/yoast.com\/product\/yoast-seo-wordpress\/ -->\n<title>Greece Golden Visa Program | Mandeville &amp; Associates<\/title>\n<meta name=\"robots\" content=\"index, follow, max-snippet:-1, max-image-preview:large, max-video-preview:-1\" \/>\n<link rel=\"canonical\" href=\"https:\/\/www.mandeville.com.hk\/fr\/greece-golden-visa-program\/\" \/>\n<meta property=\"og:locale\" content=\"fr_FR\" \/>\n<meta property=\"og:type\" content=\"article\" \/>\n<meta property=\"og:title\" content=\"Greece Golden Visa Program | Mandeville &amp; Associates\" \/>\n<meta property=\"og:description\" content=\"[vc_row parallax_image_attachment=\u00a0\u00bbinherit\u00a0\u00bb][vc_column][vc_empty_space height=\u00a0\u00bb60px\u00a0\u00bb][vc_empty_space height=\u00a0\u00bb20px\u00a0\u00bb][\/vc_column][\/vc_row][vc_row content_placement=\u00a0\u00bbtop\u00a0\u00bb parallax_image_attachment=\u00a0\u00bbinherit\u00a0\u00bb][vc_column width=\u00a0\u00bb2\/3&Prime;][vc_empty_space height=\u00a0\u00bb20px\u00a0\u00bb][vc_row_inner parallax_image_attachment=\u00a0\u00bbinherit\u00a0\u00bb][vc_column_inner][vc_column_text css=\u00a0\u00bb\u00a0\u00bb] PROGRAMME DE VISA EN OR POUR LA GR\u00c8CE &nbsp; &nbsp; Consid\u00e9r\u00e9e comme le berceau de la civilisation occidentale et de la d\u00e9mocratie, la Gr\u00e8ce est une destination pris\u00e9e des touristes...\" \/>\n<meta property=\"og:url\" content=\"https:\/\/www.mandeville.com.hk\/fr\/greece-golden-visa-program\/\" \/>\n<meta property=\"og:site_name\" content=\"Mandeville &amp; Associates\" \/>\n<meta property=\"article:modified_time\" content=\"2026-03-18T07:13:01+00:00\" \/>\n<meta property=\"og:image\" content=\"https:\/\/www.mandeville.com.hk\/wp-content\/uploads\/2023\/08\/\u56fe\u72471-1024x582.png\" \/>\n\t<meta property=\"og:image:width\" content=\"1024\" \/>\n\t<meta property=\"og:image:height\" content=\"582\" \/>\n\t<meta property=\"og:image:type\" content=\"image\/png\" \/>\n<meta name=\"twitter:card\" content=\"summary_large_image\" \/>\n<meta name=\"twitter:label1\" content=\"Dur\u00e9e de lecture estim\u00e9e\" \/>\n\t<meta name=\"twitter:data1\" content=\"3 minutes\" \/>\n<script type=\"application\/ld+json\" class=\"yoast-schema-graph\">{\"@context\":\"https:\\\/\\\/schema.org\",\"@graph\":[{\"@type\":\"WebPage\",\"@id\":\"https:\\\/\\\/www.mandeville.com.hk\\\/fr\\\/greece-golden-visa-program\\\/\",\"url\":\"https:\\\/\\\/www.mandeville.com.hk\\\/fr\\\/greece-golden-visa-program\\\/\",\"name\":\"Greece Golden Visa Program | Mandeville &amp; Associates\",\"isPartOf\":{\"@id\":\"https:\\\/\\\/www.mandeville.com.hk\\\/fr\\\/#website\"},\"primaryImageOfPage\":{\"@id\":\"https:\\\/\\\/www.mandeville.com.hk\\\/fr\\\/greece-golden-visa-program\\\/#primaryimage\"},\"image\":{\"@id\":\"https:\\\/\\\/www.mandeville.com.hk\\\/fr\\\/greece-golden-visa-program\\\/#primaryimage\"},\"thumbnailUrl\":\"https:\\\/\\\/www.mandeville.com.hk\\\/wp-content\\\/uploads\\\/2023\\\/08\\\/\u56fe\u72471.png\",\"datePublished\":\"2023-08-25T06:07:10+00:00\",\"dateModified\":\"2026-03-18T07:13:01+00:00\",\"breadcrumb\":{\"@id\":\"https:\\\/\\\/www.mandeville.com.hk\\\/fr\\\/greece-golden-visa-program\\\/#breadcrumb\"},\"inLanguage\":\"fr-FR\",\"potentialAction\":[{\"@type\":\"ReadAction\",\"target\":[\"https:\\\/\\\/www.mandeville.com.hk\\\/fr\\\/greece-golden-visa-program\\\/\"]}]},{\"@type\":\"ImageObject\",\"inLanguage\":\"fr-FR\",\"@id\":\"https:\\\/\\\/www.mandeville.com.hk\\\/fr\\\/greece-golden-visa-program\\\/#primaryimage\",\"url\":\"https:\\\/\\\/www.mandeville.com.hk\\\/wp-content\\\/uploads\\\/2023\\\/08\\\/\u56fe\u72471.png\",\"contentUrl\":\"https:\\\/\\\/www.mandeville.com.hk\\\/wp-content\\\/uploads\\\/2023\\\/08\\\/\u56fe\u72471.png\",\"width\":1429,\"height\":812},{\"@type\":\"BreadcrumbList\",\"@id\":\"https:\\\/\\\/www.mandeville.com.hk\\\/fr\\\/greece-golden-visa-program\\\/#breadcrumb\",\"itemListElement\":[{\"@type\":\"ListItem\",\"position\":1,\"name\":\"Home\",\"item\":\"https:\\\/\\\/www.mandeville.com.hk\\\/fr\\\/\"},{\"@type\":\"ListItem\",\"position\":2,\"name\":\"Programme de Visa en Or\"}]},{\"@type\":\"WebSite\",\"@id\":\"https:\\\/\\\/www.mandeville.com.hk\\\/fr\\\/#website\",\"url\":\"https:\\\/\\\/www.mandeville.com.hk\\\/fr\\\/\",\"name\":\"Mandeville &amp; Associates\",\"description\":\"\",\"potentialAction\":[{\"@type\":\"SearchAction\",\"target\":{\"@type\":\"EntryPoint\",\"urlTemplate\":\"https:\\\/\\\/www.mandeville.com.hk\\\/fr\\\/?s={search_term_string}\"},\"query-input\":{\"@type\":\"PropertyValueSpecification\",\"valueRequired\":true,\"valueName\":\"search_term_string\"}}],\"inLanguage\":\"fr-FR\"}]}<\/script>\n<!-- \/ Yoast SEO plugin. -->","yoast_head_json":{"title":"Greece Golden Visa Program | Mandeville &amp; Associates","robots":{"index":"index","follow":"follow","max-snippet":"max-snippet:-1","max-image-preview":"max-image-preview:large","max-video-preview":"max-video-preview:-1"},"canonical":"https:\/\/www.mandeville.com.hk\/fr\/greece-golden-visa-program\/","og_locale":"fr_FR","og_type":"article","og_title":"Greece Golden Visa Program | Mandeville &amp; Associates","og_description":"[vc_row parallax_image_attachment=\u00a0\u00bbinherit\u00a0\u00bb][vc_column][vc_empty_space height=\u00a0\u00bb60px\u00a0\u00bb][vc_empty_space height=\u00a0\u00bb20px\u00a0\u00bb][\/vc_column][\/vc_row][vc_row content_placement=\u00a0\u00bbtop\u00a0\u00bb parallax_image_attachment=\u00a0\u00bbinherit\u00a0\u00bb][vc_column width=\u00a0\u00bb2\/3&Prime;][vc_empty_space height=\u00a0\u00bb20px\u00a0\u00bb][vc_row_inner parallax_image_attachment=\u00a0\u00bbinherit\u00a0\u00bb][vc_column_inner][vc_column_text css=\u00a0\u00bb\u00a0\u00bb] PROGRAMME DE VISA EN OR POUR LA GR\u00c8CE &nbsp; &nbsp; Consid\u00e9r\u00e9e comme le berceau de la civilisation occidentale et de la d\u00e9mocratie, la Gr\u00e8ce est une destination pris\u00e9e des touristes...","og_url":"https:\/\/www.mandeville.com.hk\/fr\/greece-golden-visa-program\/","og_site_name":"Mandeville &amp; Associates","article_modified_time":"2026-03-18T07:13:01+00:00","og_image":[{"width":1024,"height":582,"url":"https:\/\/www.mandeville.com.hk\/wp-content\/uploads\/2023\/08\/\u56fe\u72471-1024x582.png","type":"image\/png"}],"twitter_card":"summary_large_image","twitter_misc":{"Dur\u00e9e de lecture estim\u00e9e":"3 minutes"},"schema":{"@context":"https:\/\/schema.org","@graph":[{"@type":"WebPage","@id":"https:\/\/www.mandeville.com.hk\/fr\/greece-golden-visa-program\/","url":"https:\/\/www.mandeville.com.hk\/fr\/greece-golden-visa-program\/","name":"Greece Golden Visa Program | Mandeville &amp; Associates","isPartOf":{"@id":"https:\/\/www.mandeville.com.hk\/fr\/#website"},"primaryImageOfPage":{"@id":"https:\/\/www.mandeville.com.hk\/fr\/greece-golden-visa-program\/#primaryimage"},"image":{"@id":"https:\/\/www.mandeville.com.hk\/fr\/greece-golden-visa-program\/#primaryimage"},"thumbnailUrl":"https:\/\/www.mandeville.com.hk\/wp-content\/uploads\/2023\/08\/\u56fe\u72471.png","datePublished":"2023-08-25T06:07:10+00:00","dateModified":"2026-03-18T07:13:01+00:00","breadcrumb":{"@id":"https:\/\/www.mandeville.com.hk\/fr\/greece-golden-visa-program\/#breadcrumb"},"inLanguage":"fr-FR","potentialAction":[{"@type":"ReadAction","target":["https:\/\/www.mandeville.com.hk\/fr\/greece-golden-visa-program\/"]}]},{"@type":"ImageObject","inLanguage":"fr-FR","@id":"https:\/\/www.mandeville.com.hk\/fr\/greece-golden-visa-program\/#primaryimage","url":"https:\/\/www.mandeville.com.hk\/wp-content\/uploads\/2023\/08\/\u56fe\u72471.png","contentUrl":"https:\/\/www.mandeville.com.hk\/wp-content\/uploads\/2023\/08\/\u56fe\u72471.png","width":1429,"height":812},{"@type":"BreadcrumbList","@id":"https:\/\/www.mandeville.com.hk\/fr\/greece-golden-visa-program\/#breadcrumb","itemListElement":[{"@type":"ListItem","position":1,"name":"Home","item":"https:\/\/www.mandeville.com.hk\/fr\/"},{"@type":"ListItem","position":2,"name":"Programme de Visa en Or"}]},{"@type":"WebSite","@id":"https:\/\/www.mandeville.com.hk\/fr\/#website","url":"https:\/\/www.mandeville.com.hk\/fr\/","name":"Mandeville &amp; Associates","description":"","potentialAction":[{"@type":"SearchAction","target":{"@type":"EntryPoint","urlTemplate":"https:\/\/www.mandeville.com.hk\/fr\/?s={search_term_string}"},"query-input":{"@type":"PropertyValueSpecification","valueRequired":true,"valueName":"search_term_string"}}],"inLanguage":"fr-FR"}]}},"_links":{"self":[{"href":"https:\/\/www.mandeville.com.hk\/fr\/wp-json\/wp\/v2\/pages\/14926","targetHints":{"allow":["GET"]}}],"collection":[{"href":"https:\/\/www.mandeville.com.hk\/fr\/wp-json\/wp\/v2\/pages"}],"about":[{"href":"https:\/\/www.mandeville.com.hk\/fr\/wp-json\/wp\/v2\/types\/page"}],"author":[{"embeddable":true,"href":"https:\/\/www.mandeville.com.hk\/fr\/wp-json\/wp\/v2\/users\/4"}],"replies":[{"embeddable":true,"href":"https:\/\/www.mandeville.com.hk\/fr\/wp-json\/wp\/v2\/comments?post=14926"}],"version-history":[{"count":12,"href":"https:\/\/www.mandeville.com.hk\/fr\/wp-json\/wp\/v2\/pages\/14926\/revisions"}],"predecessor-version":[{"id":15354,"href":"https:\/\/www.mandeville.com.hk\/fr\/wp-json\/wp\/v2\/pages\/14926\/revisions\/15354"}],"wp:featuredmedia":[{"embeddable":true,"href":"https:\/\/www.mandeville.com.hk\/fr\/wp-json\/wp\/v2\/media\/14822"}],"wp:attachment":[{"href":"https:\/\/www.mandeville.com.hk\/fr\/wp-json\/wp\/v2\/media?parent=14926"}],"curies":[{"name":"wp","href":"https:\/\/api.w.org\/{rel}","templated":true}]}}