{"id":14954,"date":"2020-11-10T11:00:15","date_gmt":"2020-11-10T11:00:15","guid":{"rendered":"https:\/\/www.mandeville.com.hk\/about-us\/"},"modified":"2026-03-12T06:39:46","modified_gmt":"2026-03-12T06:39:46","slug":"about-us","status":"publish","type":"page","link":"https:\/\/www.mandeville.com.hk\/fr\/about-us\/","title":{"rendered":"A propos de nous"},"content":{"rendered":"<div class=\"wpb-content-wrapper\"><p>[vc_row parallax_image_attachment=\u00a0\u00bbinherit\u00a0\u00bb][vc_column][vc_empty_space height=\u00a0\u00bb100px\u00a0\u00bb el_id=\u00a0\u00bbvs_empty_more\u00a0\u00bb][\/vc_column][\/vc_row][vc_row full_width=\u00a0\u00bbstretch_row_content\u00a0\u00bb enable_inner=\u00a0\u00bbyes\u00a0\u00bb parallax_image_attachment=\u00a0\u00bbinherit\u00a0\u00bb][vc_column column_inner_style=\u00a0\u00bbcontent-boxes\u00a0\u00bb][vc_column_text]<\/p>\n<h1 style=\"text-align: left; font-weight: 400;\"><span style=\"color: #757575; font-weight: 400;\">Our Team<\/span><\/h1>\n<p>[\/vc_column_text][\/vc_column][\/vc_row][vc_row parallax_image_attachment=\u00a0\u00bbinherit\u00a0\u00bb][vc_column][vc_empty_space][\/vc_column][\/vc_row][vc_row full_width=\u00a0\u00bbstretch_row_content\u00a0\u00bb enable_inner=\u00a0\u00bbyes\u00a0\u00bb parallax_image_attachment=\u00a0\u00bbinherit\u00a0\u00bb][vc_column][vc_row_inner parallax_image_attachment=\u00a0\u00bbinherit\u00a0\u00bb][vc_column_inner width=\u00a0\u00bb2\/5&Prime;][mvc_team_profile member_visibility=\u00a0\u00bboutset\u00a0\u00bb image_id=\u00a0\u00bb11701&Prime; memb_name=\u00a0\u00bbFran\u00e7ois Mandeville\u00a0\u00bb memb_prof=\u00a0\u00bbManaging Partner\u00a0\u00bb url=\u00a0\u00bburl:%23|rel:nofollow\u00a0\u00bb][\/vc_column_inner][vc_column_inner width=\u00a0\u00bb1\/5&Prime;][\/vc_column_inner][vc_column_inner width=\u00a0\u00bb2\/5&Prime;][mvc_team_profile member_visibility=\u00a0\u00bboutset\u00a0\u00bb image_id=\u00a0\u00bb11774&Prime; memb_name=\u00a0\u00bbAlexandre Bernier\u00a0\u00bb memb_prof=\u00a0\u00bbAvocat &#8211; Canada Affiliated Office\u00a0\u00bb url=\u00a0\u00bburl:%23|rel:nofollow\u00a0\u00bb][\/vc_column_inner][\/vc_row_inner][vc_row_inner parallax_image_attachment=\u00a0\u00bbinherit\u00a0\u00bb][vc_column_inner width=\u00a0\u00bb1\/3&Prime;][mvc_team_profile member_visibility=\u00a0\u00bboutset\u00a0\u00bb image_id=\u00a0\u00bb11706&Prime; memb_name=\u00a0\u00bbPhilippe Laberge\u00a0\u00bb memb_prof=\u00a0\u00bbAVOCAT\u00a0\u00bb url=\u00a0\u00bburl:%23|rel:nofollow\u00a0\u00bb][\/vc_column_inner][vc_column_inner width=\u00a0\u00bb1\/3&Prime;][mvc_team_profile member_visibility=\u00a0\u00bboutset\u00a0\u00bb image_id=\u00a0\u00bb11727&Prime; memb_name=\u00a0\u00bbJan Keck\u00a0\u00bb memb_prof=\u00a0\u00bbAssociate &#8211; London Office\u00a0\u00bb url=\u00a0\u00bburl:%23|rel:nofollow\u00a0\u00bb][\/vc_column_inner][vc_column_inner width=\u00a0\u00bb1\/3&Prime;][mvc_team_profile member_visibility=\u00a0\u00bboutset\u00a0\u00bb image_id=\u00a0\u00bb11728&Prime; memb_name=\u00a0\u00bbPortia Lau\u00a0\u00bb memb_prof=\u00a0\u00bbAdministrative Executive &#8211; London Office\u00a0\u00bb url=\u00a0\u00bburl:%23|rel:nofollow\u00a0\u00bb][\/vc_column_inner][\/vc_row_inner][vc_row_inner parallax_image_attachment=\u00a0\u00bbinherit\u00a0\u00bb][vc_column_inner width=\u00a0\u00bb1\/3&Prime;][mvc_team_profile member_visibility=\u00a0\u00bboutset\u00a0\u00bb image_id=\u00a0\u00bb13404&Prime; memb_name=\u00a0\u00bbDora Liu\u00a0\u00bb memb_prof=\u00a0\u00bbProject Manager\u00a0\u00bb url=\u00a0\u00bburl:%23|rel:nofollow\u00a0\u00bb][\/vc_column_inner][vc_column_inner width=\u00a0\u00bb1\/3&Prime;][mvc_team_profile member_visibility=\u00a0\u00bboutset\u00a0\u00bb image_id=\u00a0\u00bb11729&Prime; memb_name=\u00a0\u00bbReni Chan\u00a0\u00bb memb_prof=\u00a0\u00bbCanada Immigration Manager\u00a0\u00bb][\/vc_column_inner][vc_column_inner width=\u00a0\u00bb1\/3&Prime;][mvc_team_profile member_visibility=\u00a0\u00bboutset\u00a0\u00bb image_id=\u00a0\u00bb11731&Prime; memb_name=\u00a0\u00bbCrystal Ying Chan\u00a0\u00bb memb_prof=\u00a0\u00bbCanada Processing Assistant\u00a0\u00bb url=\u00a0\u00bburl:%23|rel:nofollow\u00a0\u00bb][\/vc_column_inner][\/vc_row_inner][vc_row_inner parallax_image_attachment=\u00a0\u00bbinherit\u00a0\u00bb][vc_column_inner width=\u00a0\u00bb1\/3&Prime;][\/vc_column_inner][vc_column_inner width=\u00a0\u00bb1\/3&Prime;][\/vc_column_inner][vc_column_inner width=\u00a0\u00bb1\/3&Prime;][\/vc_column_inner][\/vc_row_inner][\/vc_column][\/vc_row][vc_row full_width=\u00a0\u00bbstretch_row_content\u00a0\u00bb enable_inner=\u00a0\u00bbyes\u00a0\u00bb parallax_image_attachment=\u00a0\u00bbinherit\u00a0\u00bb][vc_column][\/vc_column][\/vc_row][vc_row parallax_image_attachment=\u00a0\u00bbinherit\u00a0\u00bb][vc_column][vc_empty_space][\/vc_column][\/vc_row][vc_row full_width=\u00a0\u00bbstretch_row_content\u00a0\u00bb enable_inner=\u00a0\u00bbyes\u00a0\u00bb parallax_image_attachment=\u00a0\u00bbinherit\u00a0\u00bb][vc_column column_inner_style=\u00a0\u00bbcontent-boxes\u00a0\u00bb][vc_column_text]<\/p>\n<h1 style=\"text-align: left; font-weight: 400;\"><span style=\"color: #757575; font-weight: 400;\">Our Network<\/span><\/h1>\n<p class=\"x_381332713x1526954223msolistparagraph\" style=\"text-align: left;\"><span class=\"x_381332713size\"><span class=\"x_-1047446596colour\"><span class=\"x_-1047446596font\"><span class=\"x_-1047446596size\">Over the last decades, we have built a network of reliable business immigration professionals in all the regions of the World. Choose the region near you for more details.\u00a0<\/span><\/span><\/span><\/span><\/p>\n<p>[\/vc_column_text][\/vc_column][\/vc_row][vc_row full_width=\u00a0\u00bbstretch_row_content\u00a0\u00bb enable_inner=\u00a0\u00bbyes\u00a0\u00bb parallax_image_attachment=\u00a0\u00bbinherit\u00a0\u00bb][vc_column][vc_empty_space][vc_row_inner parallax_image_attachment=\u00a0\u00bbinherit\u00a0\u00bb][vc_column_inner el_class=\u00a0\u00bbbaselineAlign\u00a0\u00bb width=\u00a0\u00bb1\/6&Prime;][vc_column_text]<\/p>\n<ul>\n<li><a href=\"https:\/\/mandeville.com.hk\/contact-mandeville\/\">Australia<\/a><\/li>\n<li><a href=\"https:\/\/mandeville.com.hk\/contact-mandeville\/\">Bangladesh<\/a><\/li>\n<li><a href=\"https:\/\/mandeville.com.hk\/contact-mandeville\/\">Cambodia<\/a><\/li>\n<li><a href=\"https:\/\/mandeville.com.hk\/contact-mandeville\/\">Canada<\/a><\/li>\n<li><a href=\"https:\/\/mandeville.com.hk\/contact-mandeville\/\">Hong Kong<\/a><\/li>\n<li><a href=\"https:\/\/mandeville.com.hk\/contact-mandeville\/\">India<\/a><\/li>\n<li><a href=\"https:\/\/mandeville.com.hk\/contact-mandeville\/\">Indonesia<\/a><\/li>\n<li><a href=\"https:\/\/mandeville.com.hk\/contact-mandeville\/\">Ireland<\/a><\/li>\n<\/ul>\n<p>[\/vc_column_text][\/vc_column_inner][vc_column_inner el_class=\u00a0\u00bbbaselineAlign\u00a0\u00bb width=\u00a0\u00bb1\/6&Prime;][vc_column_text]<\/p>\n<ul>\n<li><a href=\"https:\/\/mandeville.com.hk\/contact-mandeville\/\">Japan<\/a><\/li>\n<li><a href=\"https:\/\/mandeville.com.hk\/contact-mandeville\/\">Korea<\/a><\/li>\n<li><a href=\"https:\/\/mandeville.com.hk\/contact-mandeville\/\">Mainland China<\/a><\/li>\n<li><a href=\"https:\/\/mandeville.com.hk\/contact-mandeville\/\">Malaysia<\/a><\/li>\n<li><a href=\"https:\/\/mandeville.com.hk\/contact-mandeville\/\">Myanmar<\/a><\/li>\n<li><a href=\"https:\/\/mandeville.com.hk\/contact-mandeville\/\">New Zealand<\/a><\/li>\n<li><a href=\"https:\/\/mandeville.com.hk\/contact-mandeville\/\">Philippines<\/a><\/li>\n<li><a href=\"https:\/\/mandeville.com.hk\/contact-mandeville\/\">Portugal<\/a><\/li>\n<\/ul>\n<p>[\/vc_column_text][\/vc_column_inner][vc_column_inner el_class=\u00a0\u00bbbaselineAlign\u00a0\u00bb width=\u00a0\u00bb1\/6&Prime;][vc_column_text]<\/p>\n<ul>\n<li><a href=\"https:\/\/mandeville.com.hk\/contact-mandeville\/\">Singapore<\/a><\/li>\n<li><a href=\"https:\/\/mandeville.com.hk\/contact-mandeville\/\">Taiwan<\/a><\/li>\n<li><a href=\"https:\/\/mandeville.com.hk\/contact-mandeville\/\">Thailand<\/a><\/li>\n<li><a href=\"https:\/\/mandeville.com.hk\/contact-mandeville\/\">United Kingdom<\/a><\/li>\n<li><a href=\"https:\/\/mandeville.com.hk\/contact-mandeville\/\">United States<\/a><\/li>\n<li><a href=\"https:\/\/mandeville.com.hk\/contact-mandeville\/\">Vietnam<\/a><\/li>\n<\/ul>\n<p>[\/vc_column_text][\/vc_column_inner][vc_column_inner width=\u00a0\u00bb1\/2&Prime;][vc_single_image custom_src=\u00a0\u00bbhttps:\/\/mandeville.com.hk\/wp-content\/uploads\/2020\/11\/mandeville_map_final.jpg\u00a0\u00bb][\/vc_column_inner][\/vc_row_inner][\/vc_column][\/vc_row][vc_row parallax_image_attachment=\u00a0\u00bbinherit\u00a0\u00bb][vc_column][vc_empty_space][\/vc_column][\/vc_row][vc_row full_width=\u00a0\u00bbstretch_row\u00a0\u00bb equal_height=\u00a0\u00bbyes\u00a0\u00bb enable_inner=\u00a0\u00bbyes\u00a0\u00bb parallax_image_attachment=\u00a0\u00bbinherit\u00a0\u00bb][vc_column width=\u00a0\u00bb1\/3&Prime; offset=\u00a0\u00bbvc_hidden-xs\u00a0\u00bb][vc_single_image custom_src=\u00a0\u00bbhttps:\/\/mandeville.com.hk\/wp-content\/uploads\/2020\/10\/MandevilleAssociates_logo.png\u00a0\u00bb external_img_size=\u00a0\u00bbmedium\u00a0\u00bb][vc_empty_space][vc_column_text]D\u00e8s 1986, M. Fran\u00e7ois Mandeville, fondateur et associ\u00e9 g\u00e9rant de Mandeville &amp; Associates, a aid\u00e9 des hommes d&rsquo;affaires \u00e0 \u00e9migrer par le biais des programmes de r\u00e9sidence par l&rsquo;investissement. Mandeville &amp; Associ\u00e9s est devenu un acteur de premier plan dans ce secteur et jouit d&rsquo;une r\u00e9putation irr\u00e9prochable.[\/vc_column_text][vc_empty_space][\/vc_column][vc_column width=\u00a0\u00bb1\/3&Prime; el_class=\u00a0\u00bbmiddleColAlign\u00a0\u00bb][vc_empty_space][vc_wp_custommenu nav_menu=\u00a0\u00bb28&Prime; el_class=\u00a0\u00bbforceFontSize\u00a0\u00bb el_id=\u00a0\u00bbbottomMenu\u00a0\u00bb][\/vc_column][vc_column width=\u00a0\u00bb1\/3&Prime; el_class=\u00a0\u00bbrightColAlign\u00a0\u00bb][vc_empty_space][vc_row_inner parallax_image_attachment=\u00a0\u00bbinherit\u00a0\u00bb margin_bottom=\u00a0\u00bbmb-0&Prime;][vc_column_inner][vc_column_text css=\u00a0\u00bb\u00a0\u00bb el_class=\u00a0\u00bbmobileFooterContactFix\u00a0\u00bb]<span class=\"fa fa-map-marker\">\u00a0<\/span><a href=\"https:\/\/goo.gl\/maps\/jX3KcxCD4xRaHhAV6\">902, 9\/F Winsome House, 71-73 Wyndham Street<br \/>\nCentral, Hong Kong SAR<\/a><\/p>\n<p><span class=\"fa fa-phone\">\u00a0<\/span><a href=\"tel:+85228770111\">+852-2877-0111<\/a><\/p>\n<p><span class=\"fa fa-fax\">\u00a0<\/span><a href=\"tel:+85228770111\">+852-2542-4409<\/a><\/p>\n<p><span class=\"fa fa-envelope\">\u00a0<\/span><a href=\"mailto: enquiry@mandeville.com.hk\">enquiry@mandeville.com.hk<\/a>[\/vc_column_text][vc_empty_space height=\u00a0\u00bb20px\u00a0\u00bb][\/vc_column_inner][\/vc_row_inner][vc_raw_html el_class=\u00a0\u00bbsocialAlign\u00a0\u00bb]PGEgaHJlZj0iaHR0cHM6Ly93d3cuZmFjZWJvb2suY29tL21hbmRldmlsbGUuYXNzb2NpYXRlcy8iIHRhcmdldD0iX2JsYW5rIj48aSBjbGFzcz0iZmEgZmEtZmFjZWJvb2siPjwvaT48L2E+CjxhIGhyZWY9Imh0dHBzOi8vd3d3LmxpbmtlZGluLmNvbS9jb21wYW55L21hbmRldmlsbGUtJmFtcDstYXNzb2NpYXRlcy1sdGQuIiB0YXJnZXQ9Il9ibGFuayI+PGkgY2xhc3M9ImZhIGZhLWxpbmtlZGluIiBzdHlsZT0ibWFyZ2luLWxlZnQ6MjVweDsiPjwvaT48L2E+[\/vc_raw_html][vc_single_image custom_src=\u00a0\u00bb https:\/\/www.mandeville.com.hk\/wp-content\/uploads\/2026\/03\/EB5_IIUSA.png\u00a0\u00bb el_class=\u00a0\u00bb eb5_iiusa\u00a0\u00bb css=\u00a0\u00bb\u00a0\u00bb][\/vc_column][\/vc_row]<\/p>\n<\/div>","protected":false},"excerpt":{"rendered":"<p>[vc_row parallax_image_attachment=\u00a0\u00bbinherit\u00a0\u00bb][vc_column][vc_empty_space height=\u00a0\u00bb100px\u00a0\u00bb el_id=\u00a0\u00bbvs_empty_more\u00a0\u00bb][\/vc_column][\/vc_row][vc_row full_width=\u00a0\u00bbstretch_row_content\u00a0\u00bb enable_inner=\u00a0\u00bbyes\u00a0\u00bb parallax_image_attachment=\u00a0\u00bbinherit\u00a0\u00bb][vc_column column_inner_style=\u00a0\u00bbcontent-boxes\u00a0\u00bb][vc_column_text] Our Team [\/vc_column_text][\/vc_column][\/vc_row][vc_row parallax_image_attachment=\u00a0\u00bbinherit\u00a0\u00bb][vc_column][vc_empty_space][\/vc_column][\/vc_row][vc_row full_width=\u00a0\u00bbstretch_row_content\u00a0\u00bb enable_inner=\u00a0\u00bbyes\u00a0\u00bb parallax_image_attachment=\u00a0\u00bbinherit\u00a0\u00bb][vc_column][vc_row_inner parallax_image_attachment=\u00a0\u00bbinherit\u00a0\u00bb][vc_column_inner width=\u00a0\u00bb2\/5&Prime;][mvc_team_profile member_visibility=\u00a0\u00bboutset\u00a0\u00bb image_id=\u00a0\u00bb11701&Prime; memb_name=\u00a0\u00bbFran\u00e7ois Mandeville\u00a0\u00bb memb_prof=\u00a0\u00bbManaging Partner\u00a0\u00bb url=\u00a0\u00bburl:%23|rel:nofollow\u00a0\u00bb][\/vc_column_inner][vc_column_inner width=\u00a0\u00bb1\/5&Prime;][\/vc_column_inner][vc_column_inner width=\u00a0\u00bb2\/5&Prime;][mvc_team_profile member_visibility=\u00a0\u00bboutset\u00a0\u00bb image_id=\u00a0\u00bb11774&Prime; memb_name=\u00a0\u00bbAlexandre Bernier\u00a0\u00bb memb_prof=\u00a0\u00bbAvocat &#8211; Canada Affiliated Office\u00a0\u00bb url=\u00a0\u00bburl:%23|rel:nofollow\u00a0\u00bb][\/vc_column_inner][\/vc_row_inner][vc_row_inner parallax_image_attachment=\u00a0\u00bbinherit\u00a0\u00bb][vc_column_inner width=\u00a0\u00bb1\/3&Prime;][mvc_team_profile member_visibility=\u00a0\u00bboutset\u00a0\u00bb image_id=\u00a0\u00bb11706&Prime;&#8230;<\/p>\n","protected":false},"author":4,"featured_media":0,"parent":0,"menu_order":0,"comment_status":"closed","ping_status":"closed","template":"","meta":{"footnotes":""},"class_list":["post-14954","page","type-page","status-publish","hentry","no-post-thumbnail"],"yoast_head":"<!-- This site is optimized with the Yoast SEO plugin v27.4 - https:\/\/yoast.com\/product\/yoast-seo-wordpress\/ -->\n<title>A propos de nous - Mandeville &amp; Associates<\/title>\n<meta name=\"robots\" content=\"index, follow, max-snippet:-1, max-image-preview:large, max-video-preview:-1\" \/>\n<link rel=\"canonical\" href=\"https:\/\/www.mandeville.com.hk\/fr\/about-us\/\" \/>\n<meta property=\"og:locale\" content=\"fr_FR\" \/>\n<meta property=\"og:type\" content=\"article\" \/>\n<meta property=\"og:title\" content=\"A propos de nous - Mandeville &amp; Associates\" \/>\n<meta property=\"og:description\" content=\"[vc_row parallax_image_attachment=\u00a0\u00bbinherit\u00a0\u00bb][vc_column][vc_empty_space height=\u00a0\u00bb100px\u00a0\u00bb el_id=\u00a0\u00bbvs_empty_more\u00a0\u00bb][\/vc_column][\/vc_row][vc_row full_width=\u00a0\u00bbstretch_row_content\u00a0\u00bb enable_inner=\u00a0\u00bbyes\u00a0\u00bb parallax_image_attachment=\u00a0\u00bbinherit\u00a0\u00bb][vc_column column_inner_style=\u00a0\u00bbcontent-boxes\u00a0\u00bb][vc_column_text] Our Team [\/vc_column_text][\/vc_column][\/vc_row][vc_row parallax_image_attachment=\u00a0\u00bbinherit\u00a0\u00bb][vc_column][vc_empty_space][\/vc_column][\/vc_row][vc_row full_width=\u00a0\u00bbstretch_row_content\u00a0\u00bb enable_inner=\u00a0\u00bbyes\u00a0\u00bb parallax_image_attachment=\u00a0\u00bbinherit\u00a0\u00bb][vc_column][vc_row_inner parallax_image_attachment=\u00a0\u00bbinherit\u00a0\u00bb][vc_column_inner width=\u00a0\u00bb2\/5&Prime;][mvc_team_profile member_visibility=\u00a0\u00bboutset\u00a0\u00bb image_id=\u00a0\u00bb11701&Prime; memb_name=\u00a0\u00bbFran\u00e7ois Mandeville\u00a0\u00bb memb_prof=\u00a0\u00bbManaging Partner\u00a0\u00bb url=\u00a0\u00bburl:%23|rel:nofollow\u00a0\u00bb][\/vc_column_inner][vc_column_inner width=\u00a0\u00bb1\/5&Prime;][\/vc_column_inner][vc_column_inner width=\u00a0\u00bb2\/5&Prime;][mvc_team_profile member_visibility=\u00a0\u00bboutset\u00a0\u00bb image_id=\u00a0\u00bb11774&Prime; memb_name=\u00a0\u00bbAlexandre Bernier\u00a0\u00bb memb_prof=\u00a0\u00bbAvocat &#8211; Canada Affiliated Office\u00a0\u00bb url=\u00a0\u00bburl:%23|rel:nofollow\u00a0\u00bb][\/vc_column_inner][\/vc_row_inner][vc_row_inner parallax_image_attachment=\u00a0\u00bbinherit\u00a0\u00bb][vc_column_inner width=\u00a0\u00bb1\/3&Prime;][mvc_team_profile member_visibility=\u00a0\u00bboutset\u00a0\u00bb image_id=\u00a0\u00bb11706&Prime;...\" \/>\n<meta property=\"og:url\" content=\"https:\/\/www.mandeville.com.hk\/fr\/about-us\/\" \/>\n<meta property=\"og:site_name\" content=\"Mandeville &amp; Associates\" \/>\n<meta property=\"article:modified_time\" content=\"2026-03-12T06:39:46+00:00\" \/>\n<meta name=\"twitter:card\" content=\"summary_large_image\" \/>\n<meta name=\"twitter:label1\" content=\"Dur\u00e9e de lecture estim\u00e9e\" \/>\n\t<meta name=\"twitter:data1\" content=\"3 minutes\" \/>\n<script type=\"application\/ld+json\" class=\"yoast-schema-graph\">{\"@context\":\"https:\\\/\\\/schema.org\",\"@graph\":[{\"@type\":\"WebPage\",\"@id\":\"https:\\\/\\\/www.mandeville.com.hk\\\/fr\\\/about-us\\\/\",\"url\":\"https:\\\/\\\/www.mandeville.com.hk\\\/fr\\\/about-us\\\/\",\"name\":\"A propos de nous - Mandeville &amp; Associates\",\"isPartOf\":{\"@id\":\"https:\\\/\\\/www.mandeville.com.hk\\\/fr\\\/#website\"},\"datePublished\":\"2020-11-10T11:00:15+00:00\",\"dateModified\":\"2026-03-12T06:39:46+00:00\",\"breadcrumb\":{\"@id\":\"https:\\\/\\\/www.mandeville.com.hk\\\/fr\\\/about-us\\\/#breadcrumb\"},\"inLanguage\":\"fr-FR\",\"potentialAction\":[{\"@type\":\"ReadAction\",\"target\":[\"https:\\\/\\\/www.mandeville.com.hk\\\/fr\\\/about-us\\\/\"]}]},{\"@type\":\"BreadcrumbList\",\"@id\":\"https:\\\/\\\/www.mandeville.com.hk\\\/fr\\\/about-us\\\/#breadcrumb\",\"itemListElement\":[{\"@type\":\"ListItem\",\"position\":1,\"name\":\"Home\",\"item\":\"https:\\\/\\\/www.mandeville.com.hk\\\/fr\\\/\"},{\"@type\":\"ListItem\",\"position\":2,\"name\":\"A propos de nous\"}]},{\"@type\":\"WebSite\",\"@id\":\"https:\\\/\\\/www.mandeville.com.hk\\\/fr\\\/#website\",\"url\":\"https:\\\/\\\/www.mandeville.com.hk\\\/fr\\\/\",\"name\":\"Mandeville &amp; Associates\",\"description\":\"\",\"potentialAction\":[{\"@type\":\"SearchAction\",\"target\":{\"@type\":\"EntryPoint\",\"urlTemplate\":\"https:\\\/\\\/www.mandeville.com.hk\\\/fr\\\/?s={search_term_string}\"},\"query-input\":{\"@type\":\"PropertyValueSpecification\",\"valueRequired\":true,\"valueName\":\"search_term_string\"}}],\"inLanguage\":\"fr-FR\"}]}<\/script>\n<!-- \/ Yoast SEO plugin. -->","yoast_head_json":{"title":"A propos de nous - Mandeville &amp; Associates","robots":{"index":"index","follow":"follow","max-snippet":"max-snippet:-1","max-image-preview":"max-image-preview:large","max-video-preview":"max-video-preview:-1"},"canonical":"https:\/\/www.mandeville.com.hk\/fr\/about-us\/","og_locale":"fr_FR","og_type":"article","og_title":"A propos de nous - Mandeville &amp; Associates","og_description":"[vc_row parallax_image_attachment=\u00a0\u00bbinherit\u00a0\u00bb][vc_column][vc_empty_space height=\u00a0\u00bb100px\u00a0\u00bb el_id=\u00a0\u00bbvs_empty_more\u00a0\u00bb][\/vc_column][\/vc_row][vc_row full_width=\u00a0\u00bbstretch_row_content\u00a0\u00bb enable_inner=\u00a0\u00bbyes\u00a0\u00bb parallax_image_attachment=\u00a0\u00bbinherit\u00a0\u00bb][vc_column column_inner_style=\u00a0\u00bbcontent-boxes\u00a0\u00bb][vc_column_text] Our Team [\/vc_column_text][\/vc_column][\/vc_row][vc_row parallax_image_attachment=\u00a0\u00bbinherit\u00a0\u00bb][vc_column][vc_empty_space][\/vc_column][\/vc_row][vc_row full_width=\u00a0\u00bbstretch_row_content\u00a0\u00bb enable_inner=\u00a0\u00bbyes\u00a0\u00bb parallax_image_attachment=\u00a0\u00bbinherit\u00a0\u00bb][vc_column][vc_row_inner parallax_image_attachment=\u00a0\u00bbinherit\u00a0\u00bb][vc_column_inner width=\u00a0\u00bb2\/5&Prime;][mvc_team_profile member_visibility=\u00a0\u00bboutset\u00a0\u00bb image_id=\u00a0\u00bb11701&Prime; memb_name=\u00a0\u00bbFran\u00e7ois Mandeville\u00a0\u00bb memb_prof=\u00a0\u00bbManaging Partner\u00a0\u00bb url=\u00a0\u00bburl:%23|rel:nofollow\u00a0\u00bb][\/vc_column_inner][vc_column_inner width=\u00a0\u00bb1\/5&Prime;][\/vc_column_inner][vc_column_inner width=\u00a0\u00bb2\/5&Prime;][mvc_team_profile member_visibility=\u00a0\u00bboutset\u00a0\u00bb image_id=\u00a0\u00bb11774&Prime; memb_name=\u00a0\u00bbAlexandre Bernier\u00a0\u00bb memb_prof=\u00a0\u00bbAvocat &#8211; Canada Affiliated Office\u00a0\u00bb url=\u00a0\u00bburl:%23|rel:nofollow\u00a0\u00bb][\/vc_column_inner][\/vc_row_inner][vc_row_inner parallax_image_attachment=\u00a0\u00bbinherit\u00a0\u00bb][vc_column_inner width=\u00a0\u00bb1\/3&Prime;][mvc_team_profile member_visibility=\u00a0\u00bboutset\u00a0\u00bb image_id=\u00a0\u00bb11706&Prime;...","og_url":"https:\/\/www.mandeville.com.hk\/fr\/about-us\/","og_site_name":"Mandeville &amp; Associates","article_modified_time":"2026-03-12T06:39:46+00:00","twitter_card":"summary_large_image","twitter_misc":{"Dur\u00e9e de lecture estim\u00e9e":"3 minutes"},"schema":{"@context":"https:\/\/schema.org","@graph":[{"@type":"WebPage","@id":"https:\/\/www.mandeville.com.hk\/fr\/about-us\/","url":"https:\/\/www.mandeville.com.hk\/fr\/about-us\/","name":"A propos de nous - Mandeville &amp; Associates","isPartOf":{"@id":"https:\/\/www.mandeville.com.hk\/fr\/#website"},"datePublished":"2020-11-10T11:00:15+00:00","dateModified":"2026-03-12T06:39:46+00:00","breadcrumb":{"@id":"https:\/\/www.mandeville.com.hk\/fr\/about-us\/#breadcrumb"},"inLanguage":"fr-FR","potentialAction":[{"@type":"ReadAction","target":["https:\/\/www.mandeville.com.hk\/fr\/about-us\/"]}]},{"@type":"BreadcrumbList","@id":"https:\/\/www.mandeville.com.hk\/fr\/about-us\/#breadcrumb","itemListElement":[{"@type":"ListItem","position":1,"name":"Home","item":"https:\/\/www.mandeville.com.hk\/fr\/"},{"@type":"ListItem","position":2,"name":"A propos de nous"}]},{"@type":"WebSite","@id":"https:\/\/www.mandeville.com.hk\/fr\/#website","url":"https:\/\/www.mandeville.com.hk\/fr\/","name":"Mandeville &amp; Associates","description":"","potentialAction":[{"@type":"SearchAction","target":{"@type":"EntryPoint","urlTemplate":"https:\/\/www.mandeville.com.hk\/fr\/?s={search_term_string}"},"query-input":{"@type":"PropertyValueSpecification","valueRequired":true,"valueName":"search_term_string"}}],"inLanguage":"fr-FR"}]}},"_links":{"self":[{"href":"https:\/\/www.mandeville.com.hk\/fr\/wp-json\/wp\/v2\/pages\/14954","targetHints":{"allow":["GET"]}}],"collection":[{"href":"https:\/\/www.mandeville.com.hk\/fr\/wp-json\/wp\/v2\/pages"}],"about":[{"href":"https:\/\/www.mandeville.com.hk\/fr\/wp-json\/wp\/v2\/types\/page"}],"author":[{"embeddable":true,"href":"https:\/\/www.mandeville.com.hk\/fr\/wp-json\/wp\/v2\/users\/4"}],"replies":[{"embeddable":true,"href":"https:\/\/www.mandeville.com.hk\/fr\/wp-json\/wp\/v2\/comments?post=14954"}],"version-history":[{"count":18,"href":"https:\/\/www.mandeville.com.hk\/fr\/wp-json\/wp\/v2\/pages\/14954\/revisions"}],"predecessor-version":[{"id":16647,"href":"https:\/\/www.mandeville.com.hk\/fr\/wp-json\/wp\/v2\/pages\/14954\/revisions\/16647"}],"wp:attachment":[{"href":"https:\/\/www.mandeville.com.hk\/fr\/wp-json\/wp\/v2\/media?parent=14954"}],"curies":[{"name":"wp","href":"https:\/\/api.w.org\/{rel}","templated":true}]}}