{"id":14956,"date":"2020-10-14T08:46:30","date_gmt":"2020-10-14T08:46:30","guid":{"rendered":"https:\/\/www.mandeville.com.hk\/homepage-2-2-2\/"},"modified":"2026-03-19T02:51:12","modified_gmt":"2026-03-19T02:51:12","slug":"homepage-2-2-2","status":"publish","type":"page","link":"https:\/\/www.mandeville.com.hk\/fr\/","title":{"rendered":"Accueil"},"content":{"rendered":"<div class=\"wpb-content-wrapper\"><p>[vc_row full_width=\u00a0\u00bbstretch_row_content_no_spaces\u00a0\u00bb parallax_image_attachment=\u00a0\u00bbinherit\u00a0\u00bb el_id=\u00a0\u00bben-t\u00eate principal\u00a0\u00bb][vc_column]\n\t\t\t<!-- START Homepage REVOLUTION SLIDER 6.2.22 --><p class=\"rs-p-wp-fix\"><\/p>\n\t\t\t<rs-module-wrap id=\"rev_slider_7_1_wrapper\" data-source=\"gallery\" style=\"background:transparent;padding:0;margin:0px auto;margin-top:0;margin-bottom:0;\">\n\t\t\t\t<rs-module id=\"rev_slider_7_1\" style=\"\" data-version=\"6.2.22\">\n\t\t\t\t\t<rs-slides>\n\t\t\t\t\t\t<rs-slide data-key=\"rs-16\" data-title=\"Slide\" data-thumb=\"\/\/mandeville.com.hk\/wp-content\/uploads\/2020\/10\/matthias-mullie-VAxCHgJvZ0g-unsplash.jpg\" data-anim=\"ei:d;eo:d;s:1000;r:0;t:fade;sl:0;\">\n\t\t\t\t\t\t\t<img loading=\"lazy\" decoding=\"async\" src=\"\/\/mandeville.com.hk\/wp-content\/uploads\/2020\/10\/matthias-mullie-VAxCHgJvZ0g-unsplash.jpg\" title=\"matthias-mullie-VAxCHgJvZ0g-unsplash\" width=\"1920\" height=\"768\" class=\"rev-slidebg\" data-no-retina>\n<!---->\t\t\t\t\t\t<\/rs-slide>\n\t\t\t\t\t\t<rs-slide data-key=\"rs-19\" data-title=\"Slide\" data-thumb=\"\/\/mandeville.com.hk\/wp-content\/uploads\/2020\/10\/joseph-barrientos-Ji_G7Bu1MoM-unsplash-1.jpg\" data-anim=\"ei:d;eo:d;s:1000;r:0;t:fade;sl:0;\">\n\t\t\t\t\t\t\t<img loading=\"lazy\" decoding=\"async\" src=\"\/\/mandeville.com.hk\/wp-content\/uploads\/2020\/10\/joseph-barrientos-Ji_G7Bu1MoM-unsplash-1.jpg\" title=\"joseph-barrientos-Ji_G7Bu1MoM-unsplash\" width=\"1920\" height=\"1280\" class=\"rev-slidebg\" data-no-retina>\n<!---->\t\t\t\t\t\t<\/rs-slide>\n\t\t\t\t\t\t<rs-slide data-key=\"rs-20\" data-title=\"Slide\" data-thumb=\"\/\/mandeville.com.hk\/wp-content\/uploads\/2020\/10\/shawn-lee-eFSvXH2Aa8s-unsplash.jpg\" data-anim=\"ei:d;eo:d;s:1000;r:0;t:fade;sl:0;\">\n\t\t\t\t\t\t\t<img loading=\"lazy\" decoding=\"async\" src=\"\/\/mandeville.com.hk\/wp-content\/uploads\/2020\/10\/shawn-lee-eFSvXH2Aa8s-unsplash.jpg\" title=\"shawn-lee-eFSvXH2Aa8s-unsplash\" width=\"1920\" height=\"1280\" class=\"rev-slidebg\" data-no-retina>\n<!---->\t\t\t\t\t\t<\/rs-slide>\n\t\t\t\t\t<\/rs-slides>\n\t\t\t\t<\/rs-module>\n\t\t\t\t<script type=\"text\/javascript\">\n\t\t\t\t\tsetREVStartSize({c: 'rev_slider_7_1',rl:[1240,1024,778,480],el:[600],gw:[1240],gh:[600],type:'standard',justify:'',layout:'fullwidth',mh:\"0\"});\n\t\t\t\t\tvar\trevapi7,\n\t\t\t\t\t\ttpj;\n\t\t\t\t\tfunction revinit_revslider71() {\n\t\t\t\t\tjQuery(function() {\n\t\t\t\t\t\ttpj = jQuery;\n\t\t\t\t\t\trevapi7 = tpj(\"#rev_slider_7_1\");\n\t\t\t\t\t\tif(revapi7==undefined || revapi7.revolution == undefined){\n\t\t\t\t\t\t\trevslider_showDoubleJqueryError(\"rev_slider_7_1\");\n\t\t\t\t\t\t}else{\n\t\t\t\t\t\t\trevapi7.revolution({\n\t\t\t\t\t\t\t\tsliderLayout:\"fullwidth\",\n\t\t\t\t\t\t\t\tvisibilityLevels:\"1240,1024,778,480\",\n\t\t\t\t\t\t\t\tgridwidth:1240,\n\t\t\t\t\t\t\t\tgridheight:600,\n\t\t\t\t\t\t\t\tspinner:\"spinner0\",\n\t\t\t\t\t\t\t\tperspective:600,\n\t\t\t\t\t\t\t\tperspectiveType:\"global\",\n\t\t\t\t\t\t\t\teditorheight:\"600,768,960,720\",\n\t\t\t\t\t\t\t\tresponsiveLevels:\"1240,1024,778,480\",\n\t\t\t\t\t\t\t\tprogressBar:{disableProgressBar:true},\n\t\t\t\t\t\t\t\tnavigation: {\n\t\t\t\t\t\t\t\t\tonHoverStop:false,\n\t\t\t\t\t\t\t\t\tarrows: {\n\t\t\t\t\t\t\t\t\t\tenable:true,\n\t\t\t\t\t\t\t\t\t\tstyle:\"uranus\",\n\t\t\t\t\t\t\t\t\t\tleft: {\n\t\t\t\t\t\t\t\t\t\t\th_offset:30\n\t\t\t\t\t\t\t\t\t\t},\n\t\t\t\t\t\t\t\t\t\tright: {\n\t\t\t\t\t\t\t\t\t\t\th_offset:30\n\t\t\t\t\t\t\t\t\t\t}\n\t\t\t\t\t\t\t\t\t}\n\t\t\t\t\t\t\t\t},\n\t\t\t\t\t\t\t\tfallbacks: {\n\t\t\t\t\t\t\t\t\tallowHTML5AutoPlayOnAndroid:true\n\t\t\t\t\t\t\t\t},\n\t\t\t\t\t\t\t});\n\t\t\t\t\t\t}\n\t\t\t\t\t\t\n\t\t\t\t\t});\n\t\t\t\t\t} \/\/ End of RevInitScript\n\t\t\t\tvar once_revslider71 = false;\n\t\t\t\tif (document.readyState === \"loading\") {document.addEventListener('readystatechange',function() { if((document.readyState === \"interactive\" || document.readyState === \"complete\") && !once_revslider71 ) { once_revslider71 = true; revinit_revslider71();}});} else {once_revslider71 = true; revinit_revslider71();}\n\t\t\t\t<\/script>\n\t\t\t\t<script>\n\t\t\t\t\tvar htmlDivCss = unescape(\"%23rev_slider_7_1_wrapper%20.uranus.tparrows%20%7B%0A%20%20width%3A50px%3B%0A%20%20height%3A50px%3B%0A%20%20background%3Argba%28255%2C255%2C255%2C0%29%3B%0A%20%7D%0A%20%23rev_slider_7_1_wrapper%20.uranus.tparrows%3Abefore%20%7B%0A%20width%3A50px%3B%0A%20height%3A50px%3B%0A%20line-height%3A50px%3B%0A%20font-size%3A40px%3B%0A%20transition%3Aall%200.3s%3B%0A-webkit-transition%3Aall%200.3s%3B%0A%20%7D%0A%20%0A%20%20%23rev_slider_7_1_wrapper%20.uranus.tparrows%3Ahover%3Abefore%20%7B%0A%20%20%20%20opacity%3A0.75%3B%0A%20%20%7D%0A\");\n\t\t\t\t\tvar htmlDiv = document.getElementById('rs-plugin-settings-inline-css');\n\t\t\t\t\tif(htmlDiv) {\n\t\t\t\t\t\thtmlDiv.innerHTML = htmlDiv.innerHTML + htmlDivCss;\n\t\t\t\t\t}else{\n\t\t\t\t\t\tvar htmlDiv = document.createElement('div');\n\t\t\t\t\t\thtmlDiv.innerHTML = '<style>' + htmlDivCss + '<\/style>';\n\t\t\t\t\t\tdocument.getElementsByTagName('head')[0].appendChild(htmlDiv.childNodes[0]);\n\t\t\t\t\t}\n\t\t\t\t<\/script>\n\t\t\t\t<script>\n\t\t\t\t\tvar htmlDivCss = unescape(\"%0A%0A%0A\");\n\t\t\t\t\tvar htmlDiv = document.getElementById('rs-plugin-settings-inline-css');\n\t\t\t\t\tif(htmlDiv) {\n\t\t\t\t\t\thtmlDiv.innerHTML = htmlDiv.innerHTML + htmlDivCss;\n\t\t\t\t\t}else{\n\t\t\t\t\t\tvar htmlDiv = document.createElement('div');\n\t\t\t\t\t\thtmlDiv.innerHTML = '<style>' + htmlDivCss + '<\/style>';\n\t\t\t\t\t\tdocument.getElementsByTagName('head')[0].appendChild(htmlDiv.childNodes[0]);\n\t\t\t\t\t}\n\t\t\t\t<\/script>\n\t\t\t<\/rs-module-wrap>\n\t\t\t<!-- END REVOLUTION SLIDER -->\n[\/vc_column][\/vc_row][vc_row parallax_image_attachment=\u00a0\u00bbinherit\u00a0\u00bb][vc_column][vc_empty_space][\/vc_column][\/vc_row][vc_row full_width=\u00a0\u00bbstretch_row_content\u00a0\u00bb enable_inner=\u00a0\u00bbyes\u00a0\u00bb parallax_image_attachment=\u00a0\u00bbinherit\u00a0\u00bb][vc_column][vc_column_text]<\/p>\n<h3 class=\"h5-lg grey-color\" style=\"text-align: left;\">D\u00c9VELOPPER LA MOBILIT\u00c9 MONDIALE DEPUIS PLUS DE 30 ANS<\/h3>\n<p>[\/vc_column_text][vc_empty_space][\/vc_column][\/vc_row][vc_row full_width=\u00a0\u00bbstretch_row_content\u00a0\u00bb enable_inner=\u00a0\u00bbyes\u00a0\u00bb parallax_image_attachment=\u00a0\u00bbinherit\u00a0\u00bb el_class=\u00a0\u00bbmobileDisplayFix\u00a0\u00bb][vc_column width=\u00a0\u00bb1\/4&Prime; offset=\u00a0\u00bbvc_col-md-6 vc_col-xs-12&Prime; el_class=\u00a0\u00bborderFirst\u00a0\u00bb][vc_column_text]<iframe loading=\"lazy\" src=\"\/\/www.youtube.com\/embed\/Gu-tC0zN6II?rel=0&amp;modestbranding=1&amp;autohide=1&amp;showinfo=0&amp;controls=0\" width=\"560\" height=\"405\" frameborder=\"0\" allowfullscreen=\"allowfullscreen\"><\/iframe>[\/vc_column_text][\/vc_column][vc_column width=\u00a0\u00bb3\/4&Prime; column_inner_style=\u00a0\u00bbcontent-boxes\u00a0\u00bb offset=\u00a0\u00bbvc_col-md-8 vc_col-xs-12&Prime; el_class=\u00a0\u00bborderSecond\u00a0\u00bb][vc_column_text]<\/p>\n<p style=\"font-size: 16px;\">Depuis 1986, Mandeville &amp; Associates offre des services de conseil destin\u00e9s aux hommes d&rsquo;affaires internationaux de tous les continents d\u00e9sireux de s&rsquo;installer aux \u00c9tats-Unis d&rsquo;Am\u00e9rique, au Canada et en Europe.<\/p>\n<p style=\"font-size: 16px;\">Avec son si\u00e8ge social \u00e0 Hong Kong et des professionnels bas\u00e9s en permanence dans le monde entier, Mandeville &amp; Associates offre une large gamme de services d&rsquo;immigration et de conseil gr\u00e2ce \u00e0 une \u00e9quipe d&rsquo;avocats sp\u00e9cialis\u00e9s et d&rsquo;experts en immigration multilingues.<\/p>\n<p style=\"font-size: 16px;\">Les programmes d&rsquo;immigration d&rsquo;affaires, tels que le programme d&rsquo;immigration des investisseurs, le programme de visa de d\u00e9marrage et d&rsquo;autres programmes de r\u00e9sidence par investissement, permettent au candidat retenu, \u00e0 son conjoint et \u00e0 ses enfants \u00e0 charge d&rsquo;obtenir un visa de r\u00e9sidence et ce statut peut conduire \u00e0 la citoyennet\u00e9 sous certaines conditions.<\/p>\n<p style=\"font-size: 16px;\">Mandeville &amp; Associates fournit des services sp\u00e9cialis\u00e9s aux professionnels, aux courtiers et aux consultants en immigration qui recrutent des candidats \u00e0 l&rsquo;immigration aux \u00c9tats-Unis d&rsquo;Am\u00e9rique, au Canada et en Europe par le biais de son programme de migration d&rsquo;affaires. <strong><a href=\"https:\/\/mandeville.com.hk\/about-us\/\">En savoir plus<\/a><\/strong><\/p>\n<p>[\/vc_column_text][vc_empty_space][\/vc_column][\/vc_row][vc_row parallax_image_attachment=\u00a0\u00bbinherit\u00a0\u00bb][vc_column][\/vc_column][\/vc_row][vc_row full_width=\u00a0\u00bbstretch_row_content\u00a0\u00bb enable_inner=\u00a0\u00bbyes\u00a0\u00bb parallax_image_attachment=\u00a0\u00bbinherit\u00a0\u00bb][vc_column column_inner_style=\u00a0\u00bbcontent-boxes\u00a0\u00bb][vc_column_text]<\/p>\n<h3 class=\"h5-lg grey-color\">Programmes de r\u00e9sidence de pointe<\/h3>\n<p style=\"font-size: 16px;\">La migration par le biais de la r\u00e9sidence par investissement repr\u00e9sente une opportunit\u00e9 unique pour les hommes d&rsquo;affaires d&rsquo;obtenir une r\u00e9sidence permanente pour eux-m\u00eames et les membres de leur famille dans des destinations de premier plan.<\/p>\n<p>[\/vc_column_text][vc_empty_space][vc_row_inner equal_height=\u00a0\u00bbyes\u00a0\u00bb gap=\u00a0\u00bb10&Prime; parallax_image_attachment=\u00a0\u00bbinherit\u00a0\u00bb][vc_column_inner width=\u00a0\u00bb5\/12&Prime;][vc_raw_html css=\u00a0\u00bb\u00a0\u00bb]JTNDZGl2JTIwY2xhc3MlM0QlMjJjYm94LTMlMjIlM0UlMEElMDklMDklM0NhJTIwaHJlZiUzRCUyMiUyRmZyJTJGY2FuYWRpYW4tcHJvZ3JhbSUyRiUyMiUzRSUwQSUwOSUwOSUzQ2RpdiUyMGNsYXNzJTNEJTIyaG92ZXItb3ZlcmxheSUyMiUzRSUwQSUwOSUwOSUwOSUzQ2ltZyUyMGFsdCUzRCUyMmFwZXIlQzMlQTd1LXBheXMlMjIlMjBjbGFzcyUzRCUyMmltZy1mbHVpZCUyMiUyMHNyYyUzRCUyMiUyRndwLWNvbnRlbnQlMkZ1cGxvYWRzJTJGMjAyMCUyRjEwJTJGbXdhbmdpLWdhdGhlY2EtcWxLYU43ZXFheTgtdW5zcGxhc2gtMS1Dcm9wcGVkLmpwZyUyMiUzRSUzQyUyMS0tJTIwSW1hZ2UlMjAtLSUzRSUwQSUwOSUwOSUwOSUzQ2RpdiUyMGNsYXNzJTNEJTIyaXRlbS1vdmVybGF5JTIyJTNFJTNDJTJGZGl2JTNFJTBBJTA5JTA5JTA5JTNDZGl2JTIwY2xhc3MlM0QlMjJjb3VudHJ5LW5hbWUlMjB3aGl0ZS1jb2xvciUyMiUzRSUwQSUwOSUwOSUwOSUwOSUzQ2g1JTNFQ2FuYWRhJTNDJTJGaDUlM0UlM0MlMjEtLSUyMFRpdGxlJTIwLS0lM0UlMEElMDklMDklMDklM0MlMkZkaXYlM0UlMEElMDklMDklM0MlMkZkaXYlM0UlM0MlMkZhJTNFJTBBJTA5JTNDJTJGZGl2JTNF[\/vc_raw_html][\/vc_column_inner][vc_column_inner width=\u00a0\u00bb1\/6&Prime;][\/vc_column_inner][vc_column_inner width=\u00a0\u00bb5\/12&Prime;][vc_raw_html css=\u00a0\u00bb\u00a0\u00bb]JTNDZGl2JTIwY2xhc3MlM0QlMjJjYm94LTMlMjIlM0UlMEElMDklM0NhJTIwaHJlZiUzRCUyMiUyRmZyJTJGdXNhLWViNSUyRiUyMiUzRSUwQSUwOSUzQ2RpdiUyMGNsYXNzJTNEJTIyaG92ZXItb3ZlcmxheSUyMiUzRSUwQSUwOSUwOSUzQ2ltZyUyMGFsdCUzRCUyMmFwZXIlQzMlQTd1LXBheXMlMjIlMjBjbGFzcyUzRCUyMmltZy1mbHVpZCUyMiUyMHNyYyUzRCUyMiUyRndwLWNvbnRlbnQlMkZ1cGxvYWRzJTJGMjAyMCUyRjEwJTJGYnJhbmRvbi1tb3dpbmtlbC1ERjFoS2RWc25fYy11bnNwbGFzaC1Dcm9wcGVkLmpwZyUyMiUzRSUzQyUyMS0tJTIwSW1hZ2UlMjAtLSUzRSUwQSUwOSUwOSUzQ2RpdiUyMGNsYXNzJTNEJTIyaXRlbS1vdmVybGF5JTIyJTNFJTNDJTJGZGl2JTNFJTBBJTA5JTA5JTNDZGl2JTIwY2xhc3MlM0QlMjJjb3VudHJ5LW5hbWUlMjB3aGl0ZS1jb2xvciUyMiUzRSUwQSUwOSUwOSUwOSUzQ2g1JTNFJUMzJTg5VEFUUy1VTklTJTNDJTJGaDUlM0UlM0MlMjEtLSUyMFRpdGxlJTIwLS0lM0UlMEElMDklMDklM0MlMkZkaXYlM0UlMEElMDklM0MlMkZkaXYlM0UlM0MlMkZhJTNFJTBBJTNDJTJGZGl2JTNF[\/vc_raw_html][\/vc_column_inner][\/vc_row_inner][\/vc_column][\/vc_row][vc_row parallax_image_attachment=\u00a0\u00bbinherit\u00a0\u00bb][vc_column][vc_empty_space][vc_empty_space][\/vc_column][\/vc_row][vc_row full_width=\u00a0\u00bbstretch_row_content\u00a0\u00bb enable_inner=\u00a0\u00bbyes\u00a0\u00bb parallax_image_attachment=\u00a0\u00bbinherit\u00a0\u00bb][vc_column column_inner_style=\u00a0\u00bbcontent-boxes\u00a0\u00bb][vc_column_text]<\/p>\n<h3 class=\"h5-lg grey-color\">Actualit\u00e9s d\u2019Immigration<\/h3>\n<p>[\/vc_column_text][vc_empty_space height=\u00a0\u00bb22px\u00a0\u00bb][vc_basic_grid post_type=\u00a0\u00bbpost\u00a0\u00bb max_items=\u00a0\u00bb4&Prime; element_width=\u00a0\u00bb3&Prime; item=\u00a0\u00bb11676&Prime; grid_id=\u00a0\u00bbvc_gid:1773888651360-30a48f3f-2ac5-7&Prime; el_class=\u00a0\u00bbblogPostsBtn equalHeight\u00a0\u00bb][\/vc_column][\/vc_row][vc_row parallax_image_attachment=\u00a0\u00bbinherit\u00a0\u00bb][vc_column][vc_empty_space][vc_empty_space height=\u00a0\u00bb15px\u00a0\u00bb][\/vc_column][\/vc_row][vc_row full_width=\u00a0\u00bbstretch_row\u00a0\u00bb equal_height=\u00a0\u00bbyes\u00a0\u00bb enable_inner=\u00a0\u00bbyes\u00a0\u00bb parallax_image_attachment=\u00a0\u00bbinherit\u00a0\u00bb][vc_column width=\u00a0\u00bb1\/3&Prime; offset=\u00a0\u00bbvc_hidden-xs\u00a0\u00bb][vc_single_image custom_src=\u00a0\u00bbhttps:\/\/mandeville.com.hk\/wp-content\/uploads\/2020\/10\/MandevilleAssociates_logo.png\u00a0\u00bb external_img_size=\u00a0\u00bbmedium\u00a0\u00bb][vc_empty_space][vc_column_text]D\u00e8s 1986, M. Fran\u00e7ois Mandeville, fondateur et associ\u00e9 directeur de Mandeville &amp; Associ\u00e9s, a aid\u00e9 des hommes d&rsquo;affaires \u00e0 \u00e9migrer par le biais des programmes de r\u00e9sidence par investissement. Mandeville &amp; Associ\u00e9s est devenu un acteur de premier plan dans ce secteur et jouit d&rsquo;une r\u00e9putation irr\u00e9prochable.[\/vc_column_text][vc_empty_space][\/vc_column][vc_column width=\u00a0\u00bb1\/3&Prime; el_class=\u00a0\u00bbmiddleColAlign\u00a0\u00bb][vc_empty_space][vc_wp_custommenu nav_menu=\u00a0\u00bb28&Prime; el_class=\u00a0\u00bbforceFontSize\u00a0\u00bb el_id=\u00a0\u00bbbottomMenu\u00a0\u00bb][\/vc_column][vc_column width=\u00a0\u00bb1\/3&Prime; el_class=\u00a0\u00bbrightColAlign\u00a0\u00bb][vc_empty_space][vc_row_inner parallax_image_attachment=\u00a0\u00bbinherit\u00a0\u00bb margin_bottom=\u00a0\u00bbmb-0&Prime;][vc_column_inner][vc_column_text css=\u00a0\u00bb\u00a0\u00bb el_class=\u00a0\u00bbmobileFooterContactFix\u00a0\u00bb]<span class=\"fa fa-map-marker\">\u00a0<\/span><a href=\"https:\/\/goo.gl\/maps\/jX3KcxCD4xRaHhAV6\">902, 9\/F Winsome House, 71-73 Wyndham Street<br \/>\nCentral, Hong Kong SAR<\/a><\/p>\n<p><span class=\"fa fa-phone\">\u00a0<\/span><a href=\"tel:+85228770111\"> +852-2877-0111<\/a><\/p>\n<p><span class=\"fa fa-fax\">\u00a0<\/span><a href=\"tel:+85228770111\"> +852-2542-4409<\/a><\/p>\n<p><span class=\"fa fa-envelope\">\u00a0<\/span><a href=\"mailto: enquiry@mandeville.com.hk\"> enquiry@mandeville.com.hk<\/a>[\/vc_column_text][vc_empty_space height=\u00a0\u00bb20px\u00a0\u00bb][\/vc_column_inner][\/vc_row_inner][vc_raw_html el_class=\u00a0\u00bbsocialAlign\u00a0\u00bb]PGEgaHJlZj0iaHR0cHM6Ly93d3cuZmFjZWJvb2suY29tL21hbmRldmlsbGUuYXNzb2NpYXRlcy8iIHRhcmdldD0iX2JsYW5rIj48aSBjbGFzcz0iZmEgZmEtZmFjZWJvb2siPjwvaT48L2E+CjxhIGhyZWY9Imh0dHBzOi8vd3d3LmxpbmtlZGluLmNvbS9jb21wYW55L21hbmRldmlsbGUtJmFtcDstYXNzb2NpYXRlcy1sdGQuIiB0YXJnZXQ9Il9ibGFuayI+PGkgY2xhc3M9ImZhIGZhLWxpbmtlZGluIiBzdHlsZT0ibWFyZ2luLWxlZnQ6MjVweDsiPjwvaT48L2E+[\/vc_raw_html][vc_single_image custom_src=\u00a0\u00bbhttps:\/\/www.mandeville.com.hk\/wp-content\/uploads\/2026\/03\/EB5_IIUSA.png\u00a0\u00bb el_class=\u00a0\u00bbeb5_iiusa\u00a0\u00bb css=\u00a0\u00bb\u00a0\u00bb][\/vc_column][\/vc_row]<\/p>\n<\/div>","protected":false},"excerpt":{"rendered":"<p>[vc_row full_width=\u00a0\u00bbstretch_row_content_no_spaces\u00a0\u00bb parallax_image_attachment=\u00a0\u00bbinherit\u00a0\u00bb el_id=\u00a0\u00bben-t\u00eate principal\u00a0\u00bb][vc_column][\/vc_column][\/vc_row][vc_row parallax_image_attachment=\u00a0\u00bbinherit\u00a0\u00bb][vc_column][vc_empty_space][\/vc_column][\/vc_row][vc_row full_width=\u00a0\u00bbstretch_row_content\u00a0\u00bb enable_inner=\u00a0\u00bbyes\u00a0\u00bb parallax_image_attachment=\u00a0\u00bbinherit\u00a0\u00bb][vc_column][vc_column_text] D\u00c9VELOPPER LA MOBILIT\u00c9 MONDIALE DEPUIS PLUS DE 30 ANS [\/vc_column_text][vc_empty_space][\/vc_column][\/vc_row][vc_row full_width=\u00a0\u00bbstretch_row_content\u00a0\u00bb enable_inner=\u00a0\u00bbyes\u00a0\u00bb parallax_image_attachment=\u00a0\u00bbinherit\u00a0\u00bb el_class=\u00a0\u00bbmobileDisplayFix\u00a0\u00bb][vc_column width=\u00a0\u00bb1\/4&Prime; offset=\u00a0\u00bbvc_col-md-6 vc_col-xs-12&Prime; el_class=\u00a0\u00bborderFirst\u00a0\u00bb][vc_column_text][\/vc_column_text][\/vc_column][vc_column width=\u00a0\u00bb3\/4&Prime; column_inner_style=\u00a0\u00bbcontent-boxes\u00a0\u00bb offset=\u00a0\u00bbvc_col-md-8 vc_col-xs-12&Prime; el_class=\u00a0\u00bborderSecond\u00a0\u00bb][vc_column_text] Depuis 1986, Mandeville &amp; Associates offre des services&#8230;<\/p>\n","protected":false},"author":4,"featured_media":0,"parent":0,"menu_order":0,"comment_status":"closed","ping_status":"closed","template":"","meta":{"footnotes":""},"class_list":["post-14956","page","type-page","status-publish","hentry","no-post-thumbnail"],"yoast_head":"<!-- This site is optimized with the Yoast SEO plugin v27.4 - https:\/\/yoast.com\/product\/yoast-seo-wordpress\/ -->\n<title>Mandeville &amp; Associates<\/title>\n<meta name=\"robots\" content=\"index, follow, max-snippet:-1, max-image-preview:large, max-video-preview:-1\" \/>\n<link rel=\"canonical\" href=\"https:\/\/www.mandeville.com.hk\/fr\/\" \/>\n<meta property=\"og:locale\" content=\"fr_FR\" \/>\n<meta property=\"og:type\" content=\"article\" \/>\n<meta property=\"og:title\" content=\"Mandeville &amp; Associates\" \/>\n<meta property=\"og:description\" content=\"[vc_row full_width=\u00a0\u00bbstretch_row_content_no_spaces\u00a0\u00bb parallax_image_attachment=\u00a0\u00bbinherit\u00a0\u00bb el_id=\u00a0\u00bben-t\u00eate principal\u00a0\u00bb][vc_column][\/vc_column][\/vc_row][vc_row parallax_image_attachment=\u00a0\u00bbinherit\u00a0\u00bb][vc_column][vc_empty_space][\/vc_column][\/vc_row][vc_row full_width=\u00a0\u00bbstretch_row_content\u00a0\u00bb enable_inner=\u00a0\u00bbyes\u00a0\u00bb parallax_image_attachment=\u00a0\u00bbinherit\u00a0\u00bb][vc_column][vc_column_text] D\u00c9VELOPPER LA MOBILIT\u00c9 MONDIALE DEPUIS PLUS DE 30 ANS [\/vc_column_text][vc_empty_space][\/vc_column][\/vc_row][vc_row full_width=\u00a0\u00bbstretch_row_content\u00a0\u00bb enable_inner=\u00a0\u00bbyes\u00a0\u00bb parallax_image_attachment=\u00a0\u00bbinherit\u00a0\u00bb el_class=\u00a0\u00bbmobileDisplayFix\u00a0\u00bb][vc_column width=\u00a0\u00bb1\/4&Prime; offset=\u00a0\u00bbvc_col-md-6 vc_col-xs-12&Prime; el_class=\u00a0\u00bborderFirst\u00a0\u00bb][vc_column_text][\/vc_column_text][\/vc_column][vc_column width=\u00a0\u00bb3\/4&Prime; column_inner_style=\u00a0\u00bbcontent-boxes\u00a0\u00bb offset=\u00a0\u00bbvc_col-md-8 vc_col-xs-12&Prime; el_class=\u00a0\u00bborderSecond\u00a0\u00bb][vc_column_text] Depuis 1986, Mandeville &amp; Associates offre des services...\" \/>\n<meta property=\"og:url\" content=\"https:\/\/www.mandeville.com.hk\/fr\/\" \/>\n<meta property=\"og:site_name\" content=\"Mandeville &amp; Associates\" \/>\n<meta property=\"article:modified_time\" content=\"2026-03-19T02:51:12+00:00\" \/>\n<meta name=\"twitter:card\" content=\"summary_large_image\" \/>\n<meta name=\"twitter:label1\" content=\"Dur\u00e9e de lecture estim\u00e9e\" \/>\n\t<meta name=\"twitter:data1\" content=\"2 minutes\" \/>\n<script type=\"application\/ld+json\" class=\"yoast-schema-graph\">{\"@context\":\"https:\\\/\\\/schema.org\",\"@graph\":[{\"@type\":\"WebPage\",\"@id\":\"https:\\\/\\\/www.mandeville.com.hk\\\/fr\\\/\",\"url\":\"https:\\\/\\\/www.mandeville.com.hk\\\/fr\\\/\",\"name\":\"Mandeville &amp; Associates\",\"isPartOf\":{\"@id\":\"https:\\\/\\\/www.mandeville.com.hk\\\/fr\\\/#website\"},\"datePublished\":\"2020-10-14T08:46:30+00:00\",\"dateModified\":\"2026-03-19T02:51:12+00:00\",\"breadcrumb\":{\"@id\":\"https:\\\/\\\/www.mandeville.com.hk\\\/fr\\\/#breadcrumb\"},\"inLanguage\":\"fr-FR\",\"potentialAction\":[{\"@type\":\"ReadAction\",\"target\":[\"https:\\\/\\\/www.mandeville.com.hk\\\/fr\\\/\"]}]},{\"@type\":\"BreadcrumbList\",\"@id\":\"https:\\\/\\\/www.mandeville.com.hk\\\/fr\\\/#breadcrumb\",\"itemListElement\":[{\"@type\":\"ListItem\",\"position\":1,\"name\":\"Home\",\"item\":\"https:\\\/\\\/www.mandeville.com.hk\\\/fr\\\/\"},{\"@type\":\"ListItem\",\"position\":2,\"name\":\"Accueil\"}]},{\"@type\":\"WebSite\",\"@id\":\"https:\\\/\\\/www.mandeville.com.hk\\\/fr\\\/#website\",\"url\":\"https:\\\/\\\/www.mandeville.com.hk\\\/fr\\\/\",\"name\":\"Mandeville &amp; Associates\",\"description\":\"\",\"potentialAction\":[{\"@type\":\"SearchAction\",\"target\":{\"@type\":\"EntryPoint\",\"urlTemplate\":\"https:\\\/\\\/www.mandeville.com.hk\\\/fr\\\/?s={search_term_string}\"},\"query-input\":{\"@type\":\"PropertyValueSpecification\",\"valueRequired\":true,\"valueName\":\"search_term_string\"}}],\"inLanguage\":\"fr-FR\"}]}<\/script>\n<!-- \/ Yoast SEO plugin. -->","yoast_head_json":{"title":"Mandeville &amp; Associates","robots":{"index":"index","follow":"follow","max-snippet":"max-snippet:-1","max-image-preview":"max-image-preview:large","max-video-preview":"max-video-preview:-1"},"canonical":"https:\/\/www.mandeville.com.hk\/fr\/","og_locale":"fr_FR","og_type":"article","og_title":"Mandeville &amp; Associates","og_description":"[vc_row full_width=\u00a0\u00bbstretch_row_content_no_spaces\u00a0\u00bb parallax_image_attachment=\u00a0\u00bbinherit\u00a0\u00bb el_id=\u00a0\u00bben-t\u00eate principal\u00a0\u00bb][vc_column][\/vc_column][\/vc_row][vc_row parallax_image_attachment=\u00a0\u00bbinherit\u00a0\u00bb][vc_column][vc_empty_space][\/vc_column][\/vc_row][vc_row full_width=\u00a0\u00bbstretch_row_content\u00a0\u00bb enable_inner=\u00a0\u00bbyes\u00a0\u00bb parallax_image_attachment=\u00a0\u00bbinherit\u00a0\u00bb][vc_column][vc_column_text] D\u00c9VELOPPER LA MOBILIT\u00c9 MONDIALE DEPUIS PLUS DE 30 ANS [\/vc_column_text][vc_empty_space][\/vc_column][\/vc_row][vc_row full_width=\u00a0\u00bbstretch_row_content\u00a0\u00bb enable_inner=\u00a0\u00bbyes\u00a0\u00bb parallax_image_attachment=\u00a0\u00bbinherit\u00a0\u00bb el_class=\u00a0\u00bbmobileDisplayFix\u00a0\u00bb][vc_column width=\u00a0\u00bb1\/4&Prime; offset=\u00a0\u00bbvc_col-md-6 vc_col-xs-12&Prime; el_class=\u00a0\u00bborderFirst\u00a0\u00bb][vc_column_text][\/vc_column_text][\/vc_column][vc_column width=\u00a0\u00bb3\/4&Prime; column_inner_style=\u00a0\u00bbcontent-boxes\u00a0\u00bb offset=\u00a0\u00bbvc_col-md-8 vc_col-xs-12&Prime; el_class=\u00a0\u00bborderSecond\u00a0\u00bb][vc_column_text] Depuis 1986, Mandeville &amp; Associates offre des services...","og_url":"https:\/\/www.mandeville.com.hk\/fr\/","og_site_name":"Mandeville &amp; Associates","article_modified_time":"2026-03-19T02:51:12+00:00","twitter_card":"summary_large_image","twitter_misc":{"Dur\u00e9e de lecture estim\u00e9e":"2 minutes"},"schema":{"@context":"https:\/\/schema.org","@graph":[{"@type":"WebPage","@id":"https:\/\/www.mandeville.com.hk\/fr\/","url":"https:\/\/www.mandeville.com.hk\/fr\/","name":"Mandeville &amp; Associates","isPartOf":{"@id":"https:\/\/www.mandeville.com.hk\/fr\/#website"},"datePublished":"2020-10-14T08:46:30+00:00","dateModified":"2026-03-19T02:51:12+00:00","breadcrumb":{"@id":"https:\/\/www.mandeville.com.hk\/fr\/#breadcrumb"},"inLanguage":"fr-FR","potentialAction":[{"@type":"ReadAction","target":["https:\/\/www.mandeville.com.hk\/fr\/"]}]},{"@type":"BreadcrumbList","@id":"https:\/\/www.mandeville.com.hk\/fr\/#breadcrumb","itemListElement":[{"@type":"ListItem","position":1,"name":"Home","item":"https:\/\/www.mandeville.com.hk\/fr\/"},{"@type":"ListItem","position":2,"name":"Accueil"}]},{"@type":"WebSite","@id":"https:\/\/www.mandeville.com.hk\/fr\/#website","url":"https:\/\/www.mandeville.com.hk\/fr\/","name":"Mandeville &amp; Associates","description":"","potentialAction":[{"@type":"SearchAction","target":{"@type":"EntryPoint","urlTemplate":"https:\/\/www.mandeville.com.hk\/fr\/?s={search_term_string}"},"query-input":{"@type":"PropertyValueSpecification","valueRequired":true,"valueName":"search_term_string"}}],"inLanguage":"fr-FR"}]}},"_links":{"self":[{"href":"https:\/\/www.mandeville.com.hk\/fr\/wp-json\/wp\/v2\/pages\/14956","targetHints":{"allow":["GET"]}}],"collection":[{"href":"https:\/\/www.mandeville.com.hk\/fr\/wp-json\/wp\/v2\/pages"}],"about":[{"href":"https:\/\/www.mandeville.com.hk\/fr\/wp-json\/wp\/v2\/types\/page"}],"author":[{"embeddable":true,"href":"https:\/\/www.mandeville.com.hk\/fr\/wp-json\/wp\/v2\/users\/4"}],"replies":[{"embeddable":true,"href":"https:\/\/www.mandeville.com.hk\/fr\/wp-json\/wp\/v2\/comments?post=14956"}],"version-history":[{"count":18,"href":"https:\/\/www.mandeville.com.hk\/fr\/wp-json\/wp\/v2\/pages\/14956\/revisions"}],"predecessor-version":[{"id":16705,"href":"https:\/\/www.mandeville.com.hk\/fr\/wp-json\/wp\/v2\/pages\/14956\/revisions\/16705"}],"wp:attachment":[{"href":"https:\/\/www.mandeville.com.hk\/fr\/wp-json\/wp\/v2\/media?parent=14956"}],"curies":[{"name":"wp","href":"https:\/\/api.w.org\/{rel}","templated":true}]}}