{"id":16254,"date":"2020-11-10T11:00:15","date_gmt":"2020-11-10T11:00:15","guid":{"rendered":"https:\/\/www.mandeville.com.hk\/ve-chung-toi\/"},"modified":"2026-03-12T06:43:00","modified_gmt":"2026-03-12T06:43:00","slug":"ve-chung-toi","status":"publish","type":"page","link":"https:\/\/www.mandeville.com.hk\/vi\/ve-chung-toi\/","title":{"rendered":"V\u1ec1 Ch\u00fang T\u00f4i"},"content":{"rendered":"<div class=\"wpb-content-wrapper\"><p>[vc_row parallax_image_attachment=&#8221;inherit&#8221;][vc_column][vc_empty_space height=&#8221;100px&#8221; el_id=&#8221;vs_empty_more&#8221;][\/vc_column][\/vc_row][vc_row full_width=&#8221;stretch_row_content&#8221; enable_inner=&#8221;yes&#8221; parallax_image_attachment=&#8221;inherit&#8221;][vc_column column_inner_style=&#8221;content-boxes&#8221;][vc_column_text]<\/p>\n<h1 style=\"text-align: left; font-weight: 400;\"><span style=\"color: #757575; font-weight: 400;\">\u0110\u1ed9i Ng\u0169 C\u1ee7a Ch\u00fang T\u00f4i<\/span><\/h1>\n<p>[\/vc_column_text][\/vc_column][\/vc_row][vc_row parallax_image_attachment=&#8221;inherit&#8221;][vc_column][vc_empty_space][\/vc_column][\/vc_row][vc_row full_width=&#8221;stretch_row_content&#8221; enable_inner=&#8221;yes&#8221; parallax_image_attachment=&#8221;inherit&#8221;][vc_column][vc_row_inner parallax_image_attachment=&#8221;inherit&#8221;][vc_column_inner width=&#8221;2\/5&#8243;][mvc_team_profile member_visibility=&#8221;outset&#8221; image_id=&#8221;11701&#8243; memb_name=&#8221;Fran\u00e7ois Mandeville&#8221; memb_prof=&#8221;Managing Partner&#8221; url=&#8221;url:%23|rel:nofollow&#8221;][\/vc_column_inner][vc_column_inner width=&#8221;1\/5&#8243;][\/vc_column_inner][vc_column_inner width=&#8221;2\/5&#8243;][mvc_team_profile member_visibility=&#8221;outset&#8221; image_id=&#8221;11774&#8243; memb_name=&#8221;Alexandre Bernier&#8221; memb_prof=&#8221;Avocat &#8211; Canada Affiliated Office&#8221; url=&#8221;url:%23|rel:nofollow&#8221;][\/vc_column_inner][\/vc_row_inner][vc_row_inner parallax_image_attachment=&#8221;inherit&#8221;][vc_column_inner width=&#8221;1\/3&#8243;][mvc_team_profile member_visibility=&#8221;outset&#8221; image_id=&#8221;11706&#8243; memb_name=&#8221;Philippe Laberge&#8221; memb_prof=&#8221;AVOCAT&#8221; url=&#8221;url:%23|rel:nofollow&#8221;][\/vc_column_inner][vc_column_inner width=&#8221;1\/3&#8243;][mvc_team_profile member_visibility=&#8221;outset&#8221; image_id=&#8221;11727&#8243; memb_name=&#8221;Jan Keck&#8221; memb_prof=&#8221;Associate &#8211; London Office&#8221; url=&#8221;url:%23|rel:nofollow&#8221;][\/vc_column_inner][vc_column_inner width=&#8221;1\/3&#8243;][mvc_team_profile member_visibility=&#8221;outset&#8221; image_id=&#8221;11728&#8243; memb_name=&#8221;Portia Lau&#8221; memb_prof=&#8221;Administrative Executive &#8211; London Office&#8221; url=&#8221;url:%23|rel:nofollow&#8221;][\/vc_column_inner][\/vc_row_inner][vc_row_inner parallax_image_attachment=&#8221;inherit&#8221;][vc_column_inner width=&#8221;1\/3&#8243;][mvc_team_profile member_visibility=&#8221;outset&#8221; image_id=&#8221;13404&#8243; memb_name=&#8221;Dora Liu&#8221; memb_prof=&#8221;Project Manager&#8221; url=&#8221;url:%23|rel:nofollow&#8221;][\/vc_column_inner][vc_column_inner width=&#8221;1\/3&#8243;][mvc_team_profile member_visibility=&#8221;outset&#8221; image_id=&#8221;11729&#8243; memb_name=&#8221;Reni Chan&#8221; memb_prof=&#8221;Canada Immigration Manager&#8221;][\/vc_column_inner][vc_column_inner width=&#8221;1\/3&#8243;][mvc_team_profile member_visibility=&#8221;outset&#8221; image_id=&#8221;11731&#8243; memb_name=&#8221;Crystal Ying Chan&#8221; memb_prof=&#8221;Canada Processing Assistant&#8221; url=&#8221;url:%23|rel:nofollow&#8221;][\/vc_column_inner][\/vc_row_inner][vc_row_inner parallax_image_attachment=&#8221;inherit&#8221;][vc_column_inner width=&#8221;1\/3&#8243;][\/vc_column_inner][vc_column_inner width=&#8221;1\/3&#8243;][\/vc_column_inner][vc_column_inner width=&#8221;1\/3&#8243;][\/vc_column_inner][\/vc_row_inner][\/vc_column][\/vc_row][vc_row full_width=&#8221;stretch_row_content&#8221; enable_inner=&#8221;yes&#8221; parallax_image_attachment=&#8221;inherit&#8221;][vc_column][\/vc_column][\/vc_row][vc_row parallax_image_attachment=&#8221;inherit&#8221;][vc_column][vc_empty_space][\/vc_column][\/vc_row][vc_row full_width=&#8221;stretch_row_content&#8221; enable_inner=&#8221;yes&#8221; parallax_image_attachment=&#8221;inherit&#8221;][vc_column column_inner_style=&#8221;content-boxes&#8221;][vc_column_text]<\/p>\n<h1 style=\"text-align: left; font-weight: 400;\"><span style=\"color: #757575; font-weight: 400;\">M\u1ea1ng L\u01b0\u1edbi C\u1ee7a Ch\u00fang T\u00f4i<\/span><\/h1>\n<p class=\"x_381332713x1526954223msolistparagraph\" style=\"text-align: left;\"><span class=\"x_381332713size\"><span class=\"x_-1047446596colour\"><span class=\"x_-1047446596font\"><span class=\"x_-1047446596size\">Trong v\u00e0i th\u1eadp k\u1ef7 qua, ch\u00fang t\u00f4i \u0111\u00e3 x\u00e2y d\u1ef1ng m\u1ed9t m\u1ea1ng l\u01b0\u1edbi to\u00e0n c\u1ea7u c\u00f9ng c\u00e1c chuy\u00ean gia di tr\u00fa \u0111\u00e1ng tin c\u1eady. Vui l\u00f2ng ch\u1ecdn khu v\u1ef1c g\u1ea7n b\u1ea1n nh\u1ea5t \u0111\u1ec3 bi\u1ebft th\u00eam chi ti\u1ebft. <\/span><\/span><\/span><\/span><\/p>\n<p>[\/vc_column_text][\/vc_column][\/vc_row][vc_row full_width=&#8221;stretch_row_content&#8221; enable_inner=&#8221;yes&#8221; parallax_image_attachment=&#8221;inherit&#8221;][vc_column][vc_empty_space][vc_row_inner parallax_image_attachment=&#8221;inherit&#8221;][vc_column_inner el_class=&#8221;baselineAlign&#8221; width=&#8221;1\/6&#8243;][vc_column_text]<\/p>\n<ul>\n<li><a href=\"https:\/\/mandeville.com.hk\/contact-mandeville\/\">\u00dac<\/a><\/li>\n<li><a href=\"https:\/\/mandeville.com.hk\/contact-mandeville\/\">B\u0103ng-la-\u0111\u00e9t<\/a><\/li>\n<li><a href=\"https:\/\/mandeville.com.hk\/contact-mandeville\/\">Campuchia<\/a><\/li>\n<li><a href=\"https:\/\/mandeville.com.hk\/contact-mandeville\/\">Canada<\/a><\/li>\n<li><a href=\"https:\/\/mandeville.com.hk\/contact-mandeville\/\">H\u1ed3ng K\u00f4ng<\/a><\/li>\n<li><a href=\"https:\/\/mandeville.com.hk\/contact-mandeville\/\">\u1ea4n \u0110\u1ed9<\/a><\/li>\n<li><a href=\"https:\/\/mandeville.com.hk\/contact-mandeville\/\">Indonesia<\/a><\/li>\n<li><a href=\"https:\/\/mandeville.com.hk\/contact-mandeville\/\">C\u1ed9ng h\u00f2a Ireland<\/a><\/li>\n<\/ul>\n<p>[\/vc_column_text][\/vc_column_inner][vc_column_inner el_class=&#8221;baselineAlign&#8221; width=&#8221;1\/6&#8243;][vc_column_text]<\/p>\n<ul>\n<li><a href=\"https:\/\/mandeville.com.hk\/contact-mandeville\/\">Nh\u1eadt B\u1ea3n<\/a><\/li>\n<li><a href=\"https:\/\/mandeville.com.hk\/contact-mandeville\/\">H\u00e0n Qu\u1ed1c<\/a><\/li>\n<li><a href=\"https:\/\/mandeville.com.hk\/contact-mandeville\/\">Trung Qu\u1ed1c<\/a><\/li>\n<li><a href=\"https:\/\/mandeville.com.hk\/contact-mandeville\/\">M\u00e3 Lai<\/a><\/li>\n<li><a href=\"https:\/\/mandeville.com.hk\/contact-mandeville\/\">Myanmar (Mi\u1ebfn \u0110i\u1ec7n)<\/a><\/li>\n<li><a href=\"https:\/\/mandeville.com.hk\/contact-mandeville\/\">Niu Di-l\u00e2n<\/a><\/li>\n<li><a href=\"https:\/\/mandeville.com.hk\/contact-mandeville\/\">C\u1ed9ng h\u00f2a Philippines<\/a><\/li>\n<li><a href=\"https:\/\/mandeville.com.hk\/contact-mandeville\/\">B\u1ed3 \u0110\u00e0o Nha<\/a><\/li>\n<\/ul>\n<p>[\/vc_column_text][\/vc_column_inner][vc_column_inner el_class=&#8221;baselineAlign&#8221; width=&#8221;1\/6&#8243;][vc_column_text]<\/p>\n<ul>\n<li><a href=\"https:\/\/mandeville.com.hk\/contact-mandeville\/\">Singapore<\/a><\/li>\n<li><a href=\"https:\/\/mandeville.com.hk\/contact-mandeville\/\">\u0110\u00e0i B\u1eafc Trung Hoa<\/a><\/li>\n<li><a href=\"https:\/\/mandeville.com.hk\/contact-mandeville\/\">Th\u00e1i Lan<\/a><\/li>\n<li><a href=\"https:\/\/mandeville.com.hk\/contact-mandeville\/\">V\u01b0\u01a1ng Qu\u1ed1c Anh<\/a><\/li>\n<li><a href=\"https:\/\/mandeville.com.hk\/contact-mandeville\/\">Hoa K\u1ef3<\/a><\/li>\n<li><a href=\"https:\/\/mandeville.com.hk\/contact-mandeville\/\">Vi\u1ec7t Nam<\/a><\/li>\n<\/ul>\n<p>[\/vc_column_text][\/vc_column_inner][vc_column_inner width=&#8221;1\/2&#8243;][vc_single_image custom_src=&#8221;https:\/\/mandeville.com.hk\/wp-content\/uploads\/2020\/11\/mandeville_map_final.jpg&#8221;][\/vc_column_inner][\/vc_row_inner][\/vc_column][\/vc_row][vc_row parallax_image_attachment=&#8221;inherit&#8221;][vc_column][vc_empty_space][\/vc_column][\/vc_row][vc_row full_width=&#8221;stretch_row&#8221; equal_height=&#8221;yes&#8221; enable_inner=&#8221;yes&#8221; parallax_image_attachment=&#8221;inherit&#8221;][vc_column width=&#8221;1\/3&#8243; offset=&#8221;vc_hidden-xs&#8221;][vc_single_image custom_src=&#8221;https:\/\/mandeville.com.hk\/wp-content\/uploads\/2020\/10\/MandevilleAssociates_logo.png&#8221; external_img_size=&#8221;medium&#8221;][vc_empty_space][vc_column_text]Ngay t\u1eeb n\u0103m 1986, \u00f4ng Fran\u00e7ois Mandeville, nh\u00e0 s\u00e1ng l\u1eadp v\u00e0 \u0111\u1ed1i t\u00e1c qu\u1ea3n l\u00fd c\u1ee7a Mandeville &amp; Associates, \u0111\u00e3 h\u1ed7 tr\u1ee3 c\u00e1c doanh nh\u00e2n di c\u01b0 th\u00f4ng qua c\u00e1c ch\u01b0\u01a1ng tr\u00ecnh \u0111\u1ecbnh c\u01b0 theo di\u1ec7n \u0111\u1ea7u t\u01b0. Mandeville &amp; Associates \u0111\u00e3 ph\u00e1t tri\u1ec3n v\u00e0 tr\u1edf th\u00e0nh m\u1ed9t trong nh\u1eefng c\u00f4ng ty ti\u00ean phong, d\u1eabn \u0111\u1ea7u trong l\u0129nh v\u1ef1c c\u00f9ng v\u1edbi uy t\u00edn ho\u00e0n h\u1ea3o.[\/vc_column_text][vc_empty_space][\/vc_column][vc_column width=&#8221;1\/3&#8243; el_class=&#8221;middleColAlign&#8221;][vc_empty_space][vc_wp_custommenu nav_menu=&#8221;28&#8243; el_class=&#8221;forceFontSize&#8221; el_id=&#8221;bottomMenu&#8221;][\/vc_column][vc_column width=&#8221;1\/3&#8243; el_class=&#8221;rightColAlign&#8221;][vc_empty_space][vc_row_inner parallax_image_attachment=&#8221;inherit&#8221; margin_bottom=&#8221;mb-0&#8243;][vc_column_inner][vc_column_text css=&#8221;&#8221; el_class=&#8221;mobileFooterContactFix&#8221;] <a href=\"https:\/\/goo.gl\/maps\/jX3KcxCD4xRaHhAV6\">902, 9\/F Winsome House, 71-73 Wyndham Street<br \/>\nCentral, Hong Kong SAR<\/a><\/p>\n<p><a href=\"tel:+85228770111\">+852-2877-0111<\/a><\/p>\n<p><a href=\"tel:+85228770111\">+852-2542-4409<\/a><\/p>\n<p><a href=\"mailto:%20enquiry@mandeville.com.hk\">enquiry@mandeville.com.hk<\/a>[\/vc_column_text][vc_empty_space height=&#8221;20px&#8221;][\/vc_column_inner][\/vc_row_inner][vc_raw_html el_class=&#8221;socialAlign&#8221;]PGEgaHJlZj0iaHR0cHM6Ly93d3cuZmFjZWJvb2suY29tL21hbmRldmlsbGUuYXNzb2NpYXRlcy8iIHRhcmdldD0iX2JsYW5rIj48aSBjbGFzcz0iZmEgZmEtZmFjZWJvb2siPjwvaT48L2E+CjxhIGhyZWY9Imh0dHBzOi8vd3d3LmxpbmtlZGluLmNvbS9jb21wYW55L21hbmRldmlsbGUtJmFtcDstYXNzb2NpYXRlcy1sdGQuIiB0YXJnZXQ9Il9ibGFuayI+PGkgY2xhc3M9ImZhIGZhLWxpbmtlZGluIiBzdHlsZT0ibWFyZ2luLWxlZnQ6MjVweDsiPjwvaT48L2E+[\/vc_raw_html][vc_single_image custom_src=&#8221; https:\/\/www.mandeville.com.hk\/wp-content\/uploads\/2026\/03\/EB5_IIUSA.png&#8221; el_class=&#8221; eb5_iiusa&#8221; css=&#8221;&#8221;][\/vc_column][\/vc_row]<\/p>\n<\/div>","protected":false},"excerpt":{"rendered":"<p>[vc_row parallax_image_attachment=&#8221;inherit&#8221;][vc_column][vc_empty_space height=&#8221;100px&#8221; el_id=&#8221;vs_empty_more&#8221;][\/vc_column][\/vc_row][vc_row full_width=&#8221;stretch_row_content&#8221; enable_inner=&#8221;yes&#8221; parallax_image_attachment=&#8221;inherit&#8221;][vc_column column_inner_style=&#8221;content-boxes&#8221;][vc_column_text] \u0110\u1ed9i Ng\u0169 C\u1ee7a Ch\u00fang T\u00f4i [\/vc_column_text][\/vc_column][\/vc_row][vc_row parallax_image_attachment=&#8221;inherit&#8221;][vc_column][vc_empty_space][\/vc_column][\/vc_row][vc_row full_width=&#8221;stretch_row_content&#8221; enable_inner=&#8221;yes&#8221; parallax_image_attachment=&#8221;inherit&#8221;][vc_column][vc_row_inner parallax_image_attachment=&#8221;inherit&#8221;][vc_column_inner width=&#8221;2\/5&#8243;][mvc_team_profile member_visibility=&#8221;outset&#8221; image_id=&#8221;11701&#8243; memb_name=&#8221;Fran\u00e7ois Mandeville&#8221; memb_prof=&#8221;Managing Partner&#8221; url=&#8221;url:%23|rel:nofollow&#8221;][\/vc_column_inner][vc_column_inner width=&#8221;1\/5&#8243;][\/vc_column_inner][vc_column_inner width=&#8221;2\/5&#8243;][mvc_team_profile member_visibility=&#8221;outset&#8221; image_id=&#8221;11774&#8243; memb_name=&#8221;Alexandre Bernier&#8221; memb_prof=&#8221;Avocat &#8211; Canada Affiliated Office&#8221; url=&#8221;url:%23|rel:nofollow&#8221;][\/vc_column_inner][\/vc_row_inner][vc_row_inner parallax_image_attachment=&#8221;inherit&#8221;][vc_column_inner&#8230;<\/p>\n","protected":false},"author":4,"featured_media":0,"parent":0,"menu_order":0,"comment_status":"closed","ping_status":"closed","template":"","meta":{"footnotes":""},"class_list":["post-16254","page","type-page","status-publish","hentry","no-post-thumbnail"],"yoast_head":"<!-- This site is optimized with the Yoast SEO plugin v27.6 - https:\/\/yoast.com\/product\/yoast-seo-wordpress\/ -->\n<title>V\u1ec1 Ch\u00fang T\u00f4i - Mandeville &amp; Associates<\/title>\n<meta name=\"robots\" content=\"index, follow, max-snippet:-1, max-image-preview:large, max-video-preview:-1\" \/>\n<link rel=\"canonical\" href=\"https:\/\/www.mandeville.com.hk\/vi\/ve-chung-toi\/\" \/>\n<meta property=\"og:locale\" content=\"vi_VN\" \/>\n<meta property=\"og:type\" content=\"article\" \/>\n<meta property=\"og:title\" content=\"V\u1ec1 Ch\u00fang T\u00f4i - Mandeville &amp; Associates\" \/>\n<meta property=\"og:description\" content=\"[vc_row parallax_image_attachment=&#8221;inherit&#8221;][vc_column][vc_empty_space height=&#8221;100px&#8221; el_id=&#8221;vs_empty_more&#8221;][\/vc_column][\/vc_row][vc_row full_width=&#8221;stretch_row_content&#8221; enable_inner=&#8221;yes&#8221; parallax_image_attachment=&#8221;inherit&#8221;][vc_column column_inner_style=&#8221;content-boxes&#8221;][vc_column_text] \u0110\u1ed9i Ng\u0169 C\u1ee7a Ch\u00fang T\u00f4i [\/vc_column_text][\/vc_column][\/vc_row][vc_row parallax_image_attachment=&#8221;inherit&#8221;][vc_column][vc_empty_space][\/vc_column][\/vc_row][vc_row full_width=&#8221;stretch_row_content&#8221; enable_inner=&#8221;yes&#8221; parallax_image_attachment=&#8221;inherit&#8221;][vc_column][vc_row_inner parallax_image_attachment=&#8221;inherit&#8221;][vc_column_inner width=&#8221;2\/5&#8243;][mvc_team_profile member_visibility=&#8221;outset&#8221; image_id=&#8221;11701&#8243; memb_name=&#8221;Fran\u00e7ois Mandeville&#8221; memb_prof=&#8221;Managing Partner&#8221; url=&#8221;url:%23|rel:nofollow&#8221;][\/vc_column_inner][vc_column_inner width=&#8221;1\/5&#8243;][\/vc_column_inner][vc_column_inner width=&#8221;2\/5&#8243;][mvc_team_profile member_visibility=&#8221;outset&#8221; image_id=&#8221;11774&#8243; memb_name=&#8221;Alexandre Bernier&#8221; memb_prof=&#8221;Avocat &#8211; Canada Affiliated Office&#8221; url=&#8221;url:%23|rel:nofollow&#8221;][\/vc_column_inner][\/vc_row_inner][vc_row_inner parallax_image_attachment=&#8221;inherit&#8221;][vc_column_inner...\" \/>\n<meta property=\"og:url\" content=\"https:\/\/www.mandeville.com.hk\/vi\/ve-chung-toi\/\" \/>\n<meta property=\"og:site_name\" content=\"Mandeville &amp; Associates\" \/>\n<meta property=\"article:modified_time\" content=\"2026-03-12T06:43:00+00:00\" \/>\n<meta name=\"twitter:card\" content=\"summary_large_image\" \/>\n<meta name=\"twitter:label1\" content=\"Est. reading time\" \/>\n\t<meta name=\"twitter:data1\" content=\"3 minutes\" \/>\n<script type=\"application\/ld+json\" class=\"yoast-schema-graph\">{\"@context\":\"https:\\\/\\\/schema.org\",\"@graph\":[{\"@type\":\"WebPage\",\"@id\":\"https:\\\/\\\/www.mandeville.com.hk\\\/vi\\\/ve-chung-toi\\\/\",\"url\":\"https:\\\/\\\/www.mandeville.com.hk\\\/vi\\\/ve-chung-toi\\\/\",\"name\":\"V\u1ec1 Ch\u00fang T\u00f4i - Mandeville &amp; Associates\",\"isPartOf\":{\"@id\":\"https:\\\/\\\/www.mandeville.com.hk\\\/vi\\\/#website\"},\"datePublished\":\"2020-11-10T11:00:15+00:00\",\"dateModified\":\"2026-03-12T06:43:00+00:00\",\"breadcrumb\":{\"@id\":\"https:\\\/\\\/www.mandeville.com.hk\\\/vi\\\/ve-chung-toi\\\/#breadcrumb\"},\"inLanguage\":\"vi-VN\",\"potentialAction\":[{\"@type\":\"ReadAction\",\"target\":[\"https:\\\/\\\/www.mandeville.com.hk\\\/vi\\\/ve-chung-toi\\\/\"]}]},{\"@type\":\"BreadcrumbList\",\"@id\":\"https:\\\/\\\/www.mandeville.com.hk\\\/vi\\\/ve-chung-toi\\\/#breadcrumb\",\"itemListElement\":[{\"@type\":\"ListItem\",\"position\":1,\"name\":\"Home\",\"item\":\"https:\\\/\\\/www.mandeville.com.hk\\\/vi\\\/\"},{\"@type\":\"ListItem\",\"position\":2,\"name\":\"V\u1ec1 Ch\u00fang T\u00f4i\"}]},{\"@type\":\"WebSite\",\"@id\":\"https:\\\/\\\/www.mandeville.com.hk\\\/vi\\\/#website\",\"url\":\"https:\\\/\\\/www.mandeville.com.hk\\\/vi\\\/\",\"name\":\"Mandeville &amp; Associates\",\"description\":\"\",\"potentialAction\":[{\"@type\":\"SearchAction\",\"target\":{\"@type\":\"EntryPoint\",\"urlTemplate\":\"https:\\\/\\\/www.mandeville.com.hk\\\/vi\\\/?s={search_term_string}\"},\"query-input\":{\"@type\":\"PropertyValueSpecification\",\"valueRequired\":true,\"valueName\":\"search_term_string\"}}],\"inLanguage\":\"vi-VN\"}]}<\/script>\n<!-- \/ Yoast SEO plugin. -->","yoast_head_json":{"title":"V\u1ec1 Ch\u00fang T\u00f4i - Mandeville &amp; Associates","robots":{"index":"index","follow":"follow","max-snippet":"max-snippet:-1","max-image-preview":"max-image-preview:large","max-video-preview":"max-video-preview:-1"},"canonical":"https:\/\/www.mandeville.com.hk\/vi\/ve-chung-toi\/","og_locale":"vi_VN","og_type":"article","og_title":"V\u1ec1 Ch\u00fang T\u00f4i - Mandeville &amp; Associates","og_description":"[vc_row parallax_image_attachment=&#8221;inherit&#8221;][vc_column][vc_empty_space height=&#8221;100px&#8221; el_id=&#8221;vs_empty_more&#8221;][\/vc_column][\/vc_row][vc_row full_width=&#8221;stretch_row_content&#8221; enable_inner=&#8221;yes&#8221; parallax_image_attachment=&#8221;inherit&#8221;][vc_column column_inner_style=&#8221;content-boxes&#8221;][vc_column_text] \u0110\u1ed9i Ng\u0169 C\u1ee7a Ch\u00fang T\u00f4i [\/vc_column_text][\/vc_column][\/vc_row][vc_row parallax_image_attachment=&#8221;inherit&#8221;][vc_column][vc_empty_space][\/vc_column][\/vc_row][vc_row full_width=&#8221;stretch_row_content&#8221; enable_inner=&#8221;yes&#8221; parallax_image_attachment=&#8221;inherit&#8221;][vc_column][vc_row_inner parallax_image_attachment=&#8221;inherit&#8221;][vc_column_inner width=&#8221;2\/5&#8243;][mvc_team_profile member_visibility=&#8221;outset&#8221; image_id=&#8221;11701&#8243; memb_name=&#8221;Fran\u00e7ois Mandeville&#8221; memb_prof=&#8221;Managing Partner&#8221; url=&#8221;url:%23|rel:nofollow&#8221;][\/vc_column_inner][vc_column_inner width=&#8221;1\/5&#8243;][\/vc_column_inner][vc_column_inner width=&#8221;2\/5&#8243;][mvc_team_profile member_visibility=&#8221;outset&#8221; image_id=&#8221;11774&#8243; memb_name=&#8221;Alexandre Bernier&#8221; memb_prof=&#8221;Avocat &#8211; Canada Affiliated Office&#8221; url=&#8221;url:%23|rel:nofollow&#8221;][\/vc_column_inner][\/vc_row_inner][vc_row_inner parallax_image_attachment=&#8221;inherit&#8221;][vc_column_inner...","og_url":"https:\/\/www.mandeville.com.hk\/vi\/ve-chung-toi\/","og_site_name":"Mandeville &amp; Associates","article_modified_time":"2026-03-12T06:43:00+00:00","twitter_card":"summary_large_image","twitter_misc":{"Est. reading time":"3 minutes"},"schema":{"@context":"https:\/\/schema.org","@graph":[{"@type":"WebPage","@id":"https:\/\/www.mandeville.com.hk\/vi\/ve-chung-toi\/","url":"https:\/\/www.mandeville.com.hk\/vi\/ve-chung-toi\/","name":"V\u1ec1 Ch\u00fang T\u00f4i - Mandeville &amp; Associates","isPartOf":{"@id":"https:\/\/www.mandeville.com.hk\/vi\/#website"},"datePublished":"2020-11-10T11:00:15+00:00","dateModified":"2026-03-12T06:43:00+00:00","breadcrumb":{"@id":"https:\/\/www.mandeville.com.hk\/vi\/ve-chung-toi\/#breadcrumb"},"inLanguage":"vi-VN","potentialAction":[{"@type":"ReadAction","target":["https:\/\/www.mandeville.com.hk\/vi\/ve-chung-toi\/"]}]},{"@type":"BreadcrumbList","@id":"https:\/\/www.mandeville.com.hk\/vi\/ve-chung-toi\/#breadcrumb","itemListElement":[{"@type":"ListItem","position":1,"name":"Home","item":"https:\/\/www.mandeville.com.hk\/vi\/"},{"@type":"ListItem","position":2,"name":"V\u1ec1 Ch\u00fang T\u00f4i"}]},{"@type":"WebSite","@id":"https:\/\/www.mandeville.com.hk\/vi\/#website","url":"https:\/\/www.mandeville.com.hk\/vi\/","name":"Mandeville &amp; Associates","description":"","potentialAction":[{"@type":"SearchAction","target":{"@type":"EntryPoint","urlTemplate":"https:\/\/www.mandeville.com.hk\/vi\/?s={search_term_string}"},"query-input":{"@type":"PropertyValueSpecification","valueRequired":true,"valueName":"search_term_string"}}],"inLanguage":"vi-VN"}]}},"_links":{"self":[{"href":"https:\/\/www.mandeville.com.hk\/vi\/wp-json\/wp\/v2\/pages\/16254","targetHints":{"allow":["GET"]}}],"collection":[{"href":"https:\/\/www.mandeville.com.hk\/vi\/wp-json\/wp\/v2\/pages"}],"about":[{"href":"https:\/\/www.mandeville.com.hk\/vi\/wp-json\/wp\/v2\/types\/page"}],"author":[{"embeddable":true,"href":"https:\/\/www.mandeville.com.hk\/vi\/wp-json\/wp\/v2\/users\/4"}],"replies":[{"embeddable":true,"href":"https:\/\/www.mandeville.com.hk\/vi\/wp-json\/wp\/v2\/comments?post=16254"}],"version-history":[{"count":7,"href":"https:\/\/www.mandeville.com.hk\/vi\/wp-json\/wp\/v2\/pages\/16254\/revisions"}],"predecessor-version":[{"id":16650,"href":"https:\/\/www.mandeville.com.hk\/vi\/wp-json\/wp\/v2\/pages\/16254\/revisions\/16650"}],"wp:attachment":[{"href":"https:\/\/www.mandeville.com.hk\/vi\/wp-json\/wp\/v2\/media?parent=16254"}],"curies":[{"name":"wp","href":"https:\/\/api.w.org\/{rel}","templated":true}]}}