{"id":16308,"date":"2021-03-29T03:48:53","date_gmt":"2021-03-29T03:48:53","guid":{"rendered":"https:\/\/www.mandeville.com.hk\/chuong-trinh-canada\/"},"modified":"2025-09-22T06:08:53","modified_gmt":"2025-09-22T06:08:53","slug":"chuong-trinh-canada","status":"publish","type":"page","link":"https:\/\/www.mandeville.com.hk\/vi\/chuong-trinh-canada\/","title":{"rendered":"Ch\u01b0\u01a1ng tr\u00ecnh Canada"},"content":{"rendered":"<div class=\"wpb-content-wrapper\"><p>[vc_row parallax_image_attachment=&#8221;inherit&#8221;][vc_column]\n\t\t\t<!-- START Hero slider REVOLUTION SLIDER 6.2.22 --><p class=\"rs-p-wp-fix\"><\/p>\n\t\t\t<rs-module-wrap id=\"rev_slider_1_1_wrapper\" data-source=\"gallery\" style=\"background:transparent;padding:0;margin:0px auto;margin-top:0;margin-bottom:0;\">\n\t\t\t\t<rs-module id=\"rev_slider_1_1\" style=\"\" data-version=\"6.2.22\">\n\t\t\t\t\t<rs-slides>\n\t\t\t\t\t\t<rs-slide data-key=\"rs-1\" data-title=\"Slide\" data-thumb=\"\/\/18.138.97.113\/wp-content\/uploads\/2021\/03\/marc-olivier-jodoin-BG9oZ15a4Xk-unsplash-scaled.jpg\" data-anim=\"ei:d;eo:d;s:1000;r:0;t:fade;sl:0;\">\n\t\t\t\t\t\t\t<img loading=\"lazy\" decoding=\"async\" src=\"\/\/mandeville.com.hk\/wp-content\/uploads\/2021\/03\/marc-olivier-jodoin-BG9oZ15a4Xk-unsplash-scaled.jpg\" width=\"1920\" height=\"1080\" data-bg=\"p:0% 35%;\" class=\"rev-slidebg\" data-no-retina>\n<!---->\t\t\t\t\t\t<\/rs-slide>\n\t\t\t\t\t\t<rs-slide data-key=\"rs-2\" data-title=\"Slide\" data-anim=\"ei:d;eo:d;s:1000;r:0;t:fade;sl:0;\">\n\t\t\t\t\t\t\t<img loading=\"lazy\" decoding=\"async\" src=\"\/\/mandeville.com.hk\/wp-content\/uploads\/2021\/03\/john-salvino-Pa_yX3gu_mw-unsplash-scaled.jpg\" width=\"1920\" height=\"1080\" data-bg=\"p:0% 90%;\" class=\"rev-slidebg\" data-no-retina>\n<!---->\t\t\t\t\t\t<\/rs-slide>\n\t\t\t\t\t\t<rs-slide data-key=\"rs-3\" data-title=\"Slide\" data-anim=\"ei:d;eo:d;s:1000;r:0;t:fade;sl:0;\">\n\t\t\t\t\t\t\t<img loading=\"lazy\" decoding=\"async\" src=\"\/\/mandeville.com.hk\/wp-content\/uploads\/2021\/03\/aditya-chinchure-2YRocbpCVeY-unsplash-scaled.jpg\" width=\"1920\" height=\"1080\" data-bg=\"p:0% 50%;r:repeat;\" class=\"rev-slidebg\" data-no-retina>\n<!---->\t\t\t\t\t\t<\/rs-slide>\n\t\t\t\t\t<\/rs-slides>\n\t\t\t\t\t<rs-static-layers><!--\n\n\t\t\t\t\t\t\t--><rs-layer\n\t\t\t\t\t\t\t\tid=\"slider-1-slide-1-layer-1\" \n\t\t\t\t\t\t\t\tclass=\"rev-btn rs-layer-static\"\n\t\t\t\t\t\t\t\tdata-type=\"button\"\n\t\t\t\t\t\t\t\tdata-color=\"#ffffff\"\n\t\t\t\t\t\t\t\tdata-rsp_ch=\"on\"\n\t\t\t\t\t\t\t\tdata-xy=\"x:524px;y:10px;\"\n\t\t\t\t\t\t\t\tdata-text=\"w:normal;s:17;l:39;fw:500;\"\n\t\t\t\t\t\t\t\tdata-dim=\"h:41px;minh:0;\"\n\t\t\t\t\t\t\t\tdata-onslides=\"s:1;\"\n\t\t\t\t\t\t\t\tdata-padding=\"r:25;l:25;\"\n\t\t\t\t\t\t\t\tdata-border=\"bos:solid;boc:rgba(255,255,255,0.35);bow:1px,1px,1px,1px;\"\n\t\t\t\t\t\t\t\tdata-frame_999=\"o:0;st:w;\"\n\t\t\t\t\t\t\t\tdata-frame_hover=\"bgc:rgba(0,0,0,0);boc:rgba(255,255,255,0.75);bor:0px,0px,0px,0px;bos:solid;bow:1px,1px,1px,1px;e:power1.inOut;\"\n\t\t\t\t\t\t\t\tstyle=\"z-index:5;background-color:rgba(0,0,0,0);font-family:Roboto;\"\n\t\t\t\t\t\t\t>Home \n\t\t\t\t\t\t\t<\/rs-layer><!--\n\n\t\t\t\t\t\t\t--><rs-layer\n\t\t\t\t\t\t\t\tid=\"slider-1-slide-1-layer-2\" \n\t\t\t\t\t\t\t\tclass=\"rev-btn rs-layer-static\"\n\t\t\t\t\t\t\t\tdata-type=\"button\"\n\t\t\t\t\t\t\t\tdata-color=\"#ffffff\"\n\t\t\t\t\t\t\t\tdata-rsp_ch=\"on\"\n\t\t\t\t\t\t\t\tdata-xy=\"x:623px;y:10px;\"\n\t\t\t\t\t\t\t\tdata-text=\"w:normal;s:17;l:40;fw:500;\"\n\t\t\t\t\t\t\t\tdata-dim=\"minh:0px;\"\n\t\t\t\t\t\t\t\tdata-onslides=\"s:1;\"\n\t\t\t\t\t\t\t\tdata-padding=\"r:25;l:25;\"\n\t\t\t\t\t\t\t\tdata-border=\"bos:solid;boc:rgba(255,255,255,0.35);bow:1px,1px,1px,1px;\"\n\t\t\t\t\t\t\t\tdata-frame_999=\"o:0;st:w;\"\n\t\t\t\t\t\t\t\tdata-frame_hover=\"bgc:rgba(0,0,0,0);boc:rgba(255,255,255,0.75);bor:0px,0px,0px,0px;bos:solid;bow:1px,1px,1px,1px;e:power1.inOut;\"\n\t\t\t\t\t\t\t\tstyle=\"z-index:6;background-color:rgba(0,0,0,0);font-family:Roboto;\"\n\t\t\t\t\t\t\t>About \n\t\t\t\t\t\t\t<\/rs-layer><!--\n\n\t\t\t\t\t\t\t--><rs-layer\n\t\t\t\t\t\t\t\tid=\"slider-1-slide-1-layer-3\" \n\t\t\t\t\t\t\t\tclass=\"rev-btn rs-layer-static\"\n\t\t\t\t\t\t\t\tdata-type=\"button\"\n\t\t\t\t\t\t\t\tdata-color=\"#ffffff\"\n\t\t\t\t\t\t\t\tdata-rsp_ch=\"on\"\n\t\t\t\t\t\t\t\tdata-xy=\"x:722px;y:10px;\"\n\t\t\t\t\t\t\t\tdata-text=\"w:normal;s:17;l:40;fw:500;\"\n\t\t\t\t\t\t\t\tdata-dim=\"minh:0px;\"\n\t\t\t\t\t\t\t\tdata-onslides=\"s:1;\"\n\t\t\t\t\t\t\t\tdata-padding=\"r:25;l:25;\"\n\t\t\t\t\t\t\t\tdata-border=\"bos:solid;boc:rgba(255,255,255,0.35);bow:1px,1px,1px,1px;\"\n\t\t\t\t\t\t\t\tdata-frame_999=\"o:0;st:w;\"\n\t\t\t\t\t\t\t\tdata-frame_hover=\"bgc:rgba(0,0,0,0);boc:rgba(255,255,255,0.75);bor:0px,0px,0px,0px;bos:solid;bow:1px,1px,1px,1px;e:power1.inOut;\"\n\t\t\t\t\t\t\t\tstyle=\"z-index:7;background-color:rgba(0,0,0,0);font-family:Roboto;\"\n\t\t\t\t\t\t\t>Residency Programs \n\t\t\t\t\t\t\t<\/rs-layer><!--\n\n\t\t\t\t\t\t\t--><rs-layer\n\t\t\t\t\t\t\t\tid=\"slider-1-slide-1-layer-4\" \n\t\t\t\t\t\t\t\tclass=\"rev-btn rs-layer-static\"\n\t\t\t\t\t\t\t\tdata-type=\"button\"\n\t\t\t\t\t\t\t\tdata-color=\"#ffffff\"\n\t\t\t\t\t\t\t\tdata-rsp_ch=\"on\"\n\t\t\t\t\t\t\t\tdata-xy=\"x:932px;y:10px;\"\n\t\t\t\t\t\t\t\tdata-text=\"w:normal;s:17;l:40;fw:500;\"\n\t\t\t\t\t\t\t\tdata-dim=\"minh:0px;\"\n\t\t\t\t\t\t\t\tdata-onslides=\"s:1;\"\n\t\t\t\t\t\t\t\tdata-padding=\"r:25;l:25;\"\n\t\t\t\t\t\t\t\tdata-border=\"bos:solid;boc:rgba(255,255,255,0.35);bow:1px,1px,1px,1px;\"\n\t\t\t\t\t\t\t\tdata-frame_999=\"o:0;st:w;\"\n\t\t\t\t\t\t\t\tdata-frame_hover=\"bgc:rgba(0,0,0,0);boc:rgba(255,255,255,0.75);bor:0px,0px,0px,0px;bos:solid;bow:1px,1px,1px,1px;e:power1.inOut;\"\n\t\t\t\t\t\t\t\tstyle=\"z-index:8;background-color:rgba(0,0,0,0);font-family:Roboto;\"\n\t\t\t\t\t\t\t>Immigration News \n\t\t\t\t\t\t\t<\/rs-layer><!--\n\n\t\t\t\t\t\t\t--><rs-layer\n\t\t\t\t\t\t\t\tid=\"slider-1-slide-1-layer-5\" \n\t\t\t\t\t\t\t\tclass=\"rev-btn rs-layer-static\"\n\t\t\t\t\t\t\t\tdata-type=\"button\"\n\t\t\t\t\t\t\t\tdata-color=\"#ffffff\"\n\t\t\t\t\t\t\t\tdata-rsp_ch=\"on\"\n\t\t\t\t\t\t\t\tdata-xy=\"x:1124px;y:10px;\"\n\t\t\t\t\t\t\t\tdata-text=\"w:normal;s:17;l:40;fw:500;\"\n\t\t\t\t\t\t\t\tdata-dim=\"minh:0px;\"\n\t\t\t\t\t\t\t\tdata-onslides=\"s:1;\"\n\t\t\t\t\t\t\t\tdata-padding=\"r:25;l:25;\"\n\t\t\t\t\t\t\t\tdata-border=\"bos:solid;boc:rgba(255,255,255,0.35);bow:1px,1px,1px,1px;\"\n\t\t\t\t\t\t\t\tdata-frame_999=\"o:0;st:w;\"\n\t\t\t\t\t\t\t\tdata-frame_hover=\"bgc:rgba(0,0,0,0);boc:rgba(255,255,255,0.75);bor:0px,0px,0px,0px;bos:solid;bow:1px,1px,1px,1px;e:power1.inOut;\"\n\t\t\t\t\t\t\t\tstyle=\"z-index:9;background-color:rgba(0,0,0,0);font-family:Roboto;\"\n\t\t\t\t\t\t\t>Contact \n\t\t\t\t\t\t\t<\/rs-layer><!--\n\t\t\t\t\t--><\/rs-static-layers>\n\t\t\t\t<\/rs-module>\n\t\t\t\t<script type=\"text\/javascript\">\n\t\t\t\t\tsetREVStartSize({c: 'rev_slider_1_1',rl:[1240,1024,778,480],el:[600],gw:[1240],gh:[600],type:'standard',justify:'',layout:'fullwidth',mh:\"0\"});\n\t\t\t\t\tvar\trevapi1,\n\t\t\t\t\t\ttpj;\n\t\t\t\t\tfunction revinit_revslider11() {\n\t\t\t\t\tjQuery(function() {\n\t\t\t\t\t\ttpj = jQuery;\n\t\t\t\t\t\trevapi1 = tpj(\"#rev_slider_1_1\");\n\t\t\t\t\t\tif(revapi1==undefined || revapi1.revolution == undefined){\n\t\t\t\t\t\t\trevslider_showDoubleJqueryError(\"rev_slider_1_1\");\n\t\t\t\t\t\t}else{\n\t\t\t\t\t\t\trevapi1.revolution({\n\t\t\t\t\t\t\t\tsliderLayout:\"fullwidth\",\n\t\t\t\t\t\t\t\tvisibilityLevels:\"1240,1024,778,480\",\n\t\t\t\t\t\t\t\tgridwidth:1240,\n\t\t\t\t\t\t\t\tgridheight:600,\n\t\t\t\t\t\t\t\tspinner:\"spinner0\",\n\t\t\t\t\t\t\t\tperspective:600,\n\t\t\t\t\t\t\t\tperspectiveType:\"global\",\n\t\t\t\t\t\t\t\teditorheight:\"600,768,960,720\",\n\t\t\t\t\t\t\t\tresponsiveLevels:\"1240,1024,778,480\",\n\t\t\t\t\t\t\t\tprogressBar:{disableProgressBar:true},\n\t\t\t\t\t\t\t\tnavigation: {\n\t\t\t\t\t\t\t\t\tonHoverStop:false,\n\t\t\t\t\t\t\t\t\tarrows: {\n\t\t\t\t\t\t\t\t\t\tenable:true,\n\t\t\t\t\t\t\t\t\t\tstyle:\"uranus\",\n\t\t\t\t\t\t\t\t\t\tleft: {\n\t\t\t\t\t\t\t\t\t\t\th_offset:30\n\t\t\t\t\t\t\t\t\t\t},\n\t\t\t\t\t\t\t\t\t\tright: {\n\t\t\t\t\t\t\t\t\t\t\th_offset:30\n\t\t\t\t\t\t\t\t\t\t}\n\t\t\t\t\t\t\t\t\t}\n\t\t\t\t\t\t\t\t},\n\t\t\t\t\t\t\t\tfallbacks: {\n\t\t\t\t\t\t\t\t\tallowHTML5AutoPlayOnAndroid:true\n\t\t\t\t\t\t\t\t},\n\t\t\t\t\t\t\t});\n\t\t\t\t\t\t}\n\t\t\t\t\t\t\n\t\t\t\t\t});\n\t\t\t\t\t} \/\/ End of RevInitScript\n\t\t\t\tvar once_revslider11 = false;\n\t\t\t\tif (document.readyState === \"loading\") {document.addEventListener('readystatechange',function() { if((document.readyState === \"interactive\" || document.readyState === \"complete\") && !once_revslider11 ) { once_revslider11 = true; revinit_revslider11();}});} else {once_revslider11 = true; revinit_revslider11();}\n\t\t\t\t<\/script>\n\t\t\t\t<script>\n\t\t\t\t\tvar htmlDivCss = unescape(\"%23rev_slider_1_1_wrapper%20.uranus.tparrows%20%7B%0A%20%20width%3A50px%3B%0A%20%20height%3A50px%3B%0A%20%20background%3Argba%28255%2C255%2C255%2C0%29%3B%0A%20%7D%0A%20%23rev_slider_1_1_wrapper%20.uranus.tparrows%3Abefore%20%7B%0A%20width%3A50px%3B%0A%20height%3A50px%3B%0A%20line-height%3A50px%3B%0A%20font-size%3A40px%3B%0A%20transition%3Aall%200.3s%3B%0A-webkit-transition%3Aall%200.3s%3B%0A%20%7D%0A%20%0A%20%20%23rev_slider_1_1_wrapper%20.uranus.tparrows%3Ahover%3Abefore%20%7B%0A%20%20%20%20opacity%3A0.75%3B%0A%20%20%7D%0A\");\n\t\t\t\t\tvar htmlDiv = document.getElementById('rs-plugin-settings-inline-css');\n\t\t\t\t\tif(htmlDiv) {\n\t\t\t\t\t\thtmlDiv.innerHTML = htmlDiv.innerHTML + htmlDivCss;\n\t\t\t\t\t}else{\n\t\t\t\t\t\tvar htmlDiv = document.createElement('div');\n\t\t\t\t\t\thtmlDiv.innerHTML = '<style>' + htmlDivCss + '<\/style>';\n\t\t\t\t\t\tdocument.getElementsByTagName('head')[0].appendChild(htmlDiv.childNodes[0]);\n\t\t\t\t\t}\n\t\t\t\t<\/script>\n\t\t\t\t<script>\n\t\t\t\t\tvar htmlDivCss = unescape(\"%0A%0A%0A\");\n\t\t\t\t\tvar htmlDiv = document.getElementById('rs-plugin-settings-inline-css');\n\t\t\t\t\tif(htmlDiv) {\n\t\t\t\t\t\thtmlDiv.innerHTML = htmlDiv.innerHTML + htmlDivCss;\n\t\t\t\t\t}else{\n\t\t\t\t\t\tvar htmlDiv = document.createElement('div');\n\t\t\t\t\t\thtmlDiv.innerHTML = '<style>' + htmlDivCss + '<\/style>';\n\t\t\t\t\t\tdocument.getElementsByTagName('head')[0].appendChild(htmlDiv.childNodes[0]);\n\t\t\t\t\t}\n\t\t\t\t<\/script>\n\t\t\t<\/rs-module-wrap>\n\t\t\t<!-- END REVOLUTION SLIDER -->\n[vc_empty_space][\/vc_column][\/vc_row][vc_row full_width=&#8221;stretch_row_content&#8221; enable_inner=&#8221;yes&#8221; parallax_image_attachment=&#8221;inherit&#8221;][vc_column column_inner_style=&#8221;content-boxes&#8221;][vc_column_text]<\/p>\n<h1 class=\"h5-lg grey-color\">\u0110\u1ecbnh C\u01b0 Canada<\/h1>\n<p style=\"font-size: 16px;\">C\u00f4ng ty c\u1ee7a ch\u00fang t\u00f4i cung c\u1ea5p c\u00e1c d\u1ecbch v\u1ee5 chuy\u00ean bi\u1ec7t d\u00e0nh cho c\u00e1c chuy\u00ean gia c\u00f3 kh\u00e1ch h\u00e0ng mu\u1ed1n tham gia Ch\u01b0\u01a1ng tr\u00ecnh \u0111\u1ecbnh c\u01b0 di\u1ec7n nh\u00e0 \u0111\u1ea7u t\u01b0 Quebec v\u00e0 Ch\u01b0\u01a1ng tr\u00ecnh th\u1ecb th\u1ef1c kh\u1edfi nghi\u1ec7p Canada.<\/p>\n<p>[\/vc_column_text][vc_empty_space][vc_row_inner equal_height=&#8221;yes&#8221; parallax_image_attachment=&#8221;inherit&#8221;][vc_column_inner width=&#8221;1\/2&#8243;][vc_raw_html]PGRpdiBjbGFzcz0iY2JveC0zIj4KCQk8YSBocmVmPSJodHRwczovL21hbmRldmlsbGUuY29tLmhrL2NhbmFkYS1xdWViZWMvIj4KCQk8ZGl2IGNsYXNzPSJob3Zlci1vdmVybGF5Ij4KCQkJPGltZyBhbHQ9IlThu5VuZyBxdWFuIC0gxJDhuqV0IG7GsOG7m2MiIGNsYXNzPSJpbWctZmx1aWQiIHNyYz0iaHR0cDovL21hbmRldmlsbGUuY29tLmhrL3dwLWNvbnRlbnQvdXBsb2Fkcy8yMDIxLzAzL21hdHRoaWV1LWpvYW5ub24tRHJDLVMyLVVtZXMtdW5zcGxhc2gtMS1zY2FsZWQtZTE2MTY3NTI1OTAxMzUuanBnIj48IS0tIEltYWdlIC0tPgoJCQk8ZGl2IGNsYXNzPSJpdGVtLW92ZXJsYXkiPjwvZGl2PgoJCQk8ZGl2IGNsYXNzPSJjb3VudHJ5LW5hbWUgd2hpdGUtY29sb3IiPgoJCQkJPGg1PkNoxrDGoW5nIHRyw6xuaCDEkeG7i25oIGPGsCBkaeG7h24gbmjDoCDEkeG6p3UgdMawIFF1ZWJlYzwvaDU+PCEtLSBUaXRsZSAtLT4KCQkJPC9kaXY+CgkJPC9kaXY+PC9hPgoJPC9kaXY+[\/vc_raw_html][\/vc_column_inner][vc_column_inner width=&#8221;1\/2&#8243;][vc_raw_html css=&#8221;&#8221;]PGRpdiBjbGFzcz0iY2JveC0zIj4KCTxhIGhyZWY9Imh0dHBzOi8vd3d3Lm1hbmRldmlsbGUuY29tLmhrL3poLWhhbnQvP3BhZ2VfaWQ9MTYwODciPgoJPGRpdiBjbGFzcz0iaG92ZXItb3ZlcmxheSI+CgkJPGltZyBhbHQ9IlThu5VuZyBxdWFuIC0gxJDhuqV0IG7GsOG7m2MiIGNsYXNzPSJpbWctZmx1aWQiIHNyYz0iL3dwLWNvbnRlbnQvdXBsb2Fkcy8yMDIxLzAzL2JyeHh0by12SmkyejBMU3NxUS11bnNwbGFzaC1zY2FsZWQtZTE2MTY3NTIyMjUzMTUuanBnIj48IS0tIEltYWdlIC0tPgoJCTxkaXYgY2xhc3M9Iml0ZW0tb3ZlcmxheSI+PC9kaXY+CgkJPGRpdiBjbGFzcz0iY291bnRyeS1uYW1lIHdoaXRlLWNvbG9yIj4KCQkJPGg1PkNoxrDGoW5nIHRyw6xuaCB0aOG7iyB0aOG7sWMga2jhu59pIG5naGnhu4dwIENhbmFkYTwvaDU+PCEtLSBUaXRsZSAtLT4KCQk8L2Rpdj4KCTwvZGl2PjwvYT4KPC9kaXY+[\/vc_raw_html][\/vc_column_inner][\/vc_row_inner][\/vc_column][\/vc_row][vc_row parallax_image_attachment=&#8221;inherit&#8221;][vc_column][vc_empty_space][vc_empty_space][\/vc_column][\/vc_row][vc_row full_width=&#8221;stretch_row_content&#8221; enable_inner=&#8221;yes&#8221; parallax_image_attachment=&#8221;inherit&#8221;][vc_column column_inner_style=&#8221;content-boxes&#8221;][vc_column_text]<\/p>\n<h3 class=\"h5-lg grey-color\">Tin t\u1ee9c \u0110\u1ecbnh c\u01b0<\/h3>\n<p>[\/vc_column_text][vc_empty_space height=&#8221;22px&#8221;][vc_basic_grid post_type=&#8221;post&#8221; max_items=&#8221;4&#8243; element_width=&#8221;3&#8243; item=&#8221;11676&#8243; grid_id=&#8221;vc_gid:1739518689979-8fed321a-f740-2&#8243; el_class=&#8221;blogPostsBtn equalHeight&#8221;][\/vc_column][\/vc_row][vc_row parallax_image_attachment=&#8221;inherit&#8221;][vc_column][vc_empty_space height=&#8221;15px&#8221;][\/vc_column][\/vc_row][vc_row full_width=&#8221;stretch_row&#8221; equal_height=&#8221;yes&#8221; enable_inner=&#8221;yes&#8221; parallax_image_attachment=&#8221;inherit&#8221;][vc_column width=&#8221;1\/3&#8243; offset=&#8221;vc_hidden-xs&#8221;][vc_single_image custom_src=&#8221;https:\/\/mandeville.com.hk\/wp-content\/uploads\/2020\/10\/MandevilleAssociates_logo.png&#8221; external_img_size=&#8221;medium&#8221;][vc_empty_space][vc_column_text]Ngay t\u1eeb n\u0103m 1986, \u00f4ng Fran\u00e7ois Mandeville, nh\u00e0 s\u00e1ng l\u1eadp v\u00e0 \u0111\u1ed1i t\u00e1c qu\u1ea3n l\u00fd c\u1ee7a Mandeville &amp; Associates, \u0111\u00e3 h\u1ed7 tr\u1ee3 c\u00e1c doanh nh\u00e2n di c\u01b0 th\u00f4ng qua c\u00e1c ch\u01b0\u01a1ng tr\u00ecnh \u0111\u1ecbnh c\u01b0 theo di\u1ec7n \u0111\u1ea7u t\u01b0. Mandeville &amp; Associates \u0111\u00e3 ph\u00e1t tri\u1ec3n v\u00e0 tr\u1edf th\u00e0nh m\u1ed9t trong nh\u1eefng c\u00f4ng ty ti\u00ean phong, d\u1eabn \u0111\u1ea7u trong l\u0129nh v\u1ef1c c\u00f9ng v\u1edbi uy t\u00edn ho\u00e0n h\u1ea3o.[\/vc_column_text][vc_empty_space][\/vc_column][vc_column width=&#8221;1\/3&#8243; el_class=&#8221;middleColAlign&#8221;][vc_empty_space][vc_wp_custommenu nav_menu=&#8221;28&#8243; el_class=&#8221;forceFontSize&#8221;][\/vc_column][vc_column width=&#8221;1\/3&#8243; el_class=&#8221;rightColAlign&#8221;][vc_empty_space][vc_row_inner parallax_image_attachment=&#8221;inherit&#8221; margin_bottom=&#8221;mb-0&#8243;][vc_column_inner][vc_column_text el_class=&#8221;mobileFooterContactFix&#8221;]<span class=\"fa fa-map-marker\"> <\/span><a href=\"https:\/\/goo.gl\/maps\/jX3KcxCD4xRaHhAV6\">9\/F Winsome House, 71-73 Wyndham Street<br \/>Central, Hong Kong SAR<\/a><\/p>\n<p><span class=\"fa fa-phone\"> <\/span><a href=\"tel:+85228770111\">+852-2877-0111<\/a><\/p>\n<p><span class=\"fa fa-fax\"> <\/span><a href=\"tel:+85228770111\">+852-2542-4409<\/a><\/p>\n<p><span class=\"fa fa-envelope\"> <\/span><a href=\"mailto:%20enquiry@mandeville.com.hk\">enquiry@mandeville.com.hk<\/a>[\/vc_column_text][vc_empty_space height=&#8221;20px&#8221;][\/vc_column_inner][\/vc_row_inner][vc_raw_html el_class=&#8221;socialAlign&#8221;]PGEgaHJlZj0iaHR0cHM6Ly93d3cuZmFjZWJvb2suY29tL21hbmRldmlsbGUuYXNzb2NpYXRlcy8iIHRhcmdldD0iX2JsYW5rIj48aSBjbGFzcz0iZmEgZmEtZmFjZWJvb2siPjwvaT48L2E+CjxhIGhyZWY9Imh0dHBzOi8vd3d3LmxpbmtlZGluLmNvbS9jb21wYW55L21hbmRldmlsbGUtJmFtcDstYXNzb2NpYXRlcy1sdGQuIiB0YXJnZXQ9Il9ibGFuayI+PGkgY2xhc3M9ImZhIGZhLWxpbmtlZGluIiBzdHlsZT0ibWFyZ2luLWxlZnQ6MjVweDsiPjwvaT48L2E+[\/vc_raw_html][\/vc_column][\/vc_row][vc_row][vc_column][\/vc_column][\/vc_row]<\/p>\n<\/div>","protected":false},"excerpt":{"rendered":"<p>[vc_row parallax_image_attachment=&#8221;inherit&#8221;][vc_column][vc_empty_space][\/vc_column][\/vc_row][vc_row full_width=&#8221;stretch_row_content&#8221; enable_inner=&#8221;yes&#8221; parallax_image_attachment=&#8221;inherit&#8221;][vc_column column_inner_style=&#8221;content-boxes&#8221;][vc_column_text] \u0110\u1ecbnh C\u01b0 Canada C\u00f4ng ty c\u1ee7a ch\u00fang t\u00f4i cung c\u1ea5p c\u00e1c d\u1ecbch v\u1ee5 chuy\u00ean bi\u1ec7t d\u00e0nh cho c\u00e1c chuy\u00ean gia c\u00f3 kh\u00e1ch h\u00e0ng mu\u1ed1n tham gia Ch\u01b0\u01a1ng tr\u00ecnh \u0111\u1ecbnh c\u01b0 di\u1ec7n nh\u00e0 \u0111\u1ea7u t\u01b0&#8230;<\/p>\n","protected":false},"author":4,"featured_media":0,"parent":0,"menu_order":0,"comment_status":"closed","ping_status":"closed","template":"","meta":{"footnotes":""},"class_list":["post-16308","page","type-page","status-publish","hentry","no-post-thumbnail"],"yoast_head":"<!-- This site is optimized with the Yoast SEO plugin v27.3 - https:\/\/yoast.com\/product\/yoast-seo-wordpress\/ -->\n<title>Ch\u01b0\u01a1ng tr\u00ecnh Canada - Mandeville &amp; Associates<\/title>\n<meta name=\"robots\" content=\"index, follow, max-snippet:-1, max-image-preview:large, max-video-preview:-1\" \/>\n<link rel=\"canonical\" href=\"https:\/\/www.mandeville.com.hk\/vi\/chuong-trinh-canada\/\" \/>\n<meta property=\"og:locale\" content=\"vi_VN\" \/>\n<meta property=\"og:type\" content=\"article\" \/>\n<meta property=\"og:title\" content=\"Ch\u01b0\u01a1ng tr\u00ecnh Canada - Mandeville &amp; Associates\" \/>\n<meta property=\"og:description\" content=\"[vc_row parallax_image_attachment=&#8221;inherit&#8221;][vc_column][vc_empty_space][\/vc_column][\/vc_row][vc_row full_width=&#8221;stretch_row_content&#8221; enable_inner=&#8221;yes&#8221; parallax_image_attachment=&#8221;inherit&#8221;][vc_column column_inner_style=&#8221;content-boxes&#8221;][vc_column_text] \u0110\u1ecbnh C\u01b0 Canada C\u00f4ng ty c\u1ee7a ch\u00fang t\u00f4i cung c\u1ea5p c\u00e1c d\u1ecbch v\u1ee5 chuy\u00ean bi\u1ec7t d\u00e0nh cho c\u00e1c chuy\u00ean gia c\u00f3 kh\u00e1ch h\u00e0ng mu\u1ed1n tham gia Ch\u01b0\u01a1ng tr\u00ecnh \u0111\u1ecbnh c\u01b0 di\u1ec7n nh\u00e0 \u0111\u1ea7u t\u01b0...\" \/>\n<meta property=\"og:url\" content=\"https:\/\/www.mandeville.com.hk\/vi\/chuong-trinh-canada\/\" \/>\n<meta property=\"og:site_name\" content=\"Mandeville &amp; Associates\" \/>\n<meta property=\"article:modified_time\" content=\"2025-09-22T06:08:53+00:00\" \/>\n<meta name=\"twitter:card\" content=\"summary_large_image\" \/>\n<meta name=\"twitter:label1\" content=\"Est. reading time\" \/>\n\t<meta name=\"twitter:data1\" content=\"4 minutes\" \/>\n<script type=\"application\/ld+json\" class=\"yoast-schema-graph\">{\"@context\":\"https:\\\/\\\/schema.org\",\"@graph\":[{\"@type\":\"WebPage\",\"@id\":\"https:\\\/\\\/www.mandeville.com.hk\\\/vi\\\/chuong-trinh-canada\\\/\",\"url\":\"https:\\\/\\\/www.mandeville.com.hk\\\/vi\\\/chuong-trinh-canada\\\/\",\"name\":\"Ch\u01b0\u01a1ng tr\u00ecnh Canada - Mandeville &amp; Associates\",\"isPartOf\":{\"@id\":\"https:\\\/\\\/www.mandeville.com.hk\\\/vi\\\/#website\"},\"datePublished\":\"2021-03-29T03:48:53+00:00\",\"dateModified\":\"2025-09-22T06:08:53+00:00\",\"breadcrumb\":{\"@id\":\"https:\\\/\\\/www.mandeville.com.hk\\\/vi\\\/chuong-trinh-canada\\\/#breadcrumb\"},\"inLanguage\":\"vi-VN\",\"potentialAction\":[{\"@type\":\"ReadAction\",\"target\":[\"https:\\\/\\\/www.mandeville.com.hk\\\/vi\\\/chuong-trinh-canada\\\/\"]}]},{\"@type\":\"BreadcrumbList\",\"@id\":\"https:\\\/\\\/www.mandeville.com.hk\\\/vi\\\/chuong-trinh-canada\\\/#breadcrumb\",\"itemListElement\":[{\"@type\":\"ListItem\",\"position\":1,\"name\":\"Home\",\"item\":\"https:\\\/\\\/www.mandeville.com.hk\\\/vi\\\/\"},{\"@type\":\"ListItem\",\"position\":2,\"name\":\"Ch\u01b0\u01a1ng tr\u00ecnh Canada\"}]},{\"@type\":\"WebSite\",\"@id\":\"https:\\\/\\\/www.mandeville.com.hk\\\/vi\\\/#website\",\"url\":\"https:\\\/\\\/www.mandeville.com.hk\\\/vi\\\/\",\"name\":\"Mandeville &amp; Associates\",\"description\":\"\",\"potentialAction\":[{\"@type\":\"SearchAction\",\"target\":{\"@type\":\"EntryPoint\",\"urlTemplate\":\"https:\\\/\\\/www.mandeville.com.hk\\\/vi\\\/?s={search_term_string}\"},\"query-input\":{\"@type\":\"PropertyValueSpecification\",\"valueRequired\":true,\"valueName\":\"search_term_string\"}}],\"inLanguage\":\"vi-VN\"}]}<\/script>\n<!-- \/ Yoast SEO plugin. -->","yoast_head_json":{"title":"Ch\u01b0\u01a1ng tr\u00ecnh Canada - Mandeville &amp; Associates","robots":{"index":"index","follow":"follow","max-snippet":"max-snippet:-1","max-image-preview":"max-image-preview:large","max-video-preview":"max-video-preview:-1"},"canonical":"https:\/\/www.mandeville.com.hk\/vi\/chuong-trinh-canada\/","og_locale":"vi_VN","og_type":"article","og_title":"Ch\u01b0\u01a1ng tr\u00ecnh Canada - Mandeville &amp; Associates","og_description":"[vc_row parallax_image_attachment=&#8221;inherit&#8221;][vc_column][vc_empty_space][\/vc_column][\/vc_row][vc_row full_width=&#8221;stretch_row_content&#8221; enable_inner=&#8221;yes&#8221; parallax_image_attachment=&#8221;inherit&#8221;][vc_column column_inner_style=&#8221;content-boxes&#8221;][vc_column_text] \u0110\u1ecbnh C\u01b0 Canada C\u00f4ng ty c\u1ee7a ch\u00fang t\u00f4i cung c\u1ea5p c\u00e1c d\u1ecbch v\u1ee5 chuy\u00ean bi\u1ec7t d\u00e0nh cho c\u00e1c chuy\u00ean gia c\u00f3 kh\u00e1ch h\u00e0ng mu\u1ed1n tham gia Ch\u01b0\u01a1ng tr\u00ecnh \u0111\u1ecbnh c\u01b0 di\u1ec7n nh\u00e0 \u0111\u1ea7u t\u01b0...","og_url":"https:\/\/www.mandeville.com.hk\/vi\/chuong-trinh-canada\/","og_site_name":"Mandeville &amp; Associates","article_modified_time":"2025-09-22T06:08:53+00:00","twitter_card":"summary_large_image","twitter_misc":{"Est. reading time":"4 minutes"},"schema":{"@context":"https:\/\/schema.org","@graph":[{"@type":"WebPage","@id":"https:\/\/www.mandeville.com.hk\/vi\/chuong-trinh-canada\/","url":"https:\/\/www.mandeville.com.hk\/vi\/chuong-trinh-canada\/","name":"Ch\u01b0\u01a1ng tr\u00ecnh Canada - Mandeville &amp; Associates","isPartOf":{"@id":"https:\/\/www.mandeville.com.hk\/vi\/#website"},"datePublished":"2021-03-29T03:48:53+00:00","dateModified":"2025-09-22T06:08:53+00:00","breadcrumb":{"@id":"https:\/\/www.mandeville.com.hk\/vi\/chuong-trinh-canada\/#breadcrumb"},"inLanguage":"vi-VN","potentialAction":[{"@type":"ReadAction","target":["https:\/\/www.mandeville.com.hk\/vi\/chuong-trinh-canada\/"]}]},{"@type":"BreadcrumbList","@id":"https:\/\/www.mandeville.com.hk\/vi\/chuong-trinh-canada\/#breadcrumb","itemListElement":[{"@type":"ListItem","position":1,"name":"Home","item":"https:\/\/www.mandeville.com.hk\/vi\/"},{"@type":"ListItem","position":2,"name":"Ch\u01b0\u01a1ng tr\u00ecnh Canada"}]},{"@type":"WebSite","@id":"https:\/\/www.mandeville.com.hk\/vi\/#website","url":"https:\/\/www.mandeville.com.hk\/vi\/","name":"Mandeville &amp; Associates","description":"","potentialAction":[{"@type":"SearchAction","target":{"@type":"EntryPoint","urlTemplate":"https:\/\/www.mandeville.com.hk\/vi\/?s={search_term_string}"},"query-input":{"@type":"PropertyValueSpecification","valueRequired":true,"valueName":"search_term_string"}}],"inLanguage":"vi-VN"}]}},"_links":{"self":[{"href":"https:\/\/www.mandeville.com.hk\/vi\/wp-json\/wp\/v2\/pages\/16308","targetHints":{"allow":["GET"]}}],"collection":[{"href":"https:\/\/www.mandeville.com.hk\/vi\/wp-json\/wp\/v2\/pages"}],"about":[{"href":"https:\/\/www.mandeville.com.hk\/vi\/wp-json\/wp\/v2\/types\/page"}],"author":[{"embeddable":true,"href":"https:\/\/www.mandeville.com.hk\/vi\/wp-json\/wp\/v2\/users\/4"}],"replies":[{"embeddable":true,"href":"https:\/\/www.mandeville.com.hk\/vi\/wp-json\/wp\/v2\/comments?post=16308"}],"version-history":[{"count":2,"href":"https:\/\/www.mandeville.com.hk\/vi\/wp-json\/wp\/v2\/pages\/16308\/revisions"}],"predecessor-version":[{"id":16310,"href":"https:\/\/www.mandeville.com.hk\/vi\/wp-json\/wp\/v2\/pages\/16308\/revisions\/16310"}],"wp:attachment":[{"href":"https:\/\/www.mandeville.com.hk\/vi\/wp-json\/wp\/v2\/media?parent=16308"}],"curies":[{"name":"wp","href":"https:\/\/api.w.org\/{rel}","templated":true}]}}