{"id":16464,"date":"2020-10-14T08:46:30","date_gmt":"2020-10-14T08:46:30","guid":{"rendered":"https:\/\/www.mandeville.com.hk\/trang-chu-2\/"},"modified":"2026-03-19T02:55:25","modified_gmt":"2026-03-19T02:55:25","slug":"trang-chu-2","status":"publish","type":"page","link":"https:\/\/www.mandeville.com.hk\/vi\/","title":{"rendered":"Trang Ch\u1ee7"},"content":{"rendered":"<div class=\"wpb-content-wrapper\"><p>[vc_row full_width=&#8221;stretch_row_content_no_spaces&#8221; parallax_image_attachment=&#8221;inherit&#8221; el_id=&#8221;mainHeader&#8221;][vc_column]\n\t\t\t<!-- START Homepage REVOLUTION SLIDER 6.2.22 --><p class=\"rs-p-wp-fix\"><\/p>\n\t\t\t<rs-module-wrap id=\"rev_slider_7_1_wrapper\" data-source=\"gallery\" style=\"background:transparent;padding:0;margin:0px auto;margin-top:0;margin-bottom:0;\">\n\t\t\t\t<rs-module id=\"rev_slider_7_1\" style=\"\" data-version=\"6.2.22\">\n\t\t\t\t\t<rs-slides>\n\t\t\t\t\t\t<rs-slide data-key=\"rs-16\" data-title=\"Slide\" data-thumb=\"\/\/mandeville.com.hk\/wp-content\/uploads\/2020\/10\/matthias-mullie-VAxCHgJvZ0g-unsplash.jpg\" data-anim=\"ei:d;eo:d;s:1000;r:0;t:fade;sl:0;\">\n\t\t\t\t\t\t\t<img loading=\"lazy\" decoding=\"async\" src=\"\/\/mandeville.com.hk\/wp-content\/uploads\/2020\/10\/matthias-mullie-VAxCHgJvZ0g-unsplash.jpg\" title=\"matthias-mullie-VAxCHgJvZ0g-unsplash\" width=\"1920\" height=\"768\" class=\"rev-slidebg\" data-no-retina>\n<!---->\t\t\t\t\t\t<\/rs-slide>\n\t\t\t\t\t\t<rs-slide data-key=\"rs-19\" data-title=\"Slide\" data-thumb=\"\/\/mandeville.com.hk\/wp-content\/uploads\/2020\/10\/joseph-barrientos-Ji_G7Bu1MoM-unsplash-1.jpg\" data-anim=\"ei:d;eo:d;s:1000;r:0;t:fade;sl:0;\">\n\t\t\t\t\t\t\t<img loading=\"lazy\" decoding=\"async\" src=\"\/\/mandeville.com.hk\/wp-content\/uploads\/2020\/10\/joseph-barrientos-Ji_G7Bu1MoM-unsplash-1.jpg\" title=\"joseph-barrientos-Ji_G7Bu1MoM-unsplash\" width=\"1920\" height=\"1280\" class=\"rev-slidebg\" data-no-retina>\n<!---->\t\t\t\t\t\t<\/rs-slide>\n\t\t\t\t\t\t<rs-slide data-key=\"rs-20\" data-title=\"Slide\" data-thumb=\"\/\/mandeville.com.hk\/wp-content\/uploads\/2020\/10\/shawn-lee-eFSvXH2Aa8s-unsplash.jpg\" data-anim=\"ei:d;eo:d;s:1000;r:0;t:fade;sl:0;\">\n\t\t\t\t\t\t\t<img loading=\"lazy\" decoding=\"async\" src=\"\/\/mandeville.com.hk\/wp-content\/uploads\/2020\/10\/shawn-lee-eFSvXH2Aa8s-unsplash.jpg\" title=\"shawn-lee-eFSvXH2Aa8s-unsplash\" width=\"1920\" height=\"1280\" class=\"rev-slidebg\" data-no-retina>\n<!---->\t\t\t\t\t\t<\/rs-slide>\n\t\t\t\t\t<\/rs-slides>\n\t\t\t\t<\/rs-module>\n\t\t\t\t<script type=\"text\/javascript\">\n\t\t\t\t\tsetREVStartSize({c: 'rev_slider_7_1',rl:[1240,1024,778,480],el:[600],gw:[1240],gh:[600],type:'standard',justify:'',layout:'fullwidth',mh:\"0\"});\n\t\t\t\t\tvar\trevapi7,\n\t\t\t\t\t\ttpj;\n\t\t\t\t\tfunction revinit_revslider71() {\n\t\t\t\t\tjQuery(function() {\n\t\t\t\t\t\ttpj = jQuery;\n\t\t\t\t\t\trevapi7 = tpj(\"#rev_slider_7_1\");\n\t\t\t\t\t\tif(revapi7==undefined || revapi7.revolution == undefined){\n\t\t\t\t\t\t\trevslider_showDoubleJqueryError(\"rev_slider_7_1\");\n\t\t\t\t\t\t}else{\n\t\t\t\t\t\t\trevapi7.revolution({\n\t\t\t\t\t\t\t\tsliderLayout:\"fullwidth\",\n\t\t\t\t\t\t\t\tvisibilityLevels:\"1240,1024,778,480\",\n\t\t\t\t\t\t\t\tgridwidth:1240,\n\t\t\t\t\t\t\t\tgridheight:600,\n\t\t\t\t\t\t\t\tspinner:\"spinner0\",\n\t\t\t\t\t\t\t\tperspective:600,\n\t\t\t\t\t\t\t\tperspectiveType:\"global\",\n\t\t\t\t\t\t\t\teditorheight:\"600,768,960,720\",\n\t\t\t\t\t\t\t\tresponsiveLevels:\"1240,1024,778,480\",\n\t\t\t\t\t\t\t\tprogressBar:{disableProgressBar:true},\n\t\t\t\t\t\t\t\tnavigation: {\n\t\t\t\t\t\t\t\t\tonHoverStop:false,\n\t\t\t\t\t\t\t\t\tarrows: {\n\t\t\t\t\t\t\t\t\t\tenable:true,\n\t\t\t\t\t\t\t\t\t\tstyle:\"uranus\",\n\t\t\t\t\t\t\t\t\t\tleft: {\n\t\t\t\t\t\t\t\t\t\t\th_offset:30\n\t\t\t\t\t\t\t\t\t\t},\n\t\t\t\t\t\t\t\t\t\tright: {\n\t\t\t\t\t\t\t\t\t\t\th_offset:30\n\t\t\t\t\t\t\t\t\t\t}\n\t\t\t\t\t\t\t\t\t}\n\t\t\t\t\t\t\t\t},\n\t\t\t\t\t\t\t\tfallbacks: {\n\t\t\t\t\t\t\t\t\tallowHTML5AutoPlayOnAndroid:true\n\t\t\t\t\t\t\t\t},\n\t\t\t\t\t\t\t});\n\t\t\t\t\t\t}\n\t\t\t\t\t\t\n\t\t\t\t\t});\n\t\t\t\t\t} \/\/ End of RevInitScript\n\t\t\t\tvar once_revslider71 = false;\n\t\t\t\tif (document.readyState === \"loading\") {document.addEventListener('readystatechange',function() { if((document.readyState === \"interactive\" || document.readyState === \"complete\") && !once_revslider71 ) { once_revslider71 = true; revinit_revslider71();}});} else {once_revslider71 = true; revinit_revslider71();}\n\t\t\t\t<\/script>\n\t\t\t\t<script>\n\t\t\t\t\tvar htmlDivCss = unescape(\"%23rev_slider_7_1_wrapper%20.uranus.tparrows%20%7B%0A%20%20width%3A50px%3B%0A%20%20height%3A50px%3B%0A%20%20background%3Argba%28255%2C255%2C255%2C0%29%3B%0A%20%7D%0A%20%23rev_slider_7_1_wrapper%20.uranus.tparrows%3Abefore%20%7B%0A%20width%3A50px%3B%0A%20height%3A50px%3B%0A%20line-height%3A50px%3B%0A%20font-size%3A40px%3B%0A%20transition%3Aall%200.3s%3B%0A-webkit-transition%3Aall%200.3s%3B%0A%20%7D%0A%20%0A%20%20%23rev_slider_7_1_wrapper%20.uranus.tparrows%3Ahover%3Abefore%20%7B%0A%20%20%20%20opacity%3A0.75%3B%0A%20%20%7D%0A\");\n\t\t\t\t\tvar htmlDiv = document.getElementById('rs-plugin-settings-inline-css');\n\t\t\t\t\tif(htmlDiv) {\n\t\t\t\t\t\thtmlDiv.innerHTML = htmlDiv.innerHTML + htmlDivCss;\n\t\t\t\t\t}else{\n\t\t\t\t\t\tvar htmlDiv = document.createElement('div');\n\t\t\t\t\t\thtmlDiv.innerHTML = '<style>' + htmlDivCss + '<\/style>';\n\t\t\t\t\t\tdocument.getElementsByTagName('head')[0].appendChild(htmlDiv.childNodes[0]);\n\t\t\t\t\t}\n\t\t\t\t<\/script>\n\t\t\t\t<script>\n\t\t\t\t\tvar htmlDivCss = unescape(\"%0A%0A%0A\");\n\t\t\t\t\tvar htmlDiv = document.getElementById('rs-plugin-settings-inline-css');\n\t\t\t\t\tif(htmlDiv) {\n\t\t\t\t\t\thtmlDiv.innerHTML = htmlDiv.innerHTML + htmlDivCss;\n\t\t\t\t\t}else{\n\t\t\t\t\t\tvar htmlDiv = document.createElement('div');\n\t\t\t\t\t\thtmlDiv.innerHTML = '<style>' + htmlDivCss + '<\/style>';\n\t\t\t\t\t\tdocument.getElementsByTagName('head')[0].appendChild(htmlDiv.childNodes[0]);\n\t\t\t\t\t}\n\t\t\t\t<\/script>\n\t\t\t<\/rs-module-wrap>\n\t\t\t<!-- END REVOLUTION SLIDER -->\n[\/vc_column][\/vc_row][vc_row parallax_image_attachment=&#8221;inherit&#8221;][vc_column][vc_empty_space][\/vc_column][\/vc_row][vc_row full_width=&#8221;stretch_row_content&#8221; enable_inner=&#8221;yes&#8221; parallax_image_attachment=&#8221;inherit&#8221;][vc_column][vc_column_text]<\/p>\n<h3 class=\"h5-lg grey-color\" style=\"text-align: left;\">M\u1ede R\u1ed8NG DI CHUY\u1ec2N TO\u00c0N C\u1ea6U TRONG H\u01a0N 30 N\u0102M<\/h3>\n<p>[\/vc_column_text][vc_empty_space][\/vc_column][\/vc_row][vc_row full_width=&#8221;stretch_row_content&#8221; enable_inner=&#8221;yes&#8221; parallax_image_attachment=&#8221;inherit&#8221; el_class=&#8221;mobileDisplayFix&#8221;][vc_column width=&#8221;1\/4&#8243; offset=&#8221;vc_col-md-6 vc_col-xs-12&#8243; el_class=&#8221;orderFirst&#8221;][vc_column_text]<iframe loading=\"lazy\" src=\"\/\/www.youtube.com\/embed\/Gu-tC0zN6II?rel=0&amp;modestbranding=1&amp;autohide=1&amp;showinfo=0&amp;controls=0\" width=\"560\" height=\"405\" frameborder=\"0\" allowfullscreen=\"allowfullscreen\"><\/iframe>[\/vc_column_text][\/vc_column][vc_column width=&#8221;3\/4&#8243; column_inner_style=&#8221;content-boxes&#8221; offset=&#8221;vc_col-md-8 vc_col-xs-12&#8243; el_class=&#8221;orderSecond&#8221;][vc_column_text]<\/p>\n<p style=\"font-size: 16px;\">T\u1eeb n\u0103m 1986, Mandeville &amp; Associates \u0111\u00e3 cung c\u1ea5p c\u00e1c d\u1ecbch v\u1ee5 t\u01b0 v\u1ea5n d\u00e0nh cho c\u00e1c doanh nh\u00e2n qu\u1ed1c t\u1ebf to\u00e0n c\u1ea7u mong mu\u1ed1n \u0111\u1ecbnh c\u01b0 \u1edf Hoa K\u1ef3, Canada v\u00e0 ch\u00e2u \u00c2u.<\/p>\n<p style=\"font-size: 16px;\">V\u1edbi tr\u1ee5 s\u1edf ch\u00ednh t\u1ea1i H\u1ed3ng K\u00f4ng v\u00e0 \u0111\u1ed9i ng\u0169 chuy\u00ean gia l\u00e0m vi\u1ec7c kh\u1eafp n\u01a1i tr\u00ean to\u00e0n th\u1ebf gi\u1edbi, Mandeville &amp; Associates cung c\u1ea5p nhi\u1ec1u d\u1ecbch v\u1ee5 t\u01b0 v\u1ea5n v\u1ec1 \u0111\u1ecbnh c\u01b0 c\u00f9ng v\u1edbi \u0111\u1ed9i ng\u0169 lu\u1eadt s\u01b0 chuy\u00ean m\u00f4n cao v\u00e0 chuy\u00ean gia di tr\u00fa th\u00f4ng th\u1ea1o nhi\u1ec1u ng\u00f4n ng\u1eef.<\/p>\n<p style=\"font-size: 16px;\">C\u00e1c ch\u01b0\u01a1ng tr\u00ecnh \u0111\u1ecbnh c\u01b0 di\u1ec7n kinh doanh, ch\u1eb3ng h\u1ea1n nh\u01b0 ch\u01b0\u01a1ng tr\u00ecnh nh\u00e0 \u0111\u1ea7u t\u01b0 \u0111\u1ecbnh c\u01b0, ch\u01b0\u01a1ng tr\u00ecnh th\u1ecb th\u1ef1c kh\u1edfi nghi\u1ec7p v\u00e0 c\u00e1c ch\u01b0\u01a1ng tr\u00ecnh \u0111\u1ecbnh c\u01b0 theo h\u00ecnh th\u1ee9c \u0111\u1ea7u t\u01b0 kh\u00e1c, cho ph\u00e9p \u0111\u01b0\u01a1ng \u0111\u01a1n th\u00e0nh c\u00f4ng, v\u1ee3\/ch\u1ed3ng v\u00e0 con c\u00e1i ph\u1ee5 thu\u1ed9c c\u00f3 \u0111\u01b0\u1ee3c th\u1ecb th\u1ef1c c\u01b0 tr\u00fa v\u00e0 c\u00f3 th\u1ec3 s\u1edf h\u1eefu qu\u1ed1c t\u1ecbch v\u1edbi m\u1ed9t s\u1ed1 \u0111i\u1ec1u ki\u1ec7n nh\u1ea5t \u0111\u1ecbnh.<\/p>\n<p style=\"font-size: 16px;\">Mandeville &amp; Associates cung c\u1ea5p c\u00e1c d\u1ecbch v\u1ee5 chuy\u00ean bi\u1ec7t d\u00e0nh cho c\u00e1c chuy\u00ean gia, nh\u00e0 m\u00f4i gi\u1edbi v\u00e0 c\u1ed1 v\u1ea5n di tr\u00fa, tuy\u1ec3n d\u1ee5ng \u1ee9ng vi\u00ean nh\u1eadp c\u01b0 v\u00e0o Hoa K\u1ef3, Canada v\u00e0 Ch\u00e2u \u00c2u th\u00f4ng qua ch\u01b0\u01a1ng tr\u00ecnh \u0111\u1ecbnh c\u01b0 di\u1ec7n kinh doanh. <strong><a href=\"https:\/\/mandeville.com.hk\/about-us\/\">T\u00ecm hi\u1ec3u th\u00eam<\/a><\/strong><\/p>\n<p>[\/vc_column_text][vc_empty_space][\/vc_column][\/vc_row][vc_row parallax_image_attachment=&#8221;inherit&#8221;][vc_column][\/vc_column][\/vc_row][vc_row full_width=&#8221;stretch_row_content&#8221; enable_inner=&#8221;yes&#8221; parallax_image_attachment=&#8221;inherit&#8221;][vc_column column_inner_style=&#8221;content-boxes&#8221;][vc_column_text]<\/p>\n<h3 class=\"h5-lg grey-color\">Ch\u01b0\u01a1ng tr\u00ecnh \u0111\u1ecbnh c\u01b0 h\u00e0ng \u0111\u1ea7u<\/h3>\n<p style=\"font-size: 16px;\">\u0110\u1ecbnh c\u01b0 di\u1ec7n \u0111\u1ea7u t\u01b0 m\u1edf ra c\u01a1 h\u1ed9i cho c\u00e1c doanh nh\u00e2n c\u00f3 \u0111\u01b0\u1ee3c quy\u1ec1n c\u01b0 tr\u00fa v\u0129nh vi\u1ec5n t\u1ea1i m\u1ed9t trong nh\u1eefng \u0111i\u1ec3m \u0111\u1ebfn h\u00e0ng \u0111\u1ea7u d\u00e0nh cho h\u1ecd v\u00e0 c\u00e1c th\u00e0nh vi\u00ean gia \u0111\u00ecnh.<\/p>\n<p>[\/vc_column_text][vc_empty_space][vc_row_inner equal_height=&#8221;yes&#8221; gap=&#8221;10&#8243; parallax_image_attachment=&#8221;inherit&#8221;][vc_column_inner width=&#8221;5\/12&#8243;][vc_raw_html]PGRpdiBjbGFzcz0iY2JveC0zIj4KCQk8YSBocmVmPSJodHRwczovL21hbmRldmlsbGUuY29tLmhrL2NhbmFkaWFuLXByb2dyYW0vIj4KCQk8ZGl2IGNsYXNzPSJob3Zlci1vdmVybGF5Ij4KCQkJPGltZyBhbHQ9IlThu5VuZyBxdWFuIC0gxJDhuqV0IG7GsOG7m2MiIGNsYXNzPSJpbWctZmx1aWQiIHNyYz0iaHR0cHM6Ly9tYW5kZXZpbGxlLmNvbS5oay93cC1jb250ZW50L3VwbG9hZHMvMjAyMC8xMC9td2FuZ2ktZ2F0aGVjYS1xbEthTjdlcWF5OC11bnNwbGFzaC0xLUNyb3BwZWQuanBnIj48IS0tIEltYWdlIC0tPgoJCQk8ZGl2IGNsYXNzPSJpdGVtLW92ZXJsYXkiPjwvZGl2PgoJCQk8ZGl2IGNsYXNzPSJjb3VudHJ5LW5hbWUgd2hpdGUtY29sb3IiPgoJCQkJPGg1PkNhbmFkYTwvaDU+PCEtLSBUaXRsZSAtLT4KCQkJPC9kaXY+CgkJPC9kaXY+PC9hPgoJPC9kaXY+[\/vc_raw_html][\/vc_column_inner][vc_column_inner width=&#8221;1\/6&#8243;][\/vc_column_inner][vc_column_inner width=&#8221;5\/12&#8243;][vc_raw_html]PGRpdiBjbGFzcz0iY2JveC0zIj4KCTxhIGhyZWY9Imh0dHBzOi8vbWFuZGV2aWxsZS5jb20uaGsvdXNhLWViNS8iPgoJPGRpdiBjbGFzcz0iaG92ZXItb3ZlcmxheSI+CgkJPGltZyBhbHQ9IlThu5VuZyBxdWFuIC0gxJDhuqV0IG7GsOG7m2MiIGNsYXNzPSJpbWctZmx1aWQiIHNyYz0iaHR0cHM6Ly9tYW5kZXZpbGxlLmNvbS5oay93cC1jb250ZW50L3VwbG9hZHMvMjAyMC8xMC9icmFuZG9uLW1vd2lua2VsLURGMWhLZFZzbl9jLXVuc3BsYXNoLUNyb3BwZWQuanBnIj48IS0tIEltYWdlIC0tPgoJCTxkaXYgY2xhc3M9Iml0ZW0tb3ZlcmxheSI+PC9kaXY+CgkJPGRpdiBjbGFzcz0iY291bnRyeS1uYW1lIHdoaXRlLWNvbG9yIj4KCQkJPGg1PkhvYSBL4buzPC9oNT48IS0tIFRpdGxlIC0tPgoJCTwvZGl2PgoJPC9kaXY+PC9hPgo8L2Rpdj4=[\/vc_raw_html][\/vc_column_inner][\/vc_row_inner][\/vc_column][\/vc_row][vc_row parallax_image_attachment=&#8221;inherit&#8221;][vc_column][vc_empty_space][vc_empty_space][\/vc_column][\/vc_row][vc_row full_width=&#8221;stretch_row_content&#8221; enable_inner=&#8221;yes&#8221; parallax_image_attachment=&#8221;inherit&#8221;][vc_column column_inner_style=&#8221;content-boxes&#8221;][vc_column_text]<\/p>\n<h3 class=\"h5-lg grey-color\">Tin t\u1ee9c \u0110\u1ecbnh c\u01b0<\/h3>\n<p>[\/vc_column_text][vc_empty_space height=&#8221;22px&#8221;][vc_basic_grid post_type=&#8221;post&#8221; max_items=&#8221;4&#8243; element_width=&#8221;3&#8243; item=&#8221;11676&#8243; grid_id=&#8221;vc_gid:1773888910616-7be2a51e-6250-8&#8243; el_class=&#8221;blogPostsBtn equalHeight&#8221;][\/vc_column][\/vc_row][vc_row parallax_image_attachment=&#8221;inherit&#8221;][vc_column][vc_empty_space][vc_empty_space height=&#8221;15px&#8221;][\/vc_column][\/vc_row][vc_row full_width=&#8221;stretch_row&#8221; equal_height=&#8221;yes&#8221; enable_inner=&#8221;yes&#8221; parallax_image_attachment=&#8221;inherit&#8221;][vc_column width=&#8221;1\/3&#8243; offset=&#8221;vc_hidden-xs&#8221;][vc_single_image custom_src=&#8221;https:\/\/mandeville.com.hk\/wp-content\/uploads\/2020\/10\/MandevilleAssociates_logo.png&#8221; external_img_size=&#8221;medium&#8221;][vc_empty_space][vc_column_text]Ngay t\u1eeb n\u0103m 1986, \u00f4ng Fran\u00e7ois Mandeville, nh\u00e0 s\u00e1ng l\u1eadp v\u00e0 \u0111\u1ed1i t\u00e1c qu\u1ea3n l\u00fd c\u1ee7a Mandeville &amp; Associates, \u0111\u00e3 h\u1ed7 tr\u1ee3 c\u00e1c doanh nh\u00e2n di c\u01b0 th\u00f4ng qua c\u00e1c ch\u01b0\u01a1ng tr\u00ecnh \u0111\u1ecbnh c\u01b0 theo di\u1ec7n \u0111\u1ea7u t\u01b0. Mandeville &amp; Associates \u0111\u00e3 ph\u00e1t tri\u1ec3n v\u00e0 tr\u1edf th\u00e0nh m\u1ed9t trong nh\u1eefng c\u00f4ng ty ti\u00ean phong, d\u1eabn \u0111\u1ea7u trong l\u0129nh v\u1ef1c c\u00f9ng v\u1edbi uy t\u00edn ho\u00e0n h\u1ea3o.[\/vc_column_text][vc_empty_space][\/vc_column][vc_column width=&#8221;1\/3&#8243; el_class=&#8221;middleColAlign&#8221;][vc_empty_space][vc_wp_custommenu nav_menu=&#8221;28&#8243; el_class=&#8221;forceFontSize&#8221; el_id=&#8221;bottomMenu&#8221;][\/vc_column][vc_column width=&#8221;1\/3&#8243; el_class=&#8221;rightColAlign&#8221;][vc_empty_space][vc_row_inner parallax_image_attachment=&#8221;inherit&#8221; margin_bottom=&#8221;mb-0&#8243;][vc_column_inner][vc_column_text css=&#8221;&#8221; el_class=&#8221;mobileFooterContactFix&#8221;]<span class=\"fa fa-map-marker\">\u00a0<\/span><a href=\"https:\/\/goo.gl\/maps\/jX3KcxCD4xRaHhAV6\"> 902, 9\/F Winsome House, 71-73 Wyndham Street<br \/>\nCentral, Hong Kong SAR<\/a><\/p>\n<p><span class=\"fa fa-phone\">\u00a0<\/span><a href=\"tel:+85228770111\"> +852-2877-0111<\/a><\/p>\n<p><span class=\"fa fa-fax\">\u00a0<\/span><a href=\"tel:+85228770111\"> +852-2542-4409<\/a><\/p>\n<p><span class=\"fa fa-envelope\">\u00a0<\/span><a href=\"mailto: enquiry@mandeville.com.hk\"> enquiry@mandeville.com.hk<\/a>[\/vc_column_text][vc_empty_space height=&#8221;20px&#8221;][\/vc_column_inner][\/vc_row_inner][vc_raw_html el_class=&#8221;socialAlign&#8221;]PGEgaHJlZj0iaHR0cHM6Ly93d3cuZmFjZWJvb2suY29tL21hbmRldmlsbGUuYXNzb2NpYXRlcy8iIHRhcmdldD0iX2JsYW5rIj48aSBjbGFzcz0iZmEgZmEtZmFjZWJvb2siPjwvaT48L2E+CjxhIGhyZWY9Imh0dHBzOi8vd3d3LmxpbmtlZGluLmNvbS9jb21wYW55L21hbmRldmlsbGUtJmFtcDstYXNzb2NpYXRlcy1sdGQuIiB0YXJnZXQ9Il9ibGFuayI+PGkgY2xhc3M9ImZhIGZhLWxpbmtlZGluIiBzdHlsZT0ibWFyZ2luLWxlZnQ6MjVweDsiPjwvaT48L2E+[\/vc_raw_html][vc_single_image custom_src=&#8221;https:\/\/www.mandeville.com.hk\/wp-content\/uploads\/2026\/03\/EB5_IIUSA.png&#8221; el_class=&#8221;eb5_iiusa&#8221; css=&#8221;&#8221;][\/vc_column][\/vc_row]<\/p>\n<\/div>","protected":false},"excerpt":{"rendered":"<p>[vc_row full_width=&#8221;stretch_row_content_no_spaces&#8221; parallax_image_attachment=&#8221;inherit&#8221; el_id=&#8221;mainHeader&#8221;][vc_column][\/vc_column][\/vc_row][vc_row parallax_image_attachment=&#8221;inherit&#8221;][vc_column][vc_empty_space][\/vc_column][\/vc_row][vc_row full_width=&#8221;stretch_row_content&#8221; enable_inner=&#8221;yes&#8221; parallax_image_attachment=&#8221;inherit&#8221;][vc_column][vc_column_text] M\u1ede R\u1ed8NG DI CHUY\u1ec2N TO\u00c0N C\u1ea6U TRONG H\u01a0N 30 N\u0102M [\/vc_column_text][vc_empty_space][\/vc_column][\/vc_row][vc_row full_width=&#8221;stretch_row_content&#8221; enable_inner=&#8221;yes&#8221; parallax_image_attachment=&#8221;inherit&#8221; el_class=&#8221;mobileDisplayFix&#8221;][vc_column width=&#8221;1\/4&#8243; offset=&#8221;vc_col-md-6 vc_col-xs-12&#8243; el_class=&#8221;orderFirst&#8221;][vc_column_text][\/vc_column_text][\/vc_column][vc_column width=&#8221;3\/4&#8243; column_inner_style=&#8221;content-boxes&#8221; offset=&#8221;vc_col-md-8 vc_col-xs-12&#8243; el_class=&#8221;orderSecond&#8221;][vc_column_text] T\u1eeb n\u0103m 1986, Mandeville &amp; Associates \u0111\u00e3 cung&#8230;<\/p>\n","protected":false},"author":4,"featured_media":0,"parent":0,"menu_order":0,"comment_status":"closed","ping_status":"closed","template":"","meta":{"footnotes":""},"class_list":["post-16464","page","type-page","status-publish","hentry","no-post-thumbnail"],"yoast_head":"<!-- This site is optimized with the Yoast SEO plugin v27.5 - https:\/\/yoast.com\/product\/yoast-seo-wordpress\/ -->\n<title>Mandeville &amp; Associates<\/title>\n<meta name=\"robots\" content=\"index, follow, max-snippet:-1, max-image-preview:large, max-video-preview:-1\" \/>\n<link rel=\"canonical\" href=\"https:\/\/www.mandeville.com.hk\/vi\/\" \/>\n<meta property=\"og:locale\" content=\"vi_VN\" \/>\n<meta property=\"og:type\" content=\"article\" \/>\n<meta property=\"og:title\" content=\"Mandeville &amp; Associates\" \/>\n<meta property=\"og:description\" content=\"[vc_row full_width=&#8221;stretch_row_content_no_spaces&#8221; parallax_image_attachment=&#8221;inherit&#8221; el_id=&#8221;mainHeader&#8221;][vc_column][\/vc_column][\/vc_row][vc_row parallax_image_attachment=&#8221;inherit&#8221;][vc_column][vc_empty_space][\/vc_column][\/vc_row][vc_row full_width=&#8221;stretch_row_content&#8221; enable_inner=&#8221;yes&#8221; parallax_image_attachment=&#8221;inherit&#8221;][vc_column][vc_column_text] M\u1ede R\u1ed8NG DI CHUY\u1ec2N TO\u00c0N C\u1ea6U TRONG H\u01a0N 30 N\u0102M [\/vc_column_text][vc_empty_space][\/vc_column][\/vc_row][vc_row full_width=&#8221;stretch_row_content&#8221; enable_inner=&#8221;yes&#8221; parallax_image_attachment=&#8221;inherit&#8221; el_class=&#8221;mobileDisplayFix&#8221;][vc_column width=&#8221;1\/4&#8243; offset=&#8221;vc_col-md-6 vc_col-xs-12&#8243; el_class=&#8221;orderFirst&#8221;][vc_column_text][\/vc_column_text][\/vc_column][vc_column width=&#8221;3\/4&#8243; column_inner_style=&#8221;content-boxes&#8221; offset=&#8221;vc_col-md-8 vc_col-xs-12&#8243; el_class=&#8221;orderSecond&#8221;][vc_column_text] T\u1eeb n\u0103m 1986, Mandeville &amp; Associates \u0111\u00e3 cung...\" \/>\n<meta property=\"og:url\" content=\"https:\/\/www.mandeville.com.hk\/vi\/\" \/>\n<meta property=\"og:site_name\" content=\"Mandeville &amp; Associates\" \/>\n<meta property=\"article:modified_time\" content=\"2026-03-19T02:55:25+00:00\" \/>\n<meta name=\"twitter:card\" content=\"summary_large_image\" \/>\n<meta name=\"twitter:label1\" content=\"Est. reading time\" \/>\n\t<meta name=\"twitter:data1\" content=\"2 minutes\" \/>\n<script type=\"application\/ld+json\" class=\"yoast-schema-graph\">{\"@context\":\"https:\\\/\\\/schema.org\",\"@graph\":[{\"@type\":\"WebPage\",\"@id\":\"https:\\\/\\\/www.mandeville.com.hk\\\/vi\\\/\",\"url\":\"https:\\\/\\\/www.mandeville.com.hk\\\/vi\\\/\",\"name\":\"Mandeville &amp; Associates\",\"isPartOf\":{\"@id\":\"https:\\\/\\\/www.mandeville.com.hk\\\/vi\\\/#website\"},\"datePublished\":\"2020-10-14T08:46:30+00:00\",\"dateModified\":\"2026-03-19T02:55:25+00:00\",\"breadcrumb\":{\"@id\":\"https:\\\/\\\/www.mandeville.com.hk\\\/vi\\\/#breadcrumb\"},\"inLanguage\":\"vi-VN\",\"potentialAction\":[{\"@type\":\"ReadAction\",\"target\":[\"https:\\\/\\\/www.mandeville.com.hk\\\/vi\\\/\"]}]},{\"@type\":\"BreadcrumbList\",\"@id\":\"https:\\\/\\\/www.mandeville.com.hk\\\/vi\\\/#breadcrumb\",\"itemListElement\":[{\"@type\":\"ListItem\",\"position\":1,\"name\":\"Home\",\"item\":\"https:\\\/\\\/www.mandeville.com.hk\\\/vi\\\/\"},{\"@type\":\"ListItem\",\"position\":2,\"name\":\"Trang Ch\u1ee7\"}]},{\"@type\":\"WebSite\",\"@id\":\"https:\\\/\\\/www.mandeville.com.hk\\\/vi\\\/#website\",\"url\":\"https:\\\/\\\/www.mandeville.com.hk\\\/vi\\\/\",\"name\":\"Mandeville &amp; Associates\",\"description\":\"\",\"potentialAction\":[{\"@type\":\"SearchAction\",\"target\":{\"@type\":\"EntryPoint\",\"urlTemplate\":\"https:\\\/\\\/www.mandeville.com.hk\\\/vi\\\/?s={search_term_string}\"},\"query-input\":{\"@type\":\"PropertyValueSpecification\",\"valueRequired\":true,\"valueName\":\"search_term_string\"}}],\"inLanguage\":\"vi-VN\"}]}<\/script>\n<!-- \/ Yoast SEO plugin. -->","yoast_head_json":{"title":"Mandeville &amp; Associates","robots":{"index":"index","follow":"follow","max-snippet":"max-snippet:-1","max-image-preview":"max-image-preview:large","max-video-preview":"max-video-preview:-1"},"canonical":"https:\/\/www.mandeville.com.hk\/vi\/","og_locale":"vi_VN","og_type":"article","og_title":"Mandeville &amp; Associates","og_description":"[vc_row full_width=&#8221;stretch_row_content_no_spaces&#8221; parallax_image_attachment=&#8221;inherit&#8221; el_id=&#8221;mainHeader&#8221;][vc_column][\/vc_column][\/vc_row][vc_row parallax_image_attachment=&#8221;inherit&#8221;][vc_column][vc_empty_space][\/vc_column][\/vc_row][vc_row full_width=&#8221;stretch_row_content&#8221; enable_inner=&#8221;yes&#8221; parallax_image_attachment=&#8221;inherit&#8221;][vc_column][vc_column_text] M\u1ede R\u1ed8NG DI CHUY\u1ec2N TO\u00c0N C\u1ea6U TRONG H\u01a0N 30 N\u0102M [\/vc_column_text][vc_empty_space][\/vc_column][\/vc_row][vc_row full_width=&#8221;stretch_row_content&#8221; enable_inner=&#8221;yes&#8221; parallax_image_attachment=&#8221;inherit&#8221; el_class=&#8221;mobileDisplayFix&#8221;][vc_column width=&#8221;1\/4&#8243; offset=&#8221;vc_col-md-6 vc_col-xs-12&#8243; el_class=&#8221;orderFirst&#8221;][vc_column_text][\/vc_column_text][\/vc_column][vc_column width=&#8221;3\/4&#8243; column_inner_style=&#8221;content-boxes&#8221; offset=&#8221;vc_col-md-8 vc_col-xs-12&#8243; el_class=&#8221;orderSecond&#8221;][vc_column_text] T\u1eeb n\u0103m 1986, Mandeville &amp; Associates \u0111\u00e3 cung...","og_url":"https:\/\/www.mandeville.com.hk\/vi\/","og_site_name":"Mandeville &amp; Associates","article_modified_time":"2026-03-19T02:55:25+00:00","twitter_card":"summary_large_image","twitter_misc":{"Est. reading time":"2 minutes"},"schema":{"@context":"https:\/\/schema.org","@graph":[{"@type":"WebPage","@id":"https:\/\/www.mandeville.com.hk\/vi\/","url":"https:\/\/www.mandeville.com.hk\/vi\/","name":"Mandeville &amp; Associates","isPartOf":{"@id":"https:\/\/www.mandeville.com.hk\/vi\/#website"},"datePublished":"2020-10-14T08:46:30+00:00","dateModified":"2026-03-19T02:55:25+00:00","breadcrumb":{"@id":"https:\/\/www.mandeville.com.hk\/vi\/#breadcrumb"},"inLanguage":"vi-VN","potentialAction":[{"@type":"ReadAction","target":["https:\/\/www.mandeville.com.hk\/vi\/"]}]},{"@type":"BreadcrumbList","@id":"https:\/\/www.mandeville.com.hk\/vi\/#breadcrumb","itemListElement":[{"@type":"ListItem","position":1,"name":"Home","item":"https:\/\/www.mandeville.com.hk\/vi\/"},{"@type":"ListItem","position":2,"name":"Trang Ch\u1ee7"}]},{"@type":"WebSite","@id":"https:\/\/www.mandeville.com.hk\/vi\/#website","url":"https:\/\/www.mandeville.com.hk\/vi\/","name":"Mandeville &amp; Associates","description":"","potentialAction":[{"@type":"SearchAction","target":{"@type":"EntryPoint","urlTemplate":"https:\/\/www.mandeville.com.hk\/vi\/?s={search_term_string}"},"query-input":{"@type":"PropertyValueSpecification","valueRequired":true,"valueName":"search_term_string"}}],"inLanguage":"vi-VN"}]}},"_links":{"self":[{"href":"https:\/\/www.mandeville.com.hk\/vi\/wp-json\/wp\/v2\/pages\/16464","targetHints":{"allow":["GET"]}}],"collection":[{"href":"https:\/\/www.mandeville.com.hk\/vi\/wp-json\/wp\/v2\/pages"}],"about":[{"href":"https:\/\/www.mandeville.com.hk\/vi\/wp-json\/wp\/v2\/types\/page"}],"author":[{"embeddable":true,"href":"https:\/\/www.mandeville.com.hk\/vi\/wp-json\/wp\/v2\/users\/4"}],"replies":[{"embeddable":true,"href":"https:\/\/www.mandeville.com.hk\/vi\/wp-json\/wp\/v2\/comments?post=16464"}],"version-history":[{"count":8,"href":"https:\/\/www.mandeville.com.hk\/vi\/wp-json\/wp\/v2\/pages\/16464\/revisions"}],"predecessor-version":[{"id":16707,"href":"https:\/\/www.mandeville.com.hk\/vi\/wp-json\/wp\/v2\/pages\/16464\/revisions\/16707"}],"wp:attachment":[{"href":"https:\/\/www.mandeville.com.hk\/vi\/wp-json\/wp\/v2\/media?parent=16464"}],"curies":[{"name":"wp","href":"https:\/\/api.w.org\/{rel}","templated":true}]}}